{"id":19980,"date":"2026-04-18T17:50:47","date_gmt":"2026-04-18T15:50:47","guid":{"rendered":"https:\/\/parapharmacieenligne.ma\/?post_type=product&#038;p=19980"},"modified":"2026-04-18T17:51:03","modified_gmt":"2026-04-18T15:51:03","slug":"the-ordinary-retinol-0-2-in-squalane-30-ml","status":"publish","type":"product","link":"https:\/\/parapharmacieenligne.ma\/en\/product\/the-ordinary-retinol-0-2-in-squalane-30-ml\/","title":{"rendered":"THE ORDINARY RETINOL 0.2% IN SQUALANE 30 ML"},"content":{"rendered":"<p>The Ordinary R\u00e9tinol 0,2 % dans du Squalane est une solution sans eau qui contient 0,2 % de r\u00e9tinol pur, un ingr\u00e9dient qui peut r\u00e9duire l&rsquo;apparence des ridules du vieillissement g\u00e9n\u00e9ral de la peau.<\/p>\n<p>Alors que le r\u00e9tinol a fait l&rsquo;objet d&rsquo;\u00e9tudes approfondies, il est irritant pour la peau et il existe des technologies plus r\u00e9centes qui imitent les effets visibles du r\u00e9tinol sans causer d&rsquo;irritation de la peau.<br \/>\nPour cette raison, The Ordinary recommande g\u00e9n\u00e9ralement d&rsquo;utiliser Granactive Retinoid 2 % ou Granactive Retinoid 5 % au lieu de cette formule.<\/p>\n<p>Sans eau, sans alcool, sans silicone, sans noix, sans gluten, sans soja<br \/>\nVegan &amp; Cruelty free<\/p>\n<p>Appliquez une petite quantit\u00e9 de The Ordinary R\u00e9tinol 0,2% dans du Squalane sur le visage le soir dans le cadre de votre routine de soin, apr\u00e8s les s\u00e9rums d&rsquo;eau mais avant les traitements plus lourds. Ne pas utiliser avec d&rsquo;autres traitements r\u00e9tino\u00efdes. \u00c9vitez l&rsquo;exposition solaire non prot\u00e9g\u00e9e. Conservez dans un endroit frais et sec.<\/p>","protected":false},"excerpt":{"rendered":"<p>The Ordinary R\u00e9tinol 0,2 % dans du Squalane est une solution sans eau qui contient 0,2 % de r\u00e9tinol pur, un ingr\u00e9dient&hellip;<\/p>","protected":false},"featured_media":19979,"comment_status":"open","ping_status":"closed","template":"","meta":[],"product_cat":[90],"product_tag":[],"yith_product_brand":[219],"class_list":{"0":"post-19980","1":"product","2":"type-product","3":"status-publish","4":"has-post-thumbnail","6":"product_cat-americains","7":"yith_product_brand-the-ordinary","9":"first","10":"instock","11":"shipping-taxable","12":"purchasable","13":"product-type-simple"},"_links":{"self":[{"href":"https:\/\/parapharmacieenligne.ma\/en\/wp-json\/wp\/v2\/product\/19980","targetHints":{"allow":["GET"]}}],"collection":[{"href":"https:\/\/parapharmacieenligne.ma\/en\/wp-json\/wp\/v2\/product"}],"about":[{"href":"https:\/\/parapharmacieenligne.ma\/en\/wp-json\/wp\/v2\/types\/product"}],"replies":[{"embeddable":true,"href":"https:\/\/parapharmacieenligne.ma\/en\/wp-json\/wp\/v2\/comments?post=19980"}],"version-history":[{"count":1,"href":"https:\/\/parapharmacieenligne.ma\/en\/wp-json\/wp\/v2\/product\/19980\/revisions"}],"predecessor-version":[{"id":19981,"href":"https:\/\/parapharmacieenligne.ma\/en\/wp-json\/wp\/v2\/product\/19980\/revisions\/19981"}],"wp:featuredmedia":[{"embeddable":true,"href":"https:\/\/parapharmacieenligne.ma\/en\/wp-json\/wp\/v2\/media\/19979"}],"wp:attachment":[{"href":"https:\/\/parapharmacieenligne.ma\/en\/wp-json\/wp\/v2\/media?parent=19980"}],"wp:term":[{"taxonomy":"product_cat","embeddable":true,"href":"https:\/\/parapharmacieenligne.ma\/en\/wp-json\/wp\/v2\/product_cat?post=19980"},{"taxonomy":"product_tag","embeddable":true,"href":"https:\/\/parapharmacieenligne.ma\/en\/wp-json\/wp\/v2\/product_tag?post=19980"},{"taxonomy":"yith_product_brand","embeddable":true,"href":"https:\/\/parapharmacieenligne.ma\/en\/wp-json\/wp\/v2\/yith_product_brand?post=19980"}],"curies":[{"name":"wp","href":"https:\/\/api.w.org\/{rel}","templated":true}]}}