{"id":19983,"date":"2026-04-18T17:51:11","date_gmt":"2026-04-18T15:51:11","guid":{"rendered":"https:\/\/parapharmacieenligne.ma\/?post_type=product&#038;p=19983"},"modified":"2026-04-18T17:51:22","modified_gmt":"2026-04-18T15:51:22","slug":"the-ordinary-granactive-retinoid-2-emulsion","status":"publish","type":"product","link":"https:\/\/parapharmacieenligne.ma\/en\/product\/the-ordinary-granactive-retinoid-2-emulsion\/","title":{"rendered":"THE ORDINARY GRANACTIVE RETINOID 2% EMULSION"},"content":{"rendered":"<p>The Ordinary \u00c9mulsion de Granative R\u00e9tino\u00efde 2% &#8211; une \u00e9mulsion stable de formes de r\u00e9tino\u00efde de prochaine g\u00e9n\u00e9ration.<\/p>\n<p>Cette formulation combine deux formes d&rsquo;actifs r\u00e9tino\u00efques de nouvelle g\u00e9n\u00e9ration \u00e0 une concentration combin\u00e9e de 2% en poids.<\/p>\n<p>Ces deux actifs sont:<br \/>\n&#8211; Hydroxypinacolone solubilis\u00e9: le r\u00e9tinoate est une forme tr\u00e8s avanc\u00e9e de r\u00e9tino\u00efde qui est, en fait, un ester sans ordonnance d&rsquo;acide r\u00e9tino\u00efque qui offre un meilleur effet contre les signes du vieillissement que le r\u00e9tinol, le palmitate de r\u00e9tinyle et presque toutes les autres formes de r\u00e9tino\u00efdes en vente libre;<br \/>\n&#8211; Une forme \u00e0 lib\u00e9ration prolong\u00e9e de r\u00e9tinol pur dans un syst\u00e8me de capsule protectrice qui prend en charge \u00e0 la fois l&rsquo;administration et l&rsquo;effet du r\u00e9tinoate d&rsquo;hydroxypinacolone solubilis\u00e9.<\/p>\n<p>Les deux formes de r\u00e9tino\u00efdes utilis\u00e9es \u00e9vitent l&rsquo;irritation associ\u00e9e \u00e0 l&rsquo;utilisation des r\u00e9tino\u00efdes (y compris le r\u00e9tinol) tout en offrant de meilleurs r\u00e9sultats visibles contre les signes du vieillissement.<\/p>\n<p>Sans alcool, sans huile, sans silicone, sans noix, v\u00e9g\u00e9talien, sans gluten, sans soja, non test\u00e9 sur animaux.<\/p>\n<p>Conseils d&rsquo;utilisation<\/p>\n<p>Appliquer quelques gouttes de The Ordinary \u00c9mulsion de Granative R\u00e9tino\u00efde 2% sur le visage le soir dans le cadre de votre routine de soins de la peau. Ne pas utiliser avec d&rsquo;autres traitements r\u00e9tino\u00efdes. Utiliser une protection solaire le matin.<\/p>","protected":false},"excerpt":{"rendered":"<p>The Ordinary \u00c9mulsion de Granative R\u00e9tino\u00efde 2% &#8211; une \u00e9mulsion stable de formes de r\u00e9tino\u00efde de prochaine g\u00e9n\u00e9ration. Cette formulation combine deux&hellip;<\/p>","protected":false},"featured_media":19982,"comment_status":"open","ping_status":"closed","template":"","meta":[],"product_cat":[90],"product_tag":[],"yith_product_brand":[219],"class_list":{"0":"post-19983","1":"product","2":"type-product","3":"status-publish","4":"has-post-thumbnail","6":"product_cat-americains","7":"yith_product_brand-the-ordinary","9":"first","10":"instock","11":"shipping-taxable","12":"purchasable","13":"product-type-simple"},"_links":{"self":[{"href":"https:\/\/parapharmacieenligne.ma\/en\/wp-json\/wp\/v2\/product\/19983","targetHints":{"allow":["GET"]}}],"collection":[{"href":"https:\/\/parapharmacieenligne.ma\/en\/wp-json\/wp\/v2\/product"}],"about":[{"href":"https:\/\/parapharmacieenligne.ma\/en\/wp-json\/wp\/v2\/types\/product"}],"replies":[{"embeddable":true,"href":"https:\/\/parapharmacieenligne.ma\/en\/wp-json\/wp\/v2\/comments?post=19983"}],"version-history":[{"count":1,"href":"https:\/\/parapharmacieenligne.ma\/en\/wp-json\/wp\/v2\/product\/19983\/revisions"}],"predecessor-version":[{"id":19984,"href":"https:\/\/parapharmacieenligne.ma\/en\/wp-json\/wp\/v2\/product\/19983\/revisions\/19984"}],"wp:featuredmedia":[{"embeddable":true,"href":"https:\/\/parapharmacieenligne.ma\/en\/wp-json\/wp\/v2\/media\/19982"}],"wp:attachment":[{"href":"https:\/\/parapharmacieenligne.ma\/en\/wp-json\/wp\/v2\/media?parent=19983"}],"wp:term":[{"taxonomy":"product_cat","embeddable":true,"href":"https:\/\/parapharmacieenligne.ma\/en\/wp-json\/wp\/v2\/product_cat?post=19983"},{"taxonomy":"product_tag","embeddable":true,"href":"https:\/\/parapharmacieenligne.ma\/en\/wp-json\/wp\/v2\/product_tag?post=19983"},{"taxonomy":"yith_product_brand","embeddable":true,"href":"https:\/\/parapharmacieenligne.ma\/en\/wp-json\/wp\/v2\/yith_product_brand?post=19983"}],"curies":[{"name":"wp","href":"https:\/\/api.w.org\/{rel}","templated":true}]}}