{"id":19986,"date":"2026-04-18T17:51:30","date_gmt":"2026-04-18T15:51:30","guid":{"rendered":"https:\/\/parapharmacieenligne.ma\/?post_type=product&#038;p=19986"},"modified":"2026-04-18T17:51:39","modified_gmt":"2026-04-18T15:51:39","slug":"the-ordinary-retinol-0-5-in-squalane-30-ml","status":"publish","type":"product","link":"https:\/\/parapharmacieenligne.ma\/en\/product\/the-ordinary-retinol-0-5-in-squalane-30-ml\/","title":{"rendered":"THE ORDINARY RETINOL 0.5% IN SQUALANE 30 ML"},"content":{"rendered":"<p>Cette solution sans eau contient 0,5 % de r\u00e9tinol pur, un ingr\u00e9dient capable de r\u00e9duire l&rsquo;apparence des ridules, des dommages photographiques et du vieillissement g\u00e9n\u00e9ral de la peau.<br \/>\nBien que le r\u00e9tinol ait \u00e9t\u00e9 \u00e9tudi\u00e9 de mani\u00e8re approfondie, il est irritant pour la peau et de nouvelles technologies existent qui imitent les effets visibles du r\u00e9tinol sans provoquer d&rsquo;irritation de la peau. Pour cette raison, nous recommandons g\u00e9n\u00e9ralement d&rsquo;utiliser Granactive Retinoid 2 % ou Granactive Retinoid 5 % au lieu de cette formule.<\/p>\n<p>Sans eau, sans alcool, sans silicone, sans noix et sans gluten<br \/>\nVegan &amp; Cruelty free<\/p>","protected":false},"excerpt":{"rendered":"<p>Cette solution sans eau contient 0,5 % de r\u00e9tinol pur, un ingr\u00e9dient capable de r\u00e9duire l&rsquo;apparence des ridules, des dommages photographiques et&hellip;<\/p>","protected":false},"featured_media":19985,"comment_status":"open","ping_status":"closed","template":"","meta":[],"product_cat":[90],"product_tag":[],"yith_product_brand":[219],"class_list":{"0":"post-19986","1":"product","2":"type-product","3":"status-publish","4":"has-post-thumbnail","6":"product_cat-americains","7":"yith_product_brand-the-ordinary","9":"first","10":"instock","11":"shipping-taxable","12":"purchasable","13":"product-type-simple"},"_links":{"self":[{"href":"https:\/\/parapharmacieenligne.ma\/en\/wp-json\/wp\/v2\/product\/19986","targetHints":{"allow":["GET"]}}],"collection":[{"href":"https:\/\/parapharmacieenligne.ma\/en\/wp-json\/wp\/v2\/product"}],"about":[{"href":"https:\/\/parapharmacieenligne.ma\/en\/wp-json\/wp\/v2\/types\/product"}],"replies":[{"embeddable":true,"href":"https:\/\/parapharmacieenligne.ma\/en\/wp-json\/wp\/v2\/comments?post=19986"}],"version-history":[{"count":1,"href":"https:\/\/parapharmacieenligne.ma\/en\/wp-json\/wp\/v2\/product\/19986\/revisions"}],"predecessor-version":[{"id":19987,"href":"https:\/\/parapharmacieenligne.ma\/en\/wp-json\/wp\/v2\/product\/19986\/revisions\/19987"}],"wp:featuredmedia":[{"embeddable":true,"href":"https:\/\/parapharmacieenligne.ma\/en\/wp-json\/wp\/v2\/media\/19985"}],"wp:attachment":[{"href":"https:\/\/parapharmacieenligne.ma\/en\/wp-json\/wp\/v2\/media?parent=19986"}],"wp:term":[{"taxonomy":"product_cat","embeddable":true,"href":"https:\/\/parapharmacieenligne.ma\/en\/wp-json\/wp\/v2\/product_cat?post=19986"},{"taxonomy":"product_tag","embeddable":true,"href":"https:\/\/parapharmacieenligne.ma\/en\/wp-json\/wp\/v2\/product_tag?post=19986"},{"taxonomy":"yith_product_brand","embeddable":true,"href":"https:\/\/parapharmacieenligne.ma\/en\/wp-json\/wp\/v2\/yith_product_brand?post=19986"}],"curies":[{"name":"wp","href":"https:\/\/api.w.org\/{rel}","templated":true}]}}