{"id":19989,"date":"2026-04-18T17:51:47","date_gmt":"2026-04-18T15:51:47","guid":{"rendered":"https:\/\/parapharmacieenligne.ma\/?post_type=product&#038;p=19989"},"modified":"2026-04-18T17:51:54","modified_gmt":"2026-04-18T15:51:54","slug":"the-ordinary-hyaluronic-acid-2-b5-30-ml","status":"publish","type":"product","link":"https:\/\/parapharmacieenligne.ma\/en\/product\/the-ordinary-hyaluronic-acid-2-b5-30-ml\/","title":{"rendered":"THE ORDINARY HYALURONIC ACID 2% + B5 30 ML"},"content":{"rendered":"<p>The Ordinary Acide Hyaluronique 2% + B5 est une formule de support d\u2019hydratation avec de l\u2019acide hyaluronique vegan ultra-pure.L\u2019acide hyaluronique (HA) peut attirer jusqu\u2019\u00e0 1000 fois son poids dans l\u2019eau. La taille mol\u00e9culaire de HA d\u00e9termine sa profondeur d\u2019administration dans la peau. Cette formulation combine des HA de poids mol\u00e9culaire faible, moyen et \u00e9lev\u00e9, ainsi qu\u2019un crosspolym\u00e8re HA de nouvelle g\u00e9n\u00e9ration \u00e0 une concentration combin\u00e9e de 2% pour une hydratation multi-profondeur dans une formule sans huile. Ce syst\u00e8me est soutenu par l\u2019ajout de vitamine B5 qui am\u00e9liore \u00e9galement l\u2019hydratation de la surface. Sans alcool, sans silicone, sans noix, v\u00e9g\u00e9talien, non test\u00e9 sur les animaux.<\/p>\n<p>Conseils d\u2019utilisation :<\/p>\n<p>Appliquez quelques gouttes de The Ordinary Acide Hyaluronique 2% + B5 sur le visage matin et soir avant les cr\u00e8mes.<\/p>","protected":false},"excerpt":{"rendered":"<p>The Ordinary Acide Hyaluronique 2% + B5 est une formule de support d\u2019hydratation avec de l\u2019acide hyaluronique vegan ultra-pure.L\u2019acide hyaluronique (HA) peut&hellip;<\/p>","protected":false},"featured_media":19988,"comment_status":"open","ping_status":"closed","template":"","meta":[],"product_cat":[90],"product_tag":[],"yith_product_brand":[219],"class_list":{"0":"post-19989","1":"product","2":"type-product","3":"status-publish","4":"has-post-thumbnail","6":"product_cat-americains","7":"yith_product_brand-the-ordinary","9":"first","10":"instock","11":"shipping-taxable","12":"purchasable","13":"product-type-simple"},"_links":{"self":[{"href":"https:\/\/parapharmacieenligne.ma\/en\/wp-json\/wp\/v2\/product\/19989","targetHints":{"allow":["GET"]}}],"collection":[{"href":"https:\/\/parapharmacieenligne.ma\/en\/wp-json\/wp\/v2\/product"}],"about":[{"href":"https:\/\/parapharmacieenligne.ma\/en\/wp-json\/wp\/v2\/types\/product"}],"replies":[{"embeddable":true,"href":"https:\/\/parapharmacieenligne.ma\/en\/wp-json\/wp\/v2\/comments?post=19989"}],"version-history":[{"count":1,"href":"https:\/\/parapharmacieenligne.ma\/en\/wp-json\/wp\/v2\/product\/19989\/revisions"}],"predecessor-version":[{"id":19990,"href":"https:\/\/parapharmacieenligne.ma\/en\/wp-json\/wp\/v2\/product\/19989\/revisions\/19990"}],"wp:featuredmedia":[{"embeddable":true,"href":"https:\/\/parapharmacieenligne.ma\/en\/wp-json\/wp\/v2\/media\/19988"}],"wp:attachment":[{"href":"https:\/\/parapharmacieenligne.ma\/en\/wp-json\/wp\/v2\/media?parent=19989"}],"wp:term":[{"taxonomy":"product_cat","embeddable":true,"href":"https:\/\/parapharmacieenligne.ma\/en\/wp-json\/wp\/v2\/product_cat?post=19989"},{"taxonomy":"product_tag","embeddable":true,"href":"https:\/\/parapharmacieenligne.ma\/en\/wp-json\/wp\/v2\/product_tag?post=19989"},{"taxonomy":"yith_product_brand","embeddable":true,"href":"https:\/\/parapharmacieenligne.ma\/en\/wp-json\/wp\/v2\/yith_product_brand?post=19989"}],"curies":[{"name":"wp","href":"https:\/\/api.w.org\/{rel}","templated":true}]}}