{"id":19992,"date":"2026-04-18T17:52:03","date_gmt":"2026-04-18T15:52:03","guid":{"rendered":"https:\/\/parapharmacieenligne.ma\/?post_type=product&#038;p=19992"},"modified":"2026-04-18T17:52:13","modified_gmt":"2026-04-18T15:52:13","slug":"the-ordinary-glycolic-acid-7-exfoliating-toner-240-ml-ph-3-6","status":"publish","type":"product","link":"https:\/\/parapharmacieenligne.ma\/en\/product\/the-ordinary-glycolic-acid-7-exfoliating-toner-240-ml-ph-3-6\/","title":{"rendered":"THE ORDINARY GLYCOLIC ACID 7% EXFOLIATING TONER 240 ML PH 3.6"},"content":{"rendered":"<p>Son action exfoliante permet non seulement de booster l&rsquo;\u00e9clat naturel de votre peau, mais \u00e9galement d&rsquo;am\u00e9liorer sa clart\u00e9 et son uniformit\u00e9. Contrairement \u00e0 d&rsquo;autres produits exfoliants plus agressifs, cette formule est con\u00e7ue pour minimiser l&rsquo;irritation souvent associ\u00e9e \u00e0 l&rsquo;acide glycolique. En effet, elle contient un d\u00e9riv\u00e9 de poivre bleu de Tasmanie, reconnu pour ses propri\u00e9t\u00e9s apaisantes et anti-inflammatoires, qui aide \u00e0 calmer la peau et \u00e0 r\u00e9duire les rougeurs.<\/p>\n<p>De plus, la pr\u00e9sence d&rsquo;extraits de racine de ginseng et d&rsquo;aloe vera renforce cette action en apportant des bienfaits apaisants et hydratants. Le ginseng stimule l&rsquo;\u00e9clat naturel, tandis que l&rsquo;aloe vera apaise la peau, la laissant douce et rafra\u00eechie apr\u00e8s chaque utilisation. Utilis\u00e9e quotidiennement, cette solution tonifiante exfolie d\u00e9licatement la surface de la peau, offrant une am\u00e9lioration visible de la texture et une apparence plus uniforme.<\/p>\n<p>Composition<\/p>\n<p>-Glycolic Acid: An alpha hydroxyl acid that exfoliates the skin.<\/p>\n<p>-Tasmanian Pepperberry Derivative: Helps reduce irritation associated with acid use.<\/p>\n<p>-Ginseng Root and Aloe Vera: Offer both visible radiance and soothing benefits.<\/p>\n<p>Water, Glycolic Acid, Rosa damascena flower water, Centaurea cyanus flower water, Aloe Barbadensis Leaf Water, Propanediol, Glycerin, Triethanolamine, Aminomethyl Propanol, Panax Ginseng Root Extract, Tasmannia Lanceolata Fruit\/Leaf Extract, Aspartic Acid, Alanine, Glycine, Serine, Valine, Isoleucine, Proline, Threonine, Histidine, Phenylalanine, Glutamic Acid, Arginine, PCA, Sodium PCA, Sodium Lactate, Fructose, Glucose, Sucrose, Urea, Hexyl Nicotinate, Dextrin, Citric Acid, Polysorbate 20, Gellan Gum, Trisodium Ethylenediamine Disuccinate, Sodium Chloride, Hexylene Glycol, Potassium Sorbate, Sodium Benzoate, 1,2-Hexanediol, Caprylyl Glycol.<\/p>\n<p>Cette liste d&rsquo;ingr\u00e9dients peut faire l&rsquo;objet de modifications, veuillez consulter l&#8217;emballage du produit achet\u00e9.<\/p>\n<p>Conseils d\u2019utilisation<\/p>\n<p>Utilisez ide\u0301alement le soir, seulement une fois par jour. Imbibez un coton de solution et passez-le sur le visage et le cou apre\u0300s avoir nettoye\u0301 la peau.<\/p>\n<p>Cette formule ne doit pas e\u0302tre utilise\u0301e sur une peau sensible, abi\u0302me\u0301e ou une peau qui pe\u0300le. E\u0301vitez le contact avec les yeux et le contour des yeux.<\/p>\n<p>Ne pas rincer. Appliquez ensuite vos soins supple\u0301mentaires.<\/p>\n<p>Limiter la fre\u0301quence et la dure\u0301e d&rsquo;utilisation. En cas d&rsquo;irritation, cesser l&rsquo;utilisation et consulter un me\u0301decin.<\/p>\n<p>Utiliser uniquement conforme\u0301ment au mode d&#8217;emploi sur une peau intacte. Il est conseille\u0301 d&rsquo;effectuer un test cutane\u0301 avant l&rsquo;utilisation. Pour un guide de\u0301taille\u0301 sur la proce\u0301dure a\u0300 suivre pour effectuer un test cutane\u0301, consulter le site Internet de DECIEM.<\/p>\n<p>Garder hors de porte\u0301e des enfants.<\/p>","protected":false},"excerpt":{"rendered":"<p>Son action exfoliante permet non seulement de booster l&rsquo;\u00e9clat naturel de votre peau, mais \u00e9galement d&rsquo;am\u00e9liorer sa clart\u00e9 et son uniformit\u00e9. Contrairement&hellip;<\/p>","protected":false},"featured_media":19991,"comment_status":"open","ping_status":"closed","template":"","meta":[],"product_cat":[90],"product_tag":[],"yith_product_brand":[219],"class_list":{"0":"post-19992","1":"product","2":"type-product","3":"status-publish","4":"has-post-thumbnail","6":"product_cat-americains","7":"yith_product_brand-the-ordinary","9":"first","10":"instock","11":"shipping-taxable","12":"purchasable","13":"product-type-simple"},"_links":{"self":[{"href":"https:\/\/parapharmacieenligne.ma\/en\/wp-json\/wp\/v2\/product\/19992","targetHints":{"allow":["GET"]}}],"collection":[{"href":"https:\/\/parapharmacieenligne.ma\/en\/wp-json\/wp\/v2\/product"}],"about":[{"href":"https:\/\/parapharmacieenligne.ma\/en\/wp-json\/wp\/v2\/types\/product"}],"replies":[{"embeddable":true,"href":"https:\/\/parapharmacieenligne.ma\/en\/wp-json\/wp\/v2\/comments?post=19992"}],"version-history":[{"count":1,"href":"https:\/\/parapharmacieenligne.ma\/en\/wp-json\/wp\/v2\/product\/19992\/revisions"}],"predecessor-version":[{"id":19993,"href":"https:\/\/parapharmacieenligne.ma\/en\/wp-json\/wp\/v2\/product\/19992\/revisions\/19993"}],"wp:featuredmedia":[{"embeddable":true,"href":"https:\/\/parapharmacieenligne.ma\/en\/wp-json\/wp\/v2\/media\/19991"}],"wp:attachment":[{"href":"https:\/\/parapharmacieenligne.ma\/en\/wp-json\/wp\/v2\/media?parent=19992"}],"wp:term":[{"taxonomy":"product_cat","embeddable":true,"href":"https:\/\/parapharmacieenligne.ma\/en\/wp-json\/wp\/v2\/product_cat?post=19992"},{"taxonomy":"product_tag","embeddable":true,"href":"https:\/\/parapharmacieenligne.ma\/en\/wp-json\/wp\/v2\/product_tag?post=19992"},{"taxonomy":"yith_product_brand","embeddable":true,"href":"https:\/\/parapharmacieenligne.ma\/en\/wp-json\/wp\/v2\/yith_product_brand?post=19992"}],"curies":[{"name":"wp","href":"https:\/\/api.w.org\/{rel}","templated":true}]}}