{"id":19995,"date":"2026-04-18T17:52:20","date_gmt":"2026-04-18T15:52:20","guid":{"rendered":"https:\/\/parapharmacieenligne.ma\/?post_type=product&#038;p=19995"},"modified":"2026-04-18T17:52:27","modified_gmt":"2026-04-18T15:52:27","slug":"the-ordinary-saccharomyces-ferment-30-milky-toner-100-ml","status":"publish","type":"product","link":"https:\/\/parapharmacieenligne.ma\/en\/product\/the-ordinary-saccharomyces-ferment-30-milky-toner-100-ml\/","title":{"rendered":"THE ORDINARY SACCHAROMYCES FERMENT 30 MILKY TONER 100 ML"},"content":{"rendered":"<p>Le Tonique Lact\u00e9 Saccharomyces Ferment 30 % de The Ordinary est l&rsquo;alli\u00e9 parfait pour sublimer votre routine de soins. Infus\u00e9 avec 30 % de ferment Saccharomyces, ce tonique innovant et doux revitalise, hydrate et apaise instantan\u00e9ment la peau. Sa texture lact\u00e9e l\u00e9g\u00e8re se fond d\u00e9licatement, procurant une sensation de fra\u00eecheur et laissant votre peau visiblement \u00e9quilibr\u00e9e et \u00e9clatante. Con\u00e7u pour une utilisation quotidienne, il pr\u00e9pare la peau aux produits de soin appliqu\u00e9s ensuite, maximisant leur efficacit\u00e9 pour un teint radieux jour apr\u00e8s jour.<\/p>\n<p>Ce tonique agit comme un exfoliant l\u00e9ger, am\u00e9liorant la texture de la peau et r\u00e9duisant les irr\u00e9gularit\u00e9s. Gr\u00e2ce \u00e0 une hydratation durable tout au long de la journ\u00e9e, il prot\u00e8ge et renforce la barri\u00e8re cutan\u00e9e apr\u00e8s seulement huit heures, r\u00e9duisant m\u00eame l&rsquo;apparence des taches brunes. Le ferment de Saccharomyces est un d\u00e9riv\u00e9 de levure riche en nutriments qui hydrate intens\u00e9ment, adoucit et illumine le teint. L\u2019acide hyaluronique renforce cette hydratation en retenant l\u2019humidit\u00e9 dans les couches cutan\u00e9es, tandis que l&rsquo;extrait d&rsquo;aloe vera apaise et calme la peau irrit\u00e9e, offrant ainsi un confort imm\u00e9diat. Enfin, la glyc\u00e9rine, reconnue pour ses propri\u00e9t\u00e9s hydratantes, laisse la peau souple et douce.<\/p>\n<p>Adoptez ce soin pour une peau lumineuse, souple et \u00e9clatante de sant\u00e9, avec une hydratation qui dure toute la journ\u00e9e !<\/p>\n<p>Conseils d&rsquo;utilisation :<\/p>\n<p>Application : Utilisez le tonique matin et soir sur une peau propre, avant votre s\u00e9rum ou cr\u00e8me hydratante.<br \/>\nM\u00e9thode : Appliquez une petite quantit\u00e9 de tonique sur un coton ou directement dans vos mains, puis tapotez doucement sur le visage et le cou.<br \/>\nFr\u00e9quence : Adapt\u00e9 \u00e0 une utilisation quotidienne, mais r\u00e9duisez si vous ressentez une irritation.<br \/>\n\u00c9vitez le rin\u00e7age pour que le tonique puisse \u00eatre pleinement absorb\u00e9 par la peau.<\/p>","protected":false},"excerpt":{"rendered":"<p>Le Tonique Lact\u00e9 Saccharomyces Ferment 30 % de The Ordinary est l&rsquo;alli\u00e9 parfait pour sublimer votre routine de soins. Infus\u00e9 avec 30&hellip;<\/p>","protected":false},"featured_media":19994,"comment_status":"open","ping_status":"closed","template":"","meta":[],"product_cat":[90],"product_tag":[],"yith_product_brand":[219],"class_list":{"0":"post-19995","1":"product","2":"type-product","3":"status-publish","4":"has-post-thumbnail","6":"product_cat-americains","7":"yith_product_brand-the-ordinary","9":"first","10":"instock","11":"shipping-taxable","12":"purchasable","13":"product-type-simple"},"_links":{"self":[{"href":"https:\/\/parapharmacieenligne.ma\/en\/wp-json\/wp\/v2\/product\/19995","targetHints":{"allow":["GET"]}}],"collection":[{"href":"https:\/\/parapharmacieenligne.ma\/en\/wp-json\/wp\/v2\/product"}],"about":[{"href":"https:\/\/parapharmacieenligne.ma\/en\/wp-json\/wp\/v2\/types\/product"}],"replies":[{"embeddable":true,"href":"https:\/\/parapharmacieenligne.ma\/en\/wp-json\/wp\/v2\/comments?post=19995"}],"version-history":[{"count":1,"href":"https:\/\/parapharmacieenligne.ma\/en\/wp-json\/wp\/v2\/product\/19995\/revisions"}],"predecessor-version":[{"id":19996,"href":"https:\/\/parapharmacieenligne.ma\/en\/wp-json\/wp\/v2\/product\/19995\/revisions\/19996"}],"wp:featuredmedia":[{"embeddable":true,"href":"https:\/\/parapharmacieenligne.ma\/en\/wp-json\/wp\/v2\/media\/19994"}],"wp:attachment":[{"href":"https:\/\/parapharmacieenligne.ma\/en\/wp-json\/wp\/v2\/media?parent=19995"}],"wp:term":[{"taxonomy":"product_cat","embeddable":true,"href":"https:\/\/parapharmacieenligne.ma\/en\/wp-json\/wp\/v2\/product_cat?post=19995"},{"taxonomy":"product_tag","embeddable":true,"href":"https:\/\/parapharmacieenligne.ma\/en\/wp-json\/wp\/v2\/product_tag?post=19995"},{"taxonomy":"yith_product_brand","embeddable":true,"href":"https:\/\/parapharmacieenligne.ma\/en\/wp-json\/wp\/v2\/yith_product_brand?post=19995"}],"curies":[{"name":"wp","href":"https:\/\/api.w.org\/{rel}","templated":true}]}}