{"id":20001,"date":"2026-04-18T17:52:53","date_gmt":"2026-04-18T15:52:53","guid":{"rendered":"https:\/\/parapharmacieenligne.ma\/?post_type=product&#038;p=20001"},"modified":"2026-04-18T17:53:04","modified_gmt":"2026-04-18T15:53:04","slug":"the-ordinary-100-organic-virgin-chia-seed-oil-30ml","status":"publish","type":"product","link":"https:\/\/parapharmacieenligne.ma\/en\/product\/the-ordinary-100-organic-virgin-chia-seed-oil-30ml\/","title":{"rendered":"THE ORDINARY 100% ORGANIC VIRGIN CHIA SEED OIL 30ML"},"content":{"rendered":"<p>The Ordinary, reconnu pour ses formules simples, pures et efficaces, a captur\u00e9 l&rsquo;essence de la nature dans cette huile exceptionnelle :<\/p>\n<p>Hydratation Pure et Non Com\u00e9dog\u00e8ne : Au c\u0153ur de cette formule, l&rsquo;huile de graines de chia vierge 100 % biologique offre une hydratation incomparable. Contrairement \u00e0 de nombreuses huiles qui peuvent alourdir ou obstruer, cette huile est sp\u00e9cialement con\u00e7ue pour hydrater votre peau sans obstruer les pores. Elle p\u00e9n\u00e8tre rapidement, laissant votre peau douce, souple et confortable, sans sensation grasse. C&rsquo;est l&rsquo;hydratant naturel parfait m\u00eame pour les peaux \u00e0 tendance acn\u00e9ique ou celles qui recherchent une hydratation l\u00e9g\u00e8re mais efficace.<\/p>\n<p>Une Source Exceptionnelle d&rsquo;Acides Gras Essentiels : La magie de cette huile vient de sa composition unique. \u00c9tant 100 % d&rsquo;origine naturelle et press\u00e9e \u00e0 froid, elle pr\u00e9serve toutes ses propri\u00e9t\u00e9s vitales. Elle est particuli\u00e8rement riche en acide alpha-linol\u00e9nique, un acide gras essentiel de type Om\u00e9ga-3. Cet ingr\u00e9dient pr\u00e9cieux est fondamental pour favoriser une peau d&rsquo;apparence saine, en aidant \u00e0 maintenir l&rsquo;int\u00e9grit\u00e9 de la barri\u00e8re cutan\u00e9e, \u00e0 r\u00e9duire l&rsquo;inflammation et \u00e0 prot\u00e9ger contre les agressions ext\u00e9rieures. C&rsquo;est un v\u00e9ritable bouclier pour votre \u00e9piderme.<\/p>\n<p>Un Cocktail d&rsquo;Acides Gras B\u00e9n\u00e9fiques pour Peau et Cheveux : Mais les bienfaits ne s&rsquo;arr\u00eatent pas l\u00e0 ! Cet hydratant naturel est \u00e9galement une mine d&rsquo;autres acides gras b\u00e9n\u00e9fiques, incluant les acides linol\u00e9ique, ol\u00e9ique, st\u00e9arique et palmitique. Cette richesse en fait un soin id\u00e9al non seulement pour la peau, mais aussi pour les cheveux.<\/p>\n<p>Pour la peau : Ils contribuent \u00e0 maintenir l&rsquo;\u00e9lasticit\u00e9, la souplesse et la jeunesse de l&rsquo;\u00e9piderme.<br \/>\nPour les cheveux : Ils nourrissent la fibre capillaire en profondeur, apportent brillance, douceur et aident \u00e0 contr\u00f4ler les frisottis, pour une chevelure visiblement plus saine et facile \u00e0 coiffer.<br \/>\nConseils d&rsquo;utilisation :<\/p>\n<p>Utilisez-la apr\u00e8s les s\u00e9rums \u00e0 base d&rsquo;eau et avant des cr\u00e8mes plus lourdes, ou comme derni\u00e8re \u00e9tape de votre routine si c&rsquo;est votre hydratant principal. Id\u00e9alement le soir, ou le matin si votre peau est s\u00e8che et si vous ne craignez pas un l\u00e9ger \u00e9clat.<\/p>\n<p>Composition :<\/p>\n<p>Huile de graines de Salvia Hispanica.<\/p>","protected":false},"excerpt":{"rendered":"<p>The Ordinary, reconnu pour ses formules simples, pures et efficaces, a captur\u00e9 l&rsquo;essence de la nature dans cette huile exceptionnelle : Hydratation&hellip;<\/p>","protected":false},"featured_media":20000,"comment_status":"open","ping_status":"closed","template":"","meta":[],"product_cat":[90],"product_tag":[],"yith_product_brand":[219],"class_list":{"0":"post-20001","1":"product","2":"type-product","3":"status-publish","4":"has-post-thumbnail","6":"product_cat-americains","7":"yith_product_brand-the-ordinary","9":"first","10":"instock","11":"shipping-taxable","12":"purchasable","13":"product-type-simple"},"_links":{"self":[{"href":"https:\/\/parapharmacieenligne.ma\/en\/wp-json\/wp\/v2\/product\/20001","targetHints":{"allow":["GET"]}}],"collection":[{"href":"https:\/\/parapharmacieenligne.ma\/en\/wp-json\/wp\/v2\/product"}],"about":[{"href":"https:\/\/parapharmacieenligne.ma\/en\/wp-json\/wp\/v2\/types\/product"}],"replies":[{"embeddable":true,"href":"https:\/\/parapharmacieenligne.ma\/en\/wp-json\/wp\/v2\/comments?post=20001"}],"version-history":[{"count":1,"href":"https:\/\/parapharmacieenligne.ma\/en\/wp-json\/wp\/v2\/product\/20001\/revisions"}],"predecessor-version":[{"id":20002,"href":"https:\/\/parapharmacieenligne.ma\/en\/wp-json\/wp\/v2\/product\/20001\/revisions\/20002"}],"wp:featuredmedia":[{"embeddable":true,"href":"https:\/\/parapharmacieenligne.ma\/en\/wp-json\/wp\/v2\/media\/20000"}],"wp:attachment":[{"href":"https:\/\/parapharmacieenligne.ma\/en\/wp-json\/wp\/v2\/media?parent=20001"}],"wp:term":[{"taxonomy":"product_cat","embeddable":true,"href":"https:\/\/parapharmacieenligne.ma\/en\/wp-json\/wp\/v2\/product_cat?post=20001"},{"taxonomy":"product_tag","embeddable":true,"href":"https:\/\/parapharmacieenligne.ma\/en\/wp-json\/wp\/v2\/product_tag?post=20001"},{"taxonomy":"yith_product_brand","embeddable":true,"href":"https:\/\/parapharmacieenligne.ma\/en\/wp-json\/wp\/v2\/yith_product_brand?post=20001"}],"curies":[{"name":"wp","href":"https:\/\/api.w.org\/{rel}","templated":true}]}}