{"id":20007,"date":"2026-04-18T17:55:25","date_gmt":"2026-04-18T15:55:25","guid":{"rendered":"https:\/\/parapharmacieenligne.ma\/?post_type=product&#038;p=20007"},"modified":"2026-04-18T17:55:31","modified_gmt":"2026-04-18T15:55:31","slug":"the-ordinary-multi-active-delivery-essence-100ml","status":"publish","type":"product","link":"https:\/\/parapharmacieenligne.ma\/en\/product\/the-ordinary-multi-active-delivery-essence-100ml\/","title":{"rendered":"THE ORDINARY MULTI ACTIVE DELIVERY ESSENCE 100ML"},"content":{"rendered":"<p>Le secret de sa puissance r\u00e9side dans une combinaison sp\u00e9cifique de quatre technologies actives qui travaillent ensemble pour optimiser l&rsquo;hydratation cutan\u00e9e et, surtout, am\u00e9liorer la p\u00e9n\u00e9tration des ingr\u00e9dients de soin. C&rsquo;est une innovation majeure : en facilitant l&rsquo;acc\u00e8s des actifs aux couches profondes de l&rsquo;\u00e9piderme, l&rsquo;Essence Multi-Active rend vos s\u00e9rums et cr\u00e8mes encore plus performants. Des tests ont d\u00e9montr\u00e9 son efficacit\u00e9 : lorsqu&rsquo;elle a \u00e9t\u00e9 utilis\u00e9e avec le Niacinamide 10% + Zinc 1%, l&rsquo;Essence Multi-Active a permis d&rsquo;augmenter la p\u00e9n\u00e9tration de la niacinamide par 2 apr\u00e8s 1 heure, par rapport \u00e0 l&rsquo;application du Niacinamide seul. C&rsquo;est la preuve d&rsquo;une synergie qui d\u00e9cuple les r\u00e9sultats.<\/p>\n<p>Issues de la gamme de solutions Multi-Active de The Ordinary, ces quatre technologies cl\u00e9s sont :<\/p>\n<p>10% Glyc\u00e9rine : Un humectant largement reconnu pour sa capacit\u00e9 \u00e0 attirer l&rsquo;eau et \u00e0 la retenir dans la peau, favorisant ainsi une hydratation profonde et l&rsquo;\u00e9lasticit\u00e9 cutan\u00e9e. Il contribue \u00e9galement \u00e0 am\u00e9liorer la diffusion des autres technologies cl\u00e9s au sein de la formule.<\/p>\n<p>5% Propanediol : Cet agent favorisant la p\u00e9n\u00e9tration optimise la diffusion des ingr\u00e9dients essentiels en soutenant la teneur en eau de la peau, sa r\u00e9tention et le renforcement de la barri\u00e8re cutan\u00e9e.<\/p>\n<p>Sodium Caproyl Prolinate : Un d\u00e9riv\u00e9 d&rsquo;acide amin\u00e9 qui hydrate la peau, am\u00e9liorant ainsi la diffusion des ingr\u00e9dients actifs \u00e0 travers les couches cutan\u00e9es.<\/p>\n<p>Glycog\u00e8ne : Ce polysaccharide dynamise la peau et a d\u00e9montr\u00e9 sa capacit\u00e9 \u00e0 maintenir l&rsquo;hydratation et les lipides essentiels de la barri\u00e8re cutan\u00e9e, pour une peau hydrat\u00e9e \u00e0 souhait et visiblement plus saine.<\/p>\n<p>Conseils d&rsquo;utilisation :<\/p>\n<p>Utilisez cette essence matin et soir, apr\u00e8s le nettoyage et avant l&rsquo;application de vos s\u00e9rums et cr\u00e8mes. Elle doit \u00eatre le premier produit appliqu\u00e9 sur une peau propre.<\/p>","protected":false},"excerpt":{"rendered":"<p>Le secret de sa puissance r\u00e9side dans une combinaison sp\u00e9cifique de quatre technologies actives qui travaillent ensemble pour optimiser l&rsquo;hydratation cutan\u00e9e et,&hellip;<\/p>","protected":false},"featured_media":20006,"comment_status":"open","ping_status":"closed","template":"","meta":[],"product_cat":[90],"product_tag":[],"yith_product_brand":[219],"class_list":{"0":"post-20007","1":"product","2":"type-product","3":"status-publish","4":"has-post-thumbnail","6":"product_cat-americains","7":"yith_product_brand-the-ordinary","9":"first","10":"instock","11":"shipping-taxable","12":"purchasable","13":"product-type-simple"},"_links":{"self":[{"href":"https:\/\/parapharmacieenligne.ma\/en\/wp-json\/wp\/v2\/product\/20007","targetHints":{"allow":["GET"]}}],"collection":[{"href":"https:\/\/parapharmacieenligne.ma\/en\/wp-json\/wp\/v2\/product"}],"about":[{"href":"https:\/\/parapharmacieenligne.ma\/en\/wp-json\/wp\/v2\/types\/product"}],"replies":[{"embeddable":true,"href":"https:\/\/parapharmacieenligne.ma\/en\/wp-json\/wp\/v2\/comments?post=20007"}],"version-history":[{"count":1,"href":"https:\/\/parapharmacieenligne.ma\/en\/wp-json\/wp\/v2\/product\/20007\/revisions"}],"predecessor-version":[{"id":20008,"href":"https:\/\/parapharmacieenligne.ma\/en\/wp-json\/wp\/v2\/product\/20007\/revisions\/20008"}],"wp:featuredmedia":[{"embeddable":true,"href":"https:\/\/parapharmacieenligne.ma\/en\/wp-json\/wp\/v2\/media\/20006"}],"wp:attachment":[{"href":"https:\/\/parapharmacieenligne.ma\/en\/wp-json\/wp\/v2\/media?parent=20007"}],"wp:term":[{"taxonomy":"product_cat","embeddable":true,"href":"https:\/\/parapharmacieenligne.ma\/en\/wp-json\/wp\/v2\/product_cat?post=20007"},{"taxonomy":"product_tag","embeddable":true,"href":"https:\/\/parapharmacieenligne.ma\/en\/wp-json\/wp\/v2\/product_tag?post=20007"},{"taxonomy":"yith_product_brand","embeddable":true,"href":"https:\/\/parapharmacieenligne.ma\/en\/wp-json\/wp\/v2\/yith_product_brand?post=20007"}],"curies":[{"name":"wp","href":"https:\/\/api.w.org\/{rel}","templated":true}]}}