{"id":20010,"date":"2026-04-18T17:55:38","date_gmt":"2026-04-18T15:55:38","guid":{"rendered":"https:\/\/parapharmacieenligne.ma\/?post_type=product&#038;p=20010"},"modified":"2026-04-18T17:55:44","modified_gmt":"2026-04-18T15:55:44","slug":"the-ordinary-sunscreen-uv-filters-spf-45-serum-60-ml","status":"publish","type":"product","link":"https:\/\/parapharmacieenligne.ma\/en\/product\/the-ordinary-sunscreen-uv-filters-spf-45-serum-60-ml\/","title":{"rendered":"THE ORDINARY SUNSCREEN UV FILTERS SPF 45 SERUM 60 ML"},"content":{"rendered":"<p>Sa texture s\u00e9rum innovante se fond instantan\u00e9ment dans la peau, laissant un fini naturel, confortable et sans traces blanches. Contrairement aux solaires \u00e9pais ou collants, ce s\u00e9rum solaire se fait oublier d\u00e8s l\u2019application. Non com\u00e9dog\u00e8ne et formul\u00e9 sans parfum, il convient parfaitement aux peaux sensibles, r\u00e9actives ou sujettes aux imperfections. Il hydrate imm\u00e9diatement et durablement, offrant \u00e0 la peau une sensation de fra\u00eecheur et de douceur tout au long de la journ\u00e9e.<\/p>\n<p>Gr\u00e2ce \u00e0 sa formule douce mais performante, le Sunscreen UV Filters SPF 45 prot\u00e8ge efficacement contre les agressions ext\u00e9rieures, tout en pr\u00e9venant les signes de l\u2019\u00e2ge caus\u00e9s par l\u2019exposition solaire : rides, ridules, perte de fermet\u00e9 et taches pigmentaires. Il contribue \u00e0 pr\u00e9server la jeunesse de la peau et \u00e0 maintenir son \u00e9clat naturel.<\/p>\n<p>Sa compatibilit\u00e9 avec le maquillage en fait un indispensable du quotidien : il s\u2019utilise en derni\u00e8re \u00e9tape de la routine, avant la base ou le fond de teint, sans pelucher ni interf\u00e9rer avec les autres soins. L\u00e9ger, agr\u00e9able et hydratant, ce s\u00e9rum solaire devient rapidement un geste beaut\u00e9 essentiel \u00e0 int\u00e9grer dans toute routine de soins orient\u00e9e protection, glow et pr\u00e9vention anti-\u00e2ge.<\/p>\n<p>Offrez \u00e0 votre peau une protection quotidienne qui allie efficacit\u00e9, confort et transparence \u2014 un solaire que vous aimerez r\u00e9ellement porter.<\/p>\n<p>Conseils d&rsquo;utilisation:<br \/>\nAppliquer chaque matin, en derni\u00e8re \u00e9tape de la routine, avant le maquillage.<\/p>\n<p>Utiliser une quantit\u00e9 g\u00e9n\u00e9reuse pour garantir une protection optimale.<\/p>\n<p>Masser d\u00e9licatement jusqu\u2019\u00e0 absorption compl\u00e8te.<\/p>\n<p>Renouveler l\u2019application toutes les 2 \u00e0 3 heures en cas d\u2019exposition prolong\u00e9e au soleil.<\/p>\n<p>Convient pour une utilisation quotidienne, m\u00eame sur peaux sensibles ou sujettes aux imperfections.<\/p>\n<p>Composition:<br \/>\nIngr\u00e9dients actifs :<\/p>\n<p>Avobenzone 3,0 % (filtre UV)<\/p>\n<p>Homosalate 7,0 % (filtre UV)<\/p>\n<p>Octisalate 4,5 % (filtre UV)<\/p>\n<p>Octocryl\u00e8ne 10,0 % (filtre UV)<\/p>\n<p>Ingr\u00e9dients inactifs :<\/p>\n<p>Eau, polym\u00e8re d&rsquo;acrylate de b\u00e9h\u00e9nyle, gomme biosaccharide-2, salicylate de butyloctyle, chlorph\u00e9n\u00e9sine, 2,6-naphtalate de di\u00e9thylhexyle, polym\u00e8re crois\u00e9 de dim\u00e9thicone\/vinyl dim\u00e9thicone (particules molles), glyc\u00e9rine, isodod\u00e9cane, sulfate de magn\u00e9sium, N-ac\u00e9tylcarnosine, acide p-anisique, pentyl\u00e8ne glycol, ph\u00e9noxy\u00e9thanol, propanediol, citrate de sodium, phospholipides de soja, sphingolipides, tocoph\u00e9rol, trilinol\u00e9ate hydrog\u00e9n\u00e9 de tri(polyglyc\u00e9ryl-3\/lauryle), \u00e9thyl\u00e8nediamine trisodique Disuccinate.<\/p>","protected":false},"excerpt":{"rendered":"<p>Sa texture s\u00e9rum innovante se fond instantan\u00e9ment dans la peau, laissant un fini naturel, confortable et sans traces blanches. Contrairement aux solaires&hellip;<\/p>","protected":false},"featured_media":20009,"comment_status":"open","ping_status":"closed","template":"","meta":[],"product_cat":[90],"product_tag":[],"yith_product_brand":[219],"class_list":{"0":"post-20010","1":"product","2":"type-product","3":"status-publish","4":"has-post-thumbnail","6":"product_cat-americains","7":"yith_product_brand-the-ordinary","9":"first","10":"instock","11":"shipping-taxable","12":"purchasable","13":"product-type-simple"},"_links":{"self":[{"href":"https:\/\/parapharmacieenligne.ma\/en\/wp-json\/wp\/v2\/product\/20010","targetHints":{"allow":["GET"]}}],"collection":[{"href":"https:\/\/parapharmacieenligne.ma\/en\/wp-json\/wp\/v2\/product"}],"about":[{"href":"https:\/\/parapharmacieenligne.ma\/en\/wp-json\/wp\/v2\/types\/product"}],"replies":[{"embeddable":true,"href":"https:\/\/parapharmacieenligne.ma\/en\/wp-json\/wp\/v2\/comments?post=20010"}],"version-history":[{"count":1,"href":"https:\/\/parapharmacieenligne.ma\/en\/wp-json\/wp\/v2\/product\/20010\/revisions"}],"predecessor-version":[{"id":20011,"href":"https:\/\/parapharmacieenligne.ma\/en\/wp-json\/wp\/v2\/product\/20010\/revisions\/20011"}],"wp:featuredmedia":[{"embeddable":true,"href":"https:\/\/parapharmacieenligne.ma\/en\/wp-json\/wp\/v2\/media\/20009"}],"wp:attachment":[{"href":"https:\/\/parapharmacieenligne.ma\/en\/wp-json\/wp\/v2\/media?parent=20010"}],"wp:term":[{"taxonomy":"product_cat","embeddable":true,"href":"https:\/\/parapharmacieenligne.ma\/en\/wp-json\/wp\/v2\/product_cat?post=20010"},{"taxonomy":"product_tag","embeddable":true,"href":"https:\/\/parapharmacieenligne.ma\/en\/wp-json\/wp\/v2\/product_tag?post=20010"},{"taxonomy":"yith_product_brand","embeddable":true,"href":"https:\/\/parapharmacieenligne.ma\/en\/wp-json\/wp\/v2\/yith_product_brand?post=20010"}],"curies":[{"name":"wp","href":"https:\/\/api.w.org\/{rel}","templated":true}]}}