{"id":20013,"date":"2026-04-18T17:55:51","date_gmt":"2026-04-18T15:55:51","guid":{"rendered":"https:\/\/parapharmacieenligne.ma\/?post_type=product&#038;p=20013"},"modified":"2026-04-18T17:55:58","modified_gmt":"2026-04-18T15:55:58","slug":"the-ordinary-mandelic-acid-10-ha-30ml","status":"publish","type":"product","link":"https:\/\/parapharmacieenligne.ma\/en\/product\/the-ordinary-mandelic-acid-10-ha-30ml\/","title":{"rendered":"THE ORDINARY MANDELIC ACID 10% +HA 30ML"},"content":{"rendered":"<p>Ce s\u00e9rum puissant, mais d\u00e9licat, lisse visiblement les petites ridules, r\u00e9duit l\u2019apparence des taches pigmentaires, att\u00e9nue les irr\u00e9gularit\u00e9s et redonne \u00e9clat et luminosit\u00e9 au teint. Sa formule est enrichie en acide hyaluronique, un actif hydratant reconnu pour retenir jusqu\u2019\u00e0 1000 fois son poids en eau. R\u00e9sultat : une exfoliation efficace, tout en maintenant un haut niveau d\u2019hydratation et de confort.<\/p>\n<p>\u00c0 chaque utilisation, votre peau se renouvelle en douceur et r\u00e9v\u00e8le progressivement une apparence plus lisse, plus \u00e9clatante et plus homog\u00e8ne. C\u2019est un alli\u00e9 de choix pour les personnes sujets aux taches, au teint terne, aux pores visibles ou aux irr\u00e9gularit\u00e9s de texture.<\/p>\n<p>Attention toutefois : comme tout AHA, ce produit peut augmenter la sensibilit\u00e9 au soleil. Il est indispensable d\u2019utiliser une protection solaire quotidienne lors du traitement et durant la semaine qui suit.<\/p>\n<p>Avec The Ordinary Mandelic Acid 10% + HA, exfoliez autrement : plus lentement, plus proprement, plus respectueusement. Redonnez \u00e0 votre peau son \u00e9clat naturel, sans agresser.<\/p>\n<p>Conseils d&rsquo;utilisation :<br \/>\nAppliquer une fois par jour, id\u00e9alement le soir. Peut \u00eatre dilu\u00e9<br \/>\navec d\u2019autres soins pour r\u00e9duire la concentration du produit jusqu\u2019\u00e0 ce que la peau devienne plus tol\u00e9rante.<br \/>\n\u00c9viter tout contact avec les yeux.<\/p>\n<p>Composition :<br \/>\nSans sulfates (SLS et SLES), parab\u00e8nes, formald\u00e9hydes, agents lib\u00e9rant du formald\u00e9hyde, phtalates, huile min\u00e9rale, palmitate de r\u00e9tinyle, oxybenzone, goudron de houille, hydroquinone, triclosan et triclocarban, ce produit contient moins de 1 % de parfums de synth\u00e8se. Il est \u00e9galement v\u00e9gan, non test\u00e9 sur les animaux et sans gluten.<\/p>","protected":false},"excerpt":{"rendered":"<p>Ce s\u00e9rum puissant, mais d\u00e9licat, lisse visiblement les petites ridules, r\u00e9duit l\u2019apparence des taches pigmentaires, att\u00e9nue les irr\u00e9gularit\u00e9s et redonne \u00e9clat et&hellip;<\/p>","protected":false},"featured_media":20012,"comment_status":"open","ping_status":"closed","template":"","meta":[],"product_cat":[90],"product_tag":[],"yith_product_brand":[219],"class_list":{"0":"post-20013","1":"product","2":"type-product","3":"status-publish","4":"has-post-thumbnail","6":"product_cat-americains","7":"yith_product_brand-the-ordinary","9":"first","10":"instock","11":"shipping-taxable","12":"purchasable","13":"product-type-simple"},"_links":{"self":[{"href":"https:\/\/parapharmacieenligne.ma\/en\/wp-json\/wp\/v2\/product\/20013","targetHints":{"allow":["GET"]}}],"collection":[{"href":"https:\/\/parapharmacieenligne.ma\/en\/wp-json\/wp\/v2\/product"}],"about":[{"href":"https:\/\/parapharmacieenligne.ma\/en\/wp-json\/wp\/v2\/types\/product"}],"replies":[{"embeddable":true,"href":"https:\/\/parapharmacieenligne.ma\/en\/wp-json\/wp\/v2\/comments?post=20013"}],"version-history":[{"count":1,"href":"https:\/\/parapharmacieenligne.ma\/en\/wp-json\/wp\/v2\/product\/20013\/revisions"}],"predecessor-version":[{"id":20014,"href":"https:\/\/parapharmacieenligne.ma\/en\/wp-json\/wp\/v2\/product\/20013\/revisions\/20014"}],"wp:featuredmedia":[{"embeddable":true,"href":"https:\/\/parapharmacieenligne.ma\/en\/wp-json\/wp\/v2\/media\/20012"}],"wp:attachment":[{"href":"https:\/\/parapharmacieenligne.ma\/en\/wp-json\/wp\/v2\/media?parent=20013"}],"wp:term":[{"taxonomy":"product_cat","embeddable":true,"href":"https:\/\/parapharmacieenligne.ma\/en\/wp-json\/wp\/v2\/product_cat?post=20013"},{"taxonomy":"product_tag","embeddable":true,"href":"https:\/\/parapharmacieenligne.ma\/en\/wp-json\/wp\/v2\/product_tag?post=20013"},{"taxonomy":"yith_product_brand","embeddable":true,"href":"https:\/\/parapharmacieenligne.ma\/en\/wp-json\/wp\/v2\/yith_product_brand?post=20013"}],"curies":[{"name":"wp","href":"https:\/\/api.w.org\/{rel}","templated":true}]}}