{"id":20025,"date":"2026-04-18T17:57:47","date_gmt":"2026-04-18T15:57:47","guid":{"rendered":"https:\/\/parapharmacieenligne.ma\/?post_type=product&#038;p=20025"},"modified":"2026-04-18T17:57:54","modified_gmt":"2026-04-18T15:57:54","slug":"the-ordinary-sulfur-10-concentre-poudre-a-creme-5g","status":"publish","type":"product","link":"https:\/\/parapharmacieenligne.ma\/en\/product\/the-ordinary-sulfur-10-concentre-poudre-a-creme-5g\/","title":{"rendered":"THE ORDINARY SULFUR 10% CONCENTRE POUDRE A CREME 5G"},"content":{"rendered":"<p>C&rsquo;est l&rsquo;arme secr\u00e8te id\u00e9ale pour neutraliser un bouton impr\u00e9vu avant un rendez-vous important ou pour calmer une inflammation soudaine.<\/p>\n<p>Une Technologie Unique : De la Poudre \u00e0 la Cr\u00e8me<br \/>\nL&rsquo;innovation r\u00e9side dans sa texture hybride r\u00e9volutionnaire. Le format poudre offre une stabilit\u00e9 maximale des actifs et une portabilit\u00e9 parfaite. Au contact de la peau ou de l&rsquo;humidit\u00e9 naturelle de l&rsquo;\u00e9piderme, la poudre se m\u00e9tamorphose en une cr\u00e8me onctueuse qui fusionne litt\u00e9ralement avec l&rsquo;imperfection.<\/p>\n<p>Soufre Collo\u00efdal Haute Performance : Contrairement au soufre traditionnel, la forme collo\u00efdale utilis\u00e9e ici poss\u00e8de des particules extr\u00eamement fines. R\u00e9sultat ? Une p\u00e9n\u00e9tration optimis\u00e9e, une odeur quasi inexistante et une discr\u00e9tion totale sur la peau.<\/p>\n<p>R\u00e9sultats Chrono : Les tests cliniques sont formels. En une heure seulement, les rougeurs sont r\u00e9duites de 50%. L&rsquo;imperfection diminue en volume et en visibilit\u00e9 de mani\u00e8re spectaculaire.<\/p>\n<p>Matit\u00e9 Imm\u00e9diate : D\u00e8s l&rsquo;application, le soufre absorbe l&rsquo;exc\u00e8s de s\u00e9bum et neutralise la brillance, traitant ainsi la cause racine de l&rsquo;obstruction des pores<\/p>\n<p>Conseils d&rsquo;utilisation :<br \/>\nPressez une petite quantit\u00e9 de poudre sur un doigt propre et appliquez directement sur la peau \u00e0 probl\u00e8mes. Frottez doucement dans la peau.<\/p>\n<p>Avertissement :<br \/>\nNe pas rincer. Ne pas utiliser sur une peau ab\u00eem\u00e9e. \u00c9vitez le contact avec les yeux.<\/p>\n<p>Composition :<br \/>\nGlycerin, Propanediol, Silica Silylate (Nano), Sulfur, Aqua\/Water\/Eau, Carnitine, Niacinamide, Acacia Senegal Gum, Kaolin, Polylysine, Citric Acid, Sodium Citrate, Ethylhexylglycerin, Phenoxyethanol, Chlorphenesin.<\/p>","protected":false},"excerpt":{"rendered":"<p>C&rsquo;est l&rsquo;arme secr\u00e8te id\u00e9ale pour neutraliser un bouton impr\u00e9vu avant un rendez-vous important ou pour calmer une inflammation soudaine. Une Technologie Unique&hellip;<\/p>","protected":false},"featured_media":20024,"comment_status":"open","ping_status":"closed","template":"","meta":[],"product_cat":[90],"product_tag":[],"yith_product_brand":[219],"class_list":{"0":"post-20025","1":"product","2":"type-product","3":"status-publish","4":"has-post-thumbnail","6":"product_cat-americains","7":"yith_product_brand-the-ordinary","9":"first","10":"instock","11":"shipping-taxable","12":"purchasable","13":"product-type-simple"},"_links":{"self":[{"href":"https:\/\/parapharmacieenligne.ma\/en\/wp-json\/wp\/v2\/product\/20025","targetHints":{"allow":["GET"]}}],"collection":[{"href":"https:\/\/parapharmacieenligne.ma\/en\/wp-json\/wp\/v2\/product"}],"about":[{"href":"https:\/\/parapharmacieenligne.ma\/en\/wp-json\/wp\/v2\/types\/product"}],"replies":[{"embeddable":true,"href":"https:\/\/parapharmacieenligne.ma\/en\/wp-json\/wp\/v2\/comments?post=20025"}],"version-history":[{"count":1,"href":"https:\/\/parapharmacieenligne.ma\/en\/wp-json\/wp\/v2\/product\/20025\/revisions"}],"predecessor-version":[{"id":20026,"href":"https:\/\/parapharmacieenligne.ma\/en\/wp-json\/wp\/v2\/product\/20025\/revisions\/20026"}],"wp:featuredmedia":[{"embeddable":true,"href":"https:\/\/parapharmacieenligne.ma\/en\/wp-json\/wp\/v2\/media\/20024"}],"wp:attachment":[{"href":"https:\/\/parapharmacieenligne.ma\/en\/wp-json\/wp\/v2\/media?parent=20025"}],"wp:term":[{"taxonomy":"product_cat","embeddable":true,"href":"https:\/\/parapharmacieenligne.ma\/en\/wp-json\/wp\/v2\/product_cat?post=20025"},{"taxonomy":"product_tag","embeddable":true,"href":"https:\/\/parapharmacieenligne.ma\/en\/wp-json\/wp\/v2\/product_tag?post=20025"},{"taxonomy":"yith_product_brand","embeddable":true,"href":"https:\/\/parapharmacieenligne.ma\/en\/wp-json\/wp\/v2\/yith_product_brand?post=20025"}],"curies":[{"name":"wp","href":"https:\/\/api.w.org\/{rel}","templated":true}]}}