{"id":20028,"date":"2026-04-18T17:58:00","date_gmt":"2026-04-18T15:58:00","guid":{"rendered":"https:\/\/parapharmacieenligne.ma\/?post_type=product&#038;p=20028"},"modified":"2026-04-18T17:58:08","modified_gmt":"2026-04-18T15:58:08","slug":"the-ordinary-multi-antioxidant-radiance-serum-30ml","status":"publish","type":"product","link":"https:\/\/parapharmacieenligne.ma\/en\/product\/the-ordinary-multi-antioxidant-radiance-serum-30ml\/","title":{"rendered":"THE ORDINARY MULTI ANTIOXIDANT RADIANCE SERUM 30ML"},"content":{"rendered":"<p>Ce n&rsquo;est pas simplement un s\u00e9rum, c&rsquo;est un concentr\u00e9 de haute technologie regroupant huit avanc\u00e9es majeures pour offrir \u00e0 votre visage une d\u00e9fense imp\u00e9n\u00e9trable et un \u00e9clat imm\u00e9diat. Sa formule soyeuse et l\u00e9g\u00e8re p\u00e9n\u00e8tre instantan\u00e9ment, transformant la routine quotidienne en une v\u00e9ritable cure de jouvence.<\/p>\n<p>Une Synergie d&rsquo;Actifs R\u00e9volutionnaire<br \/>\nCe s\u00e9rum se distingue par un m\u00e9lange sophistiqu\u00e9 d&rsquo;ingr\u00e9dients naturels et de science pure.<\/p>\n<p>Vitamine C &amp; Peptides de Curcuma : Ce duo dynamique travaille en tandem pour \u00e9claircir le teint et att\u00e9nuer visiblement l&rsquo;apparence des taches pigmentaires. Les peptides de curcuma apportent une dimension apaisante tout en boostant la luminosit\u00e9 naturelle.<\/p>\n<p>Le Pouvoir du Ginseng : Reconnu pour ses vertus tonifiantes, le ginseng revitalise les peaux fatigu\u00e9es et floute le grain de peau pour un aspect plus lisse et uniforme.<\/p>\n<p>Protection 24h\/24 : Le jour, il agit comme un bouclier anti-pollution qui maintient une hydratation durable. La nuit, il profite du repos cellulaire pour favoriser un teint frais, repos\u00e9 et \u00e9clatant au r\u00e9veil.<\/p>\n<p>Conseils d&rsquo;utilisation :<br \/>\nAppliquez quelques gouttes sur le visage le matin et le soir.<\/p>\n<p>Composition :<br \/>\nGlucoside d&rsquo;ascorbyle : Forme stabilis\u00e9e de vitamine C.<\/p>\n<p>Extrait de ginseng : Extrait v\u00e9g\u00e9tal qui aide \u00e0 prot\u00e9ger la peau des agressions ext\u00e9rieures.<\/p>\n<p>EGCG : Aide \u00e0 prot\u00e9ger la peau des agressions ext\u00e9rieures.<br \/>\nAc\u00e9tyl t\u00e9trapeptide-2 : Peptide biomim\u00e9tique protecteur qui contribue \u00e0 unifier visiblement le teint.<br \/>\nHeptapeptide-6 : Peptide de curcuma qui aide \u00e0 prot\u00e9ger la peau des agressions ext\u00e9rieures.<br \/>\nExtrait de sporocarpe de Tremella fuciformis : Polysaccharide issu du champignon des neiges qui aide \u00e0 maintenir l&rsquo;hydratation.<\/p>","protected":false},"excerpt":{"rendered":"<p>Ce n&rsquo;est pas simplement un s\u00e9rum, c&rsquo;est un concentr\u00e9 de haute technologie regroupant huit avanc\u00e9es majeures pour offrir \u00e0 votre visage une&hellip;<\/p>","protected":false},"featured_media":20027,"comment_status":"open","ping_status":"closed","template":"","meta":[],"product_cat":[90],"product_tag":[],"yith_product_brand":[219],"class_list":{"0":"post-20028","1":"product","2":"type-product","3":"status-publish","4":"has-post-thumbnail","6":"product_cat-americains","7":"yith_product_brand-the-ordinary","9":"first","10":"instock","11":"shipping-taxable","12":"purchasable","13":"product-type-simple"},"_links":{"self":[{"href":"https:\/\/parapharmacieenligne.ma\/en\/wp-json\/wp\/v2\/product\/20028","targetHints":{"allow":["GET"]}}],"collection":[{"href":"https:\/\/parapharmacieenligne.ma\/en\/wp-json\/wp\/v2\/product"}],"about":[{"href":"https:\/\/parapharmacieenligne.ma\/en\/wp-json\/wp\/v2\/types\/product"}],"replies":[{"embeddable":true,"href":"https:\/\/parapharmacieenligne.ma\/en\/wp-json\/wp\/v2\/comments?post=20028"}],"version-history":[{"count":1,"href":"https:\/\/parapharmacieenligne.ma\/en\/wp-json\/wp\/v2\/product\/20028\/revisions"}],"predecessor-version":[{"id":20029,"href":"https:\/\/parapharmacieenligne.ma\/en\/wp-json\/wp\/v2\/product\/20028\/revisions\/20029"}],"wp:featuredmedia":[{"embeddable":true,"href":"https:\/\/parapharmacieenligne.ma\/en\/wp-json\/wp\/v2\/media\/20027"}],"wp:attachment":[{"href":"https:\/\/parapharmacieenligne.ma\/en\/wp-json\/wp\/v2\/media?parent=20028"}],"wp:term":[{"taxonomy":"product_cat","embeddable":true,"href":"https:\/\/parapharmacieenligne.ma\/en\/wp-json\/wp\/v2\/product_cat?post=20028"},{"taxonomy":"product_tag","embeddable":true,"href":"https:\/\/parapharmacieenligne.ma\/en\/wp-json\/wp\/v2\/product_tag?post=20028"},{"taxonomy":"yith_product_brand","embeddable":true,"href":"https:\/\/parapharmacieenligne.ma\/en\/wp-json\/wp\/v2\/yith_product_brand?post=20028"}],"curies":[{"name":"wp","href":"https:\/\/api.w.org\/{rel}","templated":true}]}}