{"id":20031,"date":"2026-04-18T17:58:15","date_gmt":"2026-04-18T15:58:15","guid":{"rendered":"https:\/\/parapharmacieenligne.ma\/?post_type=product&#038;p=20031"},"modified":"2026-04-18T17:58:23","modified_gmt":"2026-04-18T15:58:23","slug":"the-ordinary-amino-acids-b5-30ml","status":"publish","type":"product","link":"https:\/\/parapharmacieenligne.ma\/en\/product\/the-ordinary-amino-acids-b5-30ml\/","title":{"rendered":"THE ORDINARY AMINO ACIDS +B5 30ML"},"content":{"rendered":"<p>En combinant des acides amin\u00e9s essentiels \u00e0 la puissance de la vitamine B5, ce soin offre une r\u00e9ponse pr\u00e9cise aux peaux assoiff\u00e9es, fatigu\u00e9es ou pr\u00e9sentant les premiers signes de l&rsquo;\u00e2ge.<\/p>\n<p>Une Formule Biomim\u00e9tique pour une Protection Totale<br \/>\nCe qui rend ce produit innovant, c&rsquo;est sa capacit\u00e9 \u00e0 mimer les composants naturels de la peau.<\/p>\n<p>Le Complexe d&rsquo;Acides Amin\u00e9s : Ces mol\u00e9cules sont les \u00ab\u00a0briques\u00a0\u00bb de la peau. Elles maintiennent la barri\u00e8re d&rsquo;hydratation naturelle, favorisent la r\u00e9paration des tissus et am\u00e9liorent l&rsquo;\u00e9lasticit\u00e9 cutan\u00e9e. Votre visage retrouve sa fermet\u00e9 et sa densit\u00e9.<\/p>\n<p>L\u2019Hyaluronate de Sodium : En retenant jusqu&rsquo;\u00e0 1000 fois son poids en eau, cet ingr\u00e9dient assure une hydratation optimale et un effet \u00ab\u00a0plumping\u00a0\u00bb imm\u00e9diat. Les ridules de d\u00e9shydratation sont liss\u00e9es.<\/p>\n<p>La Vitamine B5 (Panth\u00e9nol) : Reconnue pour ses vertus apaisantes, elle apporte nourriture et vitalit\u00e9. Elle calme les irritations tout en stimulant la r\u00e9g\u00e9n\u00e9ration des cellules, laissant une sensation de confort durable.<\/p>\n<p>Pourquoi Adopter ce S\u00e9rum au Quotidien ?<br \/>\nSa texture liquide, ultra-l\u00e9g\u00e8re et non grasse, p\u00e9n\u00e8tre instantan\u00e9ment sans laisser de r\u00e9sidu. C&rsquo;est le soin id\u00e9al pour lutter contre le vieillissement cutan\u00e9 pr\u00e9matur\u00e9 caus\u00e9 par la s\u00e9cheresse.<\/p>\n<p>Conseils d&rsquo;utilisation :<br \/>\n1 &#8211; Appliquer quelques gouttes sur le visage matin et soir.<br \/>\n2 &#8211; Le produit peut provoquer une sensation de picotement apr\u00e8s l&rsquo;application.<br \/>\n3 &#8211; Si la sensation est trop forte, la formule peut \u00eatre m\u00e9lang\u00e9e \u00e0 d&rsquo;autres cr\u00e8mes ou s\u00e9rums de votre choix avant chaque application pour en r\u00e9duire l&rsquo;intensit\u00e9.<\/p>\n<p>Composition :<br \/>\nAqua (Water), Propanediol, Betaine, Sodium PCA, Panthenol, Sodium Lactate, Arginine, PCA, Aspartic Acid, Glycine, Alanine, Serine, Threonine, Valine, Proline, Isoleucine, Lysine HCl, Histidine, Phenylalanine, Glutamic Acid, Citric Acid, Dimethyl Isosorbide, Polysorbate 20, Trisodium Ethylenediamine Disuccinate, 1,2-Hexanediol, Caprylyl Glycol.<\/p>","protected":false},"excerpt":{"rendered":"<p>En combinant des acides amin\u00e9s essentiels \u00e0 la puissance de la vitamine B5, ce soin offre une r\u00e9ponse pr\u00e9cise aux peaux assoiff\u00e9es,&hellip;<\/p>","protected":false},"featured_media":20030,"comment_status":"open","ping_status":"closed","template":"","meta":[],"product_cat":[90],"product_tag":[],"yith_product_brand":[219],"class_list":{"0":"post-20031","1":"product","2":"type-product","3":"status-publish","4":"has-post-thumbnail","6":"product_cat-americains","7":"yith_product_brand-the-ordinary","9":"first","10":"instock","11":"shipping-taxable","12":"purchasable","13":"product-type-simple"},"_links":{"self":[{"href":"https:\/\/parapharmacieenligne.ma\/en\/wp-json\/wp\/v2\/product\/20031","targetHints":{"allow":["GET"]}}],"collection":[{"href":"https:\/\/parapharmacieenligne.ma\/en\/wp-json\/wp\/v2\/product"}],"about":[{"href":"https:\/\/parapharmacieenligne.ma\/en\/wp-json\/wp\/v2\/types\/product"}],"replies":[{"embeddable":true,"href":"https:\/\/parapharmacieenligne.ma\/en\/wp-json\/wp\/v2\/comments?post=20031"}],"version-history":[{"count":1,"href":"https:\/\/parapharmacieenligne.ma\/en\/wp-json\/wp\/v2\/product\/20031\/revisions"}],"predecessor-version":[{"id":20032,"href":"https:\/\/parapharmacieenligne.ma\/en\/wp-json\/wp\/v2\/product\/20031\/revisions\/20032"}],"wp:featuredmedia":[{"embeddable":true,"href":"https:\/\/parapharmacieenligne.ma\/en\/wp-json\/wp\/v2\/media\/20030"}],"wp:attachment":[{"href":"https:\/\/parapharmacieenligne.ma\/en\/wp-json\/wp\/v2\/media?parent=20031"}],"wp:term":[{"taxonomy":"product_cat","embeddable":true,"href":"https:\/\/parapharmacieenligne.ma\/en\/wp-json\/wp\/v2\/product_cat?post=20031"},{"taxonomy":"product_tag","embeddable":true,"href":"https:\/\/parapharmacieenligne.ma\/en\/wp-json\/wp\/v2\/product_tag?post=20031"},{"taxonomy":"yith_product_brand","embeddable":true,"href":"https:\/\/parapharmacieenligne.ma\/en\/wp-json\/wp\/v2\/yith_product_brand?post=20031"}],"curies":[{"name":"wp","href":"https:\/\/api.w.org\/{rel}","templated":true}]}}