{"id":20037,"date":"2026-04-18T17:58:42","date_gmt":"2026-04-18T15:58:42","guid":{"rendered":"https:\/\/parapharmacieenligne.ma\/?post_type=product&#038;p=20037"},"modified":"2026-04-18T17:58:47","modified_gmt":"2026-04-18T15:58:47","slug":"the-ordinary-resveratrol-3-ferulic-acid-3-30ml","status":"publish","type":"product","link":"https:\/\/parapharmacieenligne.ma\/en\/product\/the-ordinary-resveratrol-3-ferulic-acid-3-30ml\/","title":{"rendered":"THE ORDINARY RESVERATROL 3 + FERULIC ACID 3 30ML"},"content":{"rendered":"<p>Ce soin \u00ab\u00a0poids plume\u00a0\u00bb \u00e0 la texture subtilement huileuse n&rsquo;est pas qu&rsquo;un simple s\u00e9rum : c&rsquo;est une v\u00e9ritable armure invisible qui pr\u00e9serve l&rsquo;int\u00e9grit\u00e9 de vos cellules face aux agressions du monde moderne.<\/p>\n<p>Une Synergie Antioxydante de Haute Vol\u00e9e<br \/>\nCe s\u00e9rum combine deux des mol\u00e9cules les plus puissantes de la pharmacop\u00e9e cosm\u00e9tique pour une action globale :<\/p>\n<p>Le Resv\u00e9ratrol (3%) : Surnomm\u00e9 la \u00ab\u00a0mol\u00e9cule de long\u00e9vit\u00e9\u00a0\u00bb, ce polyph\u00e9nol naturel est r\u00e9put\u00e9 pour sa capacit\u00e9 exceptionnelle \u00e0 neutraliser les radicaux libres et \u00e0 calmer les inflammations cutan\u00e9es. Il aide la peau \u00e0 se r\u00e9g\u00e9n\u00e9rer tout en am\u00e9liorant sa texture.<\/p>\n<p>L\u2019Acide F\u00e9rulique (3%) : Cet antioxydant v\u00e9g\u00e9tal est un stabilisateur hors pair. Il booste l&rsquo;efficacit\u00e9 des autres soins et prot\u00e8ge la peau contre les effets visibles de la pollution et des rayons UV, responsables du teint terne et des rides pr\u00e9matur\u00e9es.<\/p>\n<p>Action Teint Parfait : Ensemble, ils lissent le grain de peau et ravivent l&rsquo;\u00e9clat, pour un visage qui para\u00eet instantan\u00e9ment plus frais et repos\u00e9.<\/p>\n<p>Conseils d&rsquo;utilisation :<br \/>\n1 &#8211; Appliquer quelques gouttes sur le visage matin et soir.<br \/>\n2 &#8211; Vous pouvez \u00e9galement le m\u00e9langer \u00e0 d&rsquo;autres produits pour renforcer sa capacit\u00e9 antioxydante.<br \/>\n3 &#8211; En cas d&rsquo;irritation, rincer, cesser l&rsquo;utilisation et consulter un m\u00e9decin.<br \/>\n4 &#8211; \u00c0 utiliser uniquement selon les instructions sur une peau saine.<br \/>\nIl est conseill\u00e9 d&rsquo;effectuer un test cutan\u00e9 avant utilisation.<\/p>\n<p>Composition :<br \/>\nPROPANEDIOL, RESVERATROL, FERULIC \u00adACID<\/p>","protected":false},"excerpt":{"rendered":"<p>Ce soin \u00ab\u00a0poids plume\u00a0\u00bb \u00e0 la texture subtilement huileuse n&rsquo;est pas qu&rsquo;un simple s\u00e9rum : c&rsquo;est une v\u00e9ritable armure invisible qui pr\u00e9serve&hellip;<\/p>","protected":false},"featured_media":20036,"comment_status":"open","ping_status":"closed","template":"","meta":[],"product_cat":[90],"product_tag":[],"yith_product_brand":[219],"class_list":{"0":"post-20037","1":"product","2":"type-product","3":"status-publish","4":"has-post-thumbnail","6":"product_cat-americains","7":"yith_product_brand-the-ordinary","9":"first","10":"instock","11":"shipping-taxable","12":"purchasable","13":"product-type-simple"},"_links":{"self":[{"href":"https:\/\/parapharmacieenligne.ma\/en\/wp-json\/wp\/v2\/product\/20037","targetHints":{"allow":["GET"]}}],"collection":[{"href":"https:\/\/parapharmacieenligne.ma\/en\/wp-json\/wp\/v2\/product"}],"about":[{"href":"https:\/\/parapharmacieenligne.ma\/en\/wp-json\/wp\/v2\/types\/product"}],"replies":[{"embeddable":true,"href":"https:\/\/parapharmacieenligne.ma\/en\/wp-json\/wp\/v2\/comments?post=20037"}],"version-history":[{"count":1,"href":"https:\/\/parapharmacieenligne.ma\/en\/wp-json\/wp\/v2\/product\/20037\/revisions"}],"predecessor-version":[{"id":20038,"href":"https:\/\/parapharmacieenligne.ma\/en\/wp-json\/wp\/v2\/product\/20037\/revisions\/20038"}],"wp:featuredmedia":[{"embeddable":true,"href":"https:\/\/parapharmacieenligne.ma\/en\/wp-json\/wp\/v2\/media\/20036"}],"wp:attachment":[{"href":"https:\/\/parapharmacieenligne.ma\/en\/wp-json\/wp\/v2\/media?parent=20037"}],"wp:term":[{"taxonomy":"product_cat","embeddable":true,"href":"https:\/\/parapharmacieenligne.ma\/en\/wp-json\/wp\/v2\/product_cat?post=20037"},{"taxonomy":"product_tag","embeddable":true,"href":"https:\/\/parapharmacieenligne.ma\/en\/wp-json\/wp\/v2\/product_tag?post=20037"},{"taxonomy":"yith_product_brand","embeddable":true,"href":"https:\/\/parapharmacieenligne.ma\/en\/wp-json\/wp\/v2\/yith_product_brand?post=20037"}],"curies":[{"name":"wp","href":"https:\/\/api.w.org\/{rel}","templated":true}]}}