{"id":20040,"date":"2026-04-18T17:58:53","date_gmt":"2026-04-18T15:58:53","guid":{"rendered":"https:\/\/parapharmacieenligne.ma\/?post_type=product&#038;p=20040"},"modified":"2026-04-18T17:58:57","modified_gmt":"2026-04-18T15:58:57","slug":"the-ordinary-multi-peptide-serum-for-hair-density-60-ml","status":"publish","type":"product","link":"https:\/\/parapharmacieenligne.ma\/en\/product\/the-ordinary-multi-peptide-serum-for-hair-density-60-ml\/","title":{"rendered":"THE ORDINARY MULTI PEPTIDE SERUM FOR HAIR DENSITY 60 ML"},"content":{"rendered":"<p>Un s\u00e9rum concentr\u00e9 pour une chevelure plus \u00e9paisse et plus forte.<\/p>\n<p>Dot\u00e9 d\u2019une formule l\u00e9g\u00e8re et innovante, le s\u00e9rum densit\u00e9 au multi-peptides p\u00e9n\u00e8tre au plus profond du cuir chevelu pour activer la circulation et r\u00e9g\u00e9n\u00e9rer les follicules capillaires. Facile \u00e0 appliquer, il transforme la chevelure pour la rendre plus forte et plus longue que jamais.<\/p>\n<p>Utilisation<br \/>\nAppliquez quelques gouttes sur un cuir chevelu propre et sec une fois par jour<br \/>\nMassez d\u00e9licatement le cuir chevelu<br \/>\nNe lavez pas le cuir chevelu apr\u00e8s l&rsquo;application<br \/>\nPour de meilleurs r\u00e9sultats, appliquez au coucher<\/p>","protected":false},"excerpt":{"rendered":"<p>Un s\u00e9rum concentr\u00e9 pour une chevelure plus \u00e9paisse et plus forte. Dot\u00e9 d\u2019une formule l\u00e9g\u00e8re et innovante, le s\u00e9rum densit\u00e9 au multi-peptides&hellip;<\/p>","protected":false},"featured_media":20039,"comment_status":"open","ping_status":"closed","template":"","meta":[],"product_cat":[90],"product_tag":[],"yith_product_brand":[219],"class_list":{"0":"post-20040","1":"product","2":"type-product","3":"status-publish","4":"has-post-thumbnail","6":"product_cat-americains","7":"yith_product_brand-the-ordinary","9":"first","10":"instock","11":"shipping-taxable","12":"purchasable","13":"product-type-simple"},"_links":{"self":[{"href":"https:\/\/parapharmacieenligne.ma\/en\/wp-json\/wp\/v2\/product\/20040","targetHints":{"allow":["GET"]}}],"collection":[{"href":"https:\/\/parapharmacieenligne.ma\/en\/wp-json\/wp\/v2\/product"}],"about":[{"href":"https:\/\/parapharmacieenligne.ma\/en\/wp-json\/wp\/v2\/types\/product"}],"replies":[{"embeddable":true,"href":"https:\/\/parapharmacieenligne.ma\/en\/wp-json\/wp\/v2\/comments?post=20040"}],"version-history":[{"count":1,"href":"https:\/\/parapharmacieenligne.ma\/en\/wp-json\/wp\/v2\/product\/20040\/revisions"}],"predecessor-version":[{"id":20041,"href":"https:\/\/parapharmacieenligne.ma\/en\/wp-json\/wp\/v2\/product\/20040\/revisions\/20041"}],"wp:featuredmedia":[{"embeddable":true,"href":"https:\/\/parapharmacieenligne.ma\/en\/wp-json\/wp\/v2\/media\/20039"}],"wp:attachment":[{"href":"https:\/\/parapharmacieenligne.ma\/en\/wp-json\/wp\/v2\/media?parent=20040"}],"wp:term":[{"taxonomy":"product_cat","embeddable":true,"href":"https:\/\/parapharmacieenligne.ma\/en\/wp-json\/wp\/v2\/product_cat?post=20040"},{"taxonomy":"product_tag","embeddable":true,"href":"https:\/\/parapharmacieenligne.ma\/en\/wp-json\/wp\/v2\/product_tag?post=20040"},{"taxonomy":"yith_product_brand","embeddable":true,"href":"https:\/\/parapharmacieenligne.ma\/en\/wp-json\/wp\/v2\/yith_product_brand?post=20040"}],"curies":[{"name":"wp","href":"https:\/\/api.w.org\/{rel}","templated":true}]}}