{"id":20043,"date":"2026-04-18T17:59:06","date_gmt":"2026-04-18T15:59:06","guid":{"rendered":"https:\/\/parapharmacieenligne.ma\/?post_type=product&#038;p=20043"},"modified":"2026-04-18T17:59:11","modified_gmt":"2026-04-18T15:59:11","slug":"the-ordinary-serum-multi-peptide-pour-cheveux-30-ml","status":"publish","type":"product","link":"https:\/\/parapharmacieenligne.ma\/en\/product\/the-ordinary-serum-multi-peptide-pour-cheveux-30-ml\/","title":{"rendered":"THE ORDINARY SERUM MULTI PEPTIDE POUR CHEVEUX 30 ML"},"content":{"rendered":"<p>Un s\u00e9rum hautement efficace pour des cheveux qui paraissent plus \u00e9pais, plus denses, plus pleins et plus sains. \u2013 Contient un large \u00e9ventail de vitamines, min\u00e9raux, acides amin\u00e9s, peptides, polyph\u00e9nols et autres nutriments en concentrations extr\u00eamement \u00e9lev\u00e9es.<\/p>\n<p>Conseils d&rsquo;utilisation:<\/p>\n<p>Appliquer quelques gouttes sur le cuir chevelu sec et nettoy\u00e9 et masser. Ne pas rincer.<\/p>","protected":false},"excerpt":{"rendered":"<p>Un s\u00e9rum hautement efficace pour des cheveux qui paraissent plus \u00e9pais, plus denses, plus pleins et plus sains. \u2013 Contient un large&hellip;<\/p>","protected":false},"featured_media":20042,"comment_status":"open","ping_status":"closed","template":"","meta":[],"product_cat":[90],"product_tag":[],"yith_product_brand":[219],"class_list":{"0":"post-20043","1":"product","2":"type-product","3":"status-publish","4":"has-post-thumbnail","6":"product_cat-americains","7":"yith_product_brand-the-ordinary","9":"first","10":"instock","11":"shipping-taxable","12":"purchasable","13":"product-type-simple"},"_links":{"self":[{"href":"https:\/\/parapharmacieenligne.ma\/en\/wp-json\/wp\/v2\/product\/20043","targetHints":{"allow":["GET"]}}],"collection":[{"href":"https:\/\/parapharmacieenligne.ma\/en\/wp-json\/wp\/v2\/product"}],"about":[{"href":"https:\/\/parapharmacieenligne.ma\/en\/wp-json\/wp\/v2\/types\/product"}],"replies":[{"embeddable":true,"href":"https:\/\/parapharmacieenligne.ma\/en\/wp-json\/wp\/v2\/comments?post=20043"}],"version-history":[{"count":1,"href":"https:\/\/parapharmacieenligne.ma\/en\/wp-json\/wp\/v2\/product\/20043\/revisions"}],"predecessor-version":[{"id":20044,"href":"https:\/\/parapharmacieenligne.ma\/en\/wp-json\/wp\/v2\/product\/20043\/revisions\/20044"}],"wp:featuredmedia":[{"embeddable":true,"href":"https:\/\/parapharmacieenligne.ma\/en\/wp-json\/wp\/v2\/media\/20042"}],"wp:attachment":[{"href":"https:\/\/parapharmacieenligne.ma\/en\/wp-json\/wp\/v2\/media?parent=20043"}],"wp:term":[{"taxonomy":"product_cat","embeddable":true,"href":"https:\/\/parapharmacieenligne.ma\/en\/wp-json\/wp\/v2\/product_cat?post=20043"},{"taxonomy":"product_tag","embeddable":true,"href":"https:\/\/parapharmacieenligne.ma\/en\/wp-json\/wp\/v2\/product_tag?post=20043"},{"taxonomy":"yith_product_brand","embeddable":true,"href":"https:\/\/parapharmacieenligne.ma\/en\/wp-json\/wp\/v2\/yith_product_brand?post=20043"}],"curies":[{"name":"wp","href":"https:\/\/api.w.org\/{rel}","templated":true}]}}