{"id":20046,"date":"2026-04-18T17:59:17","date_gmt":"2026-04-18T15:59:17","guid":{"rendered":"https:\/\/parapharmacieenligne.ma\/?post_type=product&#038;p=20046"},"modified":"2026-04-18T17:59:23","modified_gmt":"2026-04-18T15:59:23","slug":"the-ordinary-solution-de-cafeine-5-egcg-30-ml","status":"publish","type":"product","link":"https:\/\/parapharmacieenligne.ma\/en\/product\/the-ordinary-solution-de-cafeine-5-egcg-30-ml\/","title":{"rendered":"THE ORDINARY SOLUTION DE CAFEINE 5% + EGCG 30 ML"},"content":{"rendered":"<p>The Ordinary Solution de Caf\u00e9ine 5% + EGCG r\u00e9duit l&rsquo;apparence de la pigmentation du contour des yeux et des poches.<\/p>\n<p>Cette formule \u00e0 texture l\u00e9g\u00e8re contient une concentration extr\u00eamement \u00e9lev\u00e9e de caf\u00e9ine \u00e0 5%, compl\u00e9t\u00e9e par de l&rsquo;\u00e9pigallocat\u00e9chine gallatyl glucoside (EGCG) hautement purifi\u00e9e de feuilles de th\u00e9 vert.<\/p>\n<p>Des \u00e9tudes ind\u00e9pendantes ont montr\u00e9 que l&rsquo;utilisation topique de la caf\u00e9ine et de l&rsquo;EGCG peut aider \u00e0 r\u00e9duire l&rsquo;apparence des poches et des cernes dans le contour de l&rsquo;\u0153il. Des \u00e9tudes suppl\u00e9mentaires ont montr\u00e9 que la caf\u00e9ine peut \u00e9galement r\u00e9duire l&rsquo;apparence de la cellulite.<\/p>\n<p>Sans alcool, sans huile, sans silicone, sans noix, v\u00e9g\u00e9talien, non test\u00e9 sur les animaux.<br \/>\nConseils d&rsquo;utilisation<br \/>\nMassez une petite quantit\u00e9 de The Ordinary Solution de Caf\u00e9ine 5% + EGCG sur le contour des yeux matin et soir.<\/p>","protected":false},"excerpt":{"rendered":"<p>The Ordinary Solution de Caf\u00e9ine 5% + EGCG r\u00e9duit l&rsquo;apparence de la pigmentation du contour des yeux et des poches. Cette formule&hellip;<\/p>","protected":false},"featured_media":20045,"comment_status":"open","ping_status":"closed","template":"","meta":[],"product_cat":[90],"product_tag":[],"yith_product_brand":[219],"class_list":{"0":"post-20046","1":"product","2":"type-product","3":"status-publish","4":"has-post-thumbnail","6":"product_cat-americains","7":"yith_product_brand-the-ordinary","9":"first","10":"instock","11":"shipping-taxable","12":"purchasable","13":"product-type-simple"},"_links":{"self":[{"href":"https:\/\/parapharmacieenligne.ma\/en\/wp-json\/wp\/v2\/product\/20046","targetHints":{"allow":["GET"]}}],"collection":[{"href":"https:\/\/parapharmacieenligne.ma\/en\/wp-json\/wp\/v2\/product"}],"about":[{"href":"https:\/\/parapharmacieenligne.ma\/en\/wp-json\/wp\/v2\/types\/product"}],"replies":[{"embeddable":true,"href":"https:\/\/parapharmacieenligne.ma\/en\/wp-json\/wp\/v2\/comments?post=20046"}],"version-history":[{"count":1,"href":"https:\/\/parapharmacieenligne.ma\/en\/wp-json\/wp\/v2\/product\/20046\/revisions"}],"predecessor-version":[{"id":20047,"href":"https:\/\/parapharmacieenligne.ma\/en\/wp-json\/wp\/v2\/product\/20046\/revisions\/20047"}],"wp:featuredmedia":[{"embeddable":true,"href":"https:\/\/parapharmacieenligne.ma\/en\/wp-json\/wp\/v2\/media\/20045"}],"wp:attachment":[{"href":"https:\/\/parapharmacieenligne.ma\/en\/wp-json\/wp\/v2\/media?parent=20046"}],"wp:term":[{"taxonomy":"product_cat","embeddable":true,"href":"https:\/\/parapharmacieenligne.ma\/en\/wp-json\/wp\/v2\/product_cat?post=20046"},{"taxonomy":"product_tag","embeddable":true,"href":"https:\/\/parapharmacieenligne.ma\/en\/wp-json\/wp\/v2\/product_tag?post=20046"},{"taxonomy":"yith_product_brand","embeddable":true,"href":"https:\/\/parapharmacieenligne.ma\/en\/wp-json\/wp\/v2\/yith_product_brand?post=20046"}],"curies":[{"name":"wp","href":"https:\/\/api.w.org\/{rel}","templated":true}]}}