{"id":20052,"date":"2026-04-18T17:59:42","date_gmt":"2026-04-18T15:59:42","guid":{"rendered":"https:\/\/parapharmacieenligne.ma\/?post_type=product&#038;p=20052"},"modified":"2026-04-18T17:59:51","modified_gmt":"2026-04-18T15:59:51","slug":"the-ordinary-suspension-de-vitamine-c-23-spheres-de-ha-2","status":"publish","type":"product","link":"https:\/\/parapharmacieenligne.ma\/en\/product\/the-ordinary-suspension-de-vitamine-c-23-spheres-de-ha-2\/","title":{"rendered":"THE ORDINARY SUSPENSION DE VITAMINE C 23% + SPHERES DE HA 2%"},"content":{"rendered":"<p>S\u00e9rum anti-\u00e2ge<br \/>\nCette formule vegan contient 23% d&rsquo;Acide L-Ascorbique pur tr\u00e8s stable car elle ne contient pas d&rsquo;eau.<\/p>\n<p>L&rsquo;ajout de sph\u00e8res d\u00e9shydrat\u00e9es d&rsquo;Acide Hyaluronique, combin\u00e9 \u00e0 la Vitamine C, lisse visiblement la surface de la peau.<\/p>\n<p>Appliquer une petite quantite\u0301 sur le visage matin ou soir (de pre\u0301fe\u0301rence le soir).<\/p>","protected":false},"excerpt":{"rendered":"<p>S\u00e9rum anti-\u00e2ge Cette formule vegan contient 23% d&rsquo;Acide L-Ascorbique pur tr\u00e8s stable car elle ne contient pas d&rsquo;eau. L&rsquo;ajout de sph\u00e8res d\u00e9shydrat\u00e9es&hellip;<\/p>","protected":false},"featured_media":20051,"comment_status":"open","ping_status":"closed","template":"","meta":[],"product_cat":[90],"product_tag":[],"yith_product_brand":[219],"class_list":{"0":"post-20052","1":"product","2":"type-product","3":"status-publish","4":"has-post-thumbnail","6":"product_cat-americains","7":"yith_product_brand-the-ordinary","9":"first","10":"instock","11":"shipping-taxable","12":"purchasable","13":"product-type-simple"},"_links":{"self":[{"href":"https:\/\/parapharmacieenligne.ma\/en\/wp-json\/wp\/v2\/product\/20052","targetHints":{"allow":["GET"]}}],"collection":[{"href":"https:\/\/parapharmacieenligne.ma\/en\/wp-json\/wp\/v2\/product"}],"about":[{"href":"https:\/\/parapharmacieenligne.ma\/en\/wp-json\/wp\/v2\/types\/product"}],"replies":[{"embeddable":true,"href":"https:\/\/parapharmacieenligne.ma\/en\/wp-json\/wp\/v2\/comments?post=20052"}],"version-history":[{"count":1,"href":"https:\/\/parapharmacieenligne.ma\/en\/wp-json\/wp\/v2\/product\/20052\/revisions"}],"predecessor-version":[{"id":20053,"href":"https:\/\/parapharmacieenligne.ma\/en\/wp-json\/wp\/v2\/product\/20052\/revisions\/20053"}],"wp:featuredmedia":[{"embeddable":true,"href":"https:\/\/parapharmacieenligne.ma\/en\/wp-json\/wp\/v2\/media\/20051"}],"wp:attachment":[{"href":"https:\/\/parapharmacieenligne.ma\/en\/wp-json\/wp\/v2\/media?parent=20052"}],"wp:term":[{"taxonomy":"product_cat","embeddable":true,"href":"https:\/\/parapharmacieenligne.ma\/en\/wp-json\/wp\/v2\/product_cat?post=20052"},{"taxonomy":"product_tag","embeddable":true,"href":"https:\/\/parapharmacieenligne.ma\/en\/wp-json\/wp\/v2\/product_tag?post=20052"},{"taxonomy":"yith_product_brand","embeddable":true,"href":"https:\/\/parapharmacieenligne.ma\/en\/wp-json\/wp\/v2\/yith_product_brand?post=20052"}],"curies":[{"name":"wp","href":"https:\/\/api.w.org\/{rel}","templated":true}]}}