{"id":20055,"date":"2026-04-18T18:00:00","date_gmt":"2026-04-18T16:00:00","guid":{"rendered":"https:\/\/parapharmacieenligne.ma\/?post_type=product&#038;p=20055"},"modified":"2026-04-18T18:00:07","modified_gmt":"2026-04-18T16:00:07","slug":"the-ordinary-multi-peptide-ha-serum-30-ml","status":"publish","type":"product","link":"https:\/\/parapharmacieenligne.ma\/en\/product\/the-ordinary-multi-peptide-ha-serum-30-ml\/","title":{"rendered":"THE ORDINARY MULTI PEPTIDE + HA SERUM 30 ML"},"content":{"rendered":"<p>Le s\u00e9rum Multi-Peptide + HA est une formule universelle qui combine une gamme compl\u00e8te de technologies pour am\u00e9liorer la douceur de la peau et cibler plusieurs signes de vieillissement \u00e0 la fois. En utilisant quatre technologies peptidiques bien \u00e9tudi\u00e9es, des acides amin\u00e9s respectueux de la peau et de multiples complexes d&rsquo;acide hyaluronique, il aide \u00e0 am\u00e9liorer consid\u00e9rablement l&rsquo;apparence des pattes d&rsquo;oie, ainsi qu&rsquo;\u00e0 am\u00e9liorer la sensation d&rsquo;\u00e9lasticit\u00e9 et de fermet\u00e9 de la peau.<\/p>\n<p>Cette formule contient du SYN\u2122-AKE, du Matrixyl\u2122 synthe&rsquo;6\u2122, du Matrixyl\u2122 3000, du peptide ARGIRELOX\u2122, de l&rsquo;acide hyaluronique, des acides amin\u00e9s et des biod\u00e9riv\u00e9s.<\/p>\n<p>Conseils d&rsquo;utilisation:<\/p>\n<p>Appliquer quelques gouttes sur le visage matin et soir.<\/p>","protected":false},"excerpt":{"rendered":"<p>Le s\u00e9rum Multi-Peptide + HA est une formule universelle qui combine une gamme compl\u00e8te de technologies pour am\u00e9liorer la douceur de la&hellip;<\/p>","protected":false},"featured_media":20054,"comment_status":"open","ping_status":"closed","template":"","meta":[],"product_cat":[90],"product_tag":[],"yith_product_brand":[219],"class_list":{"0":"post-20055","1":"product","2":"type-product","3":"status-publish","4":"has-post-thumbnail","6":"product_cat-americains","7":"yith_product_brand-the-ordinary","9":"first","10":"instock","11":"shipping-taxable","12":"purchasable","13":"product-type-simple"},"_links":{"self":[{"href":"https:\/\/parapharmacieenligne.ma\/en\/wp-json\/wp\/v2\/product\/20055","targetHints":{"allow":["GET"]}}],"collection":[{"href":"https:\/\/parapharmacieenligne.ma\/en\/wp-json\/wp\/v2\/product"}],"about":[{"href":"https:\/\/parapharmacieenligne.ma\/en\/wp-json\/wp\/v2\/types\/product"}],"replies":[{"embeddable":true,"href":"https:\/\/parapharmacieenligne.ma\/en\/wp-json\/wp\/v2\/comments?post=20055"}],"version-history":[{"count":1,"href":"https:\/\/parapharmacieenligne.ma\/en\/wp-json\/wp\/v2\/product\/20055\/revisions"}],"predecessor-version":[{"id":20056,"href":"https:\/\/parapharmacieenligne.ma\/en\/wp-json\/wp\/v2\/product\/20055\/revisions\/20056"}],"wp:featuredmedia":[{"embeddable":true,"href":"https:\/\/parapharmacieenligne.ma\/en\/wp-json\/wp\/v2\/media\/20054"}],"wp:attachment":[{"href":"https:\/\/parapharmacieenligne.ma\/en\/wp-json\/wp\/v2\/media?parent=20055"}],"wp:term":[{"taxonomy":"product_cat","embeddable":true,"href":"https:\/\/parapharmacieenligne.ma\/en\/wp-json\/wp\/v2\/product_cat?post=20055"},{"taxonomy":"product_tag","embeddable":true,"href":"https:\/\/parapharmacieenligne.ma\/en\/wp-json\/wp\/v2\/product_tag?post=20055"},{"taxonomy":"yith_product_brand","embeddable":true,"href":"https:\/\/parapharmacieenligne.ma\/en\/wp-json\/wp\/v2\/yith_product_brand?post=20055"}],"curies":[{"name":"wp","href":"https:\/\/api.w.org\/{rel}","templated":true}]}}