{"id":20058,"date":"2026-04-18T18:00:13","date_gmt":"2026-04-18T16:00:13","guid":{"rendered":"https:\/\/parapharmacieenligne.ma\/?post_type=product&#038;p=20058"},"modified":"2026-04-18T18:00:18","modified_gmt":"2026-04-18T16:00:18","slug":"the-ordinary-vitamin-c-suspension-30-in-silicone-30-ml","status":"publish","type":"product","link":"https:\/\/parapharmacieenligne.ma\/en\/product\/the-ordinary-vitamin-c-suspension-30-in-silicone-30-ml\/","title":{"rendered":"THE ORDINARY VITAMIN C SUSPENSION 30% IN SILICONE 30 ML"},"content":{"rendered":"<p>Une suspension stable sans eau et contenant 30 % d&rsquo;acide L-ascorbique pur dans des silicones l\u00e9g\u00e8res.<br \/>\nLa vitamine C est un antioxydant efficace qui illumine le teint et r\u00e9duit l&rsquo;apparence des signes du vieillissement. Cette formule sans eau fournit de l&rsquo;acide L-ascorbique pur \u00e0 30 % qui reste compl\u00e8tement stable en raison de l&rsquo;absence d&rsquo;eau.<\/p>\n<p>En raison de la pr\u00e9sence de silicones tr\u00e8s l\u00e9g\u00e8res, cette formulation est lisse sur la peau malgr\u00e9 le format de suspension, ce qui \u00e9vite la sensation de saccades \u00e9ph\u00e9m\u00e8res de notre formule originale de suspension de vitamine C 23 % + HA sph\u00e8res \u00e0 2 %.<br \/>\nCe traitement est id\u00e9alement appliqu\u00e9 au coucher.<\/p>\n<p>Cruelty Free. Vegan.<\/p>\n<p>Ce traitement est id\u00e9alement appliqu\u00e9 au coucher. Appliquez une petite quantit\u00e9. Eviter le contact avec les yeux. Une sensation de picotement peut \u00eatre attendue apr\u00e8s l&rsquo;application. Si cette sensation est trop forte, cette formule peut \u00eatre dilu\u00e9e \u00e0 chaque application avec votre s\u00e9rum ou cr\u00e8me pr\u00e9f\u00e9r\u00e9. En cas d&rsquo;irritation, cesser l&rsquo;utilisation et consulter un m\u00e9decin. Utilisez uniquement comme indiqu\u00e9 sur une peau intacte.<\/p>","protected":false},"excerpt":{"rendered":"<p>Une suspension stable sans eau et contenant 30 % d&rsquo;acide L-ascorbique pur dans des silicones l\u00e9g\u00e8res. La vitamine C est un antioxydant&hellip;<\/p>","protected":false},"featured_media":20057,"comment_status":"open","ping_status":"closed","template":"","meta":[],"product_cat":[90],"product_tag":[],"yith_product_brand":[219],"class_list":{"0":"post-20058","1":"product","2":"type-product","3":"status-publish","4":"has-post-thumbnail","6":"product_cat-americains","7":"yith_product_brand-the-ordinary","9":"first","10":"instock","11":"shipping-taxable","12":"purchasable","13":"product-type-simple"},"_links":{"self":[{"href":"https:\/\/parapharmacieenligne.ma\/en\/wp-json\/wp\/v2\/product\/20058","targetHints":{"allow":["GET"]}}],"collection":[{"href":"https:\/\/parapharmacieenligne.ma\/en\/wp-json\/wp\/v2\/product"}],"about":[{"href":"https:\/\/parapharmacieenligne.ma\/en\/wp-json\/wp\/v2\/types\/product"}],"replies":[{"embeddable":true,"href":"https:\/\/parapharmacieenligne.ma\/en\/wp-json\/wp\/v2\/comments?post=20058"}],"version-history":[{"count":1,"href":"https:\/\/parapharmacieenligne.ma\/en\/wp-json\/wp\/v2\/product\/20058\/revisions"}],"predecessor-version":[{"id":20059,"href":"https:\/\/parapharmacieenligne.ma\/en\/wp-json\/wp\/v2\/product\/20058\/revisions\/20059"}],"wp:featuredmedia":[{"embeddable":true,"href":"https:\/\/parapharmacieenligne.ma\/en\/wp-json\/wp\/v2\/media\/20057"}],"wp:attachment":[{"href":"https:\/\/parapharmacieenligne.ma\/en\/wp-json\/wp\/v2\/media?parent=20058"}],"wp:term":[{"taxonomy":"product_cat","embeddable":true,"href":"https:\/\/parapharmacieenligne.ma\/en\/wp-json\/wp\/v2\/product_cat?post=20058"},{"taxonomy":"product_tag","embeddable":true,"href":"https:\/\/parapharmacieenligne.ma\/en\/wp-json\/wp\/v2\/product_tag?post=20058"},{"taxonomy":"yith_product_brand","embeddable":true,"href":"https:\/\/parapharmacieenligne.ma\/en\/wp-json\/wp\/v2\/yith_product_brand?post=20058"}],"curies":[{"name":"wp","href":"https:\/\/api.w.org\/{rel}","templated":true}]}}