{"id":20064,"date":"2026-04-18T18:00:40","date_gmt":"2026-04-18T16:00:40","guid":{"rendered":"https:\/\/parapharmacieenligne.ma\/?post_type=product&#038;p=20064"},"modified":"2026-04-18T18:00:46","modified_gmt":"2026-04-18T16:00:46","slug":"the-ordinary-salicylic-acid-2-anhydrous-solution","status":"publish","type":"product","link":"https:\/\/parapharmacieenligne.ma\/en\/product\/the-ordinary-salicylic-acid-2-anhydrous-solution\/","title":{"rendered":"THE ORDINARY SALICYLIC ACID 2 ANHYDROUS SOLUTION"},"content":{"rendered":"<p>S\u00e9rum sans eau pour une exfoliation douce et une d\u00e9congestion des pores The Ordinary Salicylic Acid 2% Anhydrous Solution est un produit sans eau formul\u00e9 pour exfolier la peau et aider \u00e0 d\u00e9congestionner les pores. Les acides directs, notamment les acides alpha-hydroxy (AHA) et les acides b\u00eata-hydroxy (BHA), sont r\u00e9put\u00e9s pour leur capacit\u00e9 \u00e0 favoriser l&rsquo;\u00e9limination naturelle des peaux mortes. Alors que les AHA visent \u00e0 promouvoir une exfoliation superficielle, l&rsquo;acide salicylique (SA), un BHA lipophile, est particuli\u00e8rement efficace pour cibler le s\u00e9bum dans les pores qui peut entra\u00eener une congestion.La solution anhydre d&rsquo;acide salicylique \u00e0 2 % The Ordinary offre de l&rsquo;acide salicylique dans une base de squalane formul\u00e9e dans le but de r\u00e9duire les probl\u00e8mes d&rsquo;irritation cutan\u00e9e qui peuvent \u00eatre associ\u00e9s \u00e0 l&rsquo;utilisation de l&rsquo;AS. Sans alcool, sans huile, sans silicone.Vegan &amp; Cruelty Free<\/p>\n<p>Conseils d&rsquo;utilisation:<\/p>\n<p>Appliquer le matin et le soir. Appliquer un petit point sur la zone cibl\u00e9e ou appliquer une petite quantit\u00e9 sur le visage pour un usage g\u00e9n\u00e9ral. Ne pas utiliser sur une peau sensible, qui p\u00e8le ou fragilis\u00e9e. \u00c9vitez le contour des yeux et le contact avec les yeux.<\/p>","protected":false},"excerpt":{"rendered":"<p>S\u00e9rum sans eau pour une exfoliation douce et une d\u00e9congestion des pores The Ordinary Salicylic Acid 2% Anhydrous Solution est un produit&hellip;<\/p>","protected":false},"featured_media":20063,"comment_status":"open","ping_status":"closed","template":"","meta":[],"product_cat":[90],"product_tag":[],"yith_product_brand":[219],"class_list":{"0":"post-20064","1":"product","2":"type-product","3":"status-publish","4":"has-post-thumbnail","6":"product_cat-americains","7":"yith_product_brand-the-ordinary","9":"first","10":"instock","11":"shipping-taxable","12":"purchasable","13":"product-type-simple"},"_links":{"self":[{"href":"https:\/\/parapharmacieenligne.ma\/en\/wp-json\/wp\/v2\/product\/20064","targetHints":{"allow":["GET"]}}],"collection":[{"href":"https:\/\/parapharmacieenligne.ma\/en\/wp-json\/wp\/v2\/product"}],"about":[{"href":"https:\/\/parapharmacieenligne.ma\/en\/wp-json\/wp\/v2\/types\/product"}],"replies":[{"embeddable":true,"href":"https:\/\/parapharmacieenligne.ma\/en\/wp-json\/wp\/v2\/comments?post=20064"}],"version-history":[{"count":1,"href":"https:\/\/parapharmacieenligne.ma\/en\/wp-json\/wp\/v2\/product\/20064\/revisions"}],"predecessor-version":[{"id":20065,"href":"https:\/\/parapharmacieenligne.ma\/en\/wp-json\/wp\/v2\/product\/20064\/revisions\/20065"}],"wp:featuredmedia":[{"embeddable":true,"href":"https:\/\/parapharmacieenligne.ma\/en\/wp-json\/wp\/v2\/media\/20063"}],"wp:attachment":[{"href":"https:\/\/parapharmacieenligne.ma\/en\/wp-json\/wp\/v2\/media?parent=20064"}],"wp:term":[{"taxonomy":"product_cat","embeddable":true,"href":"https:\/\/parapharmacieenligne.ma\/en\/wp-json\/wp\/v2\/product_cat?post=20064"},{"taxonomy":"product_tag","embeddable":true,"href":"https:\/\/parapharmacieenligne.ma\/en\/wp-json\/wp\/v2\/product_tag?post=20064"},{"taxonomy":"yith_product_brand","embeddable":true,"href":"https:\/\/parapharmacieenligne.ma\/en\/wp-json\/wp\/v2\/yith_product_brand?post=20064"}],"curies":[{"name":"wp","href":"https:\/\/api.w.org\/{rel}","templated":true}]}}