{"id":20067,"date":"2026-04-18T18:00:54","date_gmt":"2026-04-18T16:00:54","guid":{"rendered":"https:\/\/parapharmacieenligne.ma\/?post_type=product&#038;p=20067"},"modified":"2026-04-18T18:01:01","modified_gmt":"2026-04-18T16:01:01","slug":"the-ordinary-multi-peptide-serum-yeux","status":"publish","type":"product","link":"https:\/\/parapharmacieenligne.ma\/en\/product\/the-ordinary-multi-peptide-serum-yeux\/","title":{"rendered":"THE ORDINARY MULTI PEPTIDE SERUM YEUX"},"content":{"rendered":"<p>La formule \u00e0 base d&rsquo;eau du S\u00e9rum Multi-Peptides Yeux contient plusieurs technologies peptidiques qui ciblent l&rsquo;apparition des signes de vieillissement courants associ\u00e9s au contour des yeux, notamment les pattes d&rsquo;oie et les rides sous les yeux, ainsi que les poches et les cernes.<br \/>\nLes ingr\u00e9dients les plus importants de la formule sont le palmitoyl tripeptide-38, qui cible l&rsquo;apparence, le volume et la profondeur des rides autour de l&rsquo;\u0153il, les glucosides d\u00e9congestionnants, qui aident \u00e0 r\u00e9sorber les cernes, et un complexe de niacinamide et d&rsquo;extrait d&rsquo;\u00e9corce de fr\u00eane, qui s&rsquo;attaque efficacement aux poches sous les yeux.<\/p>\n<p>Conseils d&rsquo;utilisation :<\/p>\n<p>Appliquez une petite quantit\u00e9 sur le contour des yeux, matin et soir.<\/p>","protected":false},"excerpt":{"rendered":"<p>La formule \u00e0 base d&rsquo;eau du S\u00e9rum Multi-Peptides Yeux contient plusieurs technologies peptidiques qui ciblent l&rsquo;apparition des signes de vieillissement courants associ\u00e9s&hellip;<\/p>","protected":false},"featured_media":20066,"comment_status":"open","ping_status":"closed","template":"","meta":[],"product_cat":[90],"product_tag":[],"yith_product_brand":[219],"class_list":{"0":"post-20067","1":"product","2":"type-product","3":"status-publish","4":"has-post-thumbnail","6":"product_cat-americains","7":"yith_product_brand-the-ordinary","9":"first","10":"instock","11":"shipping-taxable","12":"purchasable","13":"product-type-simple"},"_links":{"self":[{"href":"https:\/\/parapharmacieenligne.ma\/en\/wp-json\/wp\/v2\/product\/20067","targetHints":{"allow":["GET"]}}],"collection":[{"href":"https:\/\/parapharmacieenligne.ma\/en\/wp-json\/wp\/v2\/product"}],"about":[{"href":"https:\/\/parapharmacieenligne.ma\/en\/wp-json\/wp\/v2\/types\/product"}],"replies":[{"embeddable":true,"href":"https:\/\/parapharmacieenligne.ma\/en\/wp-json\/wp\/v2\/comments?post=20067"}],"version-history":[{"count":1,"href":"https:\/\/parapharmacieenligne.ma\/en\/wp-json\/wp\/v2\/product\/20067\/revisions"}],"predecessor-version":[{"id":20068,"href":"https:\/\/parapharmacieenligne.ma\/en\/wp-json\/wp\/v2\/product\/20067\/revisions\/20068"}],"wp:featuredmedia":[{"embeddable":true,"href":"https:\/\/parapharmacieenligne.ma\/en\/wp-json\/wp\/v2\/media\/20066"}],"wp:attachment":[{"href":"https:\/\/parapharmacieenligne.ma\/en\/wp-json\/wp\/v2\/media?parent=20067"}],"wp:term":[{"taxonomy":"product_cat","embeddable":true,"href":"https:\/\/parapharmacieenligne.ma\/en\/wp-json\/wp\/v2\/product_cat?post=20067"},{"taxonomy":"product_tag","embeddable":true,"href":"https:\/\/parapharmacieenligne.ma\/en\/wp-json\/wp\/v2\/product_tag?post=20067"},{"taxonomy":"yith_product_brand","embeddable":true,"href":"https:\/\/parapharmacieenligne.ma\/en\/wp-json\/wp\/v2\/yith_product_brand?post=20067"}],"curies":[{"name":"wp","href":"https:\/\/api.w.org\/{rel}","templated":true}]}}