{"id":20070,"date":"2026-04-18T18:01:08","date_gmt":"2026-04-18T16:01:08","guid":{"rendered":"https:\/\/parapharmacieenligne.ma\/?post_type=product&#038;p=20070"},"modified":"2026-04-18T18:01:15","modified_gmt":"2026-04-18T16:01:15","slug":"the-ordinary-glycolic-acid-7-exfoliating-toner-100-ml","status":"publish","type":"product","link":"https:\/\/parapharmacieenligne.ma\/en\/product\/the-ordinary-glycolic-acid-7-exfoliating-toner-100-ml\/","title":{"rendered":"THE ORDINARY GLYCOLIC ACID 7% EXFOLIATING TONER 100 ML"},"content":{"rendered":"<p>Offrez \u00e0 votre peau une exfoliation douce mais efficace avec The Ordinary Glycolic Acid 7% Exfoliating Toner. Ce toner \u00e0 l\u2019acide glycolique, un acide alpha-hydroxyl\u00e9 (AHA), exfolie la peau en douceur pour un teint plus lumineux et plus uniforme. Sa formule \u00e0 7 % am\u00e9liore le grain de peau et affine le teint au fil du temps, en lui redonnant \u00e9clat et nettet\u00e9. Il est id\u00e9al pour les peaux ternes, rugueuses, ou avec des irr\u00e9gularit\u00e9s.<\/p>\n<p>Enrichi en racine de ginseng et aloe vera, ce tonique apaisant nourrit la peau tout en r\u00e9duisant les effets de l\u2019acide glycolique, notamment les irritations. La pr\u00e9sence de poivre de Tasmanie, un d\u00e9riv\u00e9 v\u00e9g\u00e9tal, aide \u00e0 apaiser la peau et \u00e0 minimiser les inconforts li\u00e9s \u00e0 l\u2019utilisation d\u2019acides. Ce soin unique \u00e9quilibre exfoliation et apaisement, pour une peau \u00e9clatante et douce sans agression.<\/p>\n<p>Conseils d\u2019utilisation :<\/p>\n<p>Appliquez quotidiennement : Utilisez un coton pour appliquer le toner sur votre visage propre, en \u00e9vitant le contour des yeux.<br \/>\nCommencez progressivement : Si vous \u00eates nouveau \u00e0 l&rsquo;acide glycolique, commencez par l&rsquo;utiliser tous les deux jours et augmentez la fr\u00e9quence si votre peau le tol\u00e8re.<br \/>\nN&rsquo;oubliez pas la protection solaire : Ce toner exfoliant peut rendre votre peau plus sensible au soleil. Il est donc crucial d&rsquo;appliquer une cr\u00e8me solaire \u00e0 large spectre pendant la journ\u00e9e.<br \/>\nSoins compl\u00e9mentaires : Pour maximiser les r\u00e9sultats, combinez-le avec d&rsquo;autres produits hydratants et apaisants pour maintenir l\u2019\u00e9quilibre de votre peau.<\/p>","protected":false},"excerpt":{"rendered":"<p>Offrez \u00e0 votre peau une exfoliation douce mais efficace avec The Ordinary Glycolic Acid 7% Exfoliating Toner. Ce toner \u00e0 l\u2019acide glycolique,&hellip;<\/p>","protected":false},"featured_media":20069,"comment_status":"open","ping_status":"closed","template":"","meta":[],"product_cat":[90],"product_tag":[],"yith_product_brand":[219],"class_list":{"0":"post-20070","1":"product","2":"type-product","3":"status-publish","4":"has-post-thumbnail","6":"product_cat-americains","7":"yith_product_brand-the-ordinary","9":"first","10":"instock","11":"shipping-taxable","12":"purchasable","13":"product-type-simple"},"_links":{"self":[{"href":"https:\/\/parapharmacieenligne.ma\/en\/wp-json\/wp\/v2\/product\/20070","targetHints":{"allow":["GET"]}}],"collection":[{"href":"https:\/\/parapharmacieenligne.ma\/en\/wp-json\/wp\/v2\/product"}],"about":[{"href":"https:\/\/parapharmacieenligne.ma\/en\/wp-json\/wp\/v2\/types\/product"}],"replies":[{"embeddable":true,"href":"https:\/\/parapharmacieenligne.ma\/en\/wp-json\/wp\/v2\/comments?post=20070"}],"version-history":[{"count":1,"href":"https:\/\/parapharmacieenligne.ma\/en\/wp-json\/wp\/v2\/product\/20070\/revisions"}],"predecessor-version":[{"id":20071,"href":"https:\/\/parapharmacieenligne.ma\/en\/wp-json\/wp\/v2\/product\/20070\/revisions\/20071"}],"wp:featuredmedia":[{"embeddable":true,"href":"https:\/\/parapharmacieenligne.ma\/en\/wp-json\/wp\/v2\/media\/20069"}],"wp:attachment":[{"href":"https:\/\/parapharmacieenligne.ma\/en\/wp-json\/wp\/v2\/media?parent=20070"}],"wp:term":[{"taxonomy":"product_cat","embeddable":true,"href":"https:\/\/parapharmacieenligne.ma\/en\/wp-json\/wp\/v2\/product_cat?post=20070"},{"taxonomy":"product_tag","embeddable":true,"href":"https:\/\/parapharmacieenligne.ma\/en\/wp-json\/wp\/v2\/product_tag?post=20070"},{"taxonomy":"yith_product_brand","embeddable":true,"href":"https:\/\/parapharmacieenligne.ma\/en\/wp-json\/wp\/v2\/yith_product_brand?post=20070"}],"curies":[{"name":"wp","href":"https:\/\/api.w.org\/{rel}","templated":true}]}}