{"id":20073,"date":"2026-04-18T18:01:21","date_gmt":"2026-04-18T16:01:21","guid":{"rendered":"https:\/\/parapharmacieenligne.ma\/?post_type=product&#038;p=20073"},"modified":"2026-04-18T18:01:30","modified_gmt":"2026-04-18T16:01:30","slug":"the-ordinary-ascorbic-acid-8-alpha-arbutin-2-30ml","status":"publish","type":"product","link":"https:\/\/parapharmacieenligne.ma\/en\/product\/the-ordinary-ascorbic-acid-8-alpha-arbutin-2-30ml\/","title":{"rendered":"THE ORDINARY ASCORBIC ACID 8+ ALPHA ARBUTIN 2 30ML"},"content":{"rendered":"<p>D\u00e9couvrez le s\u00e9rum The Ordinary Ascorbic Acid 8% + Alpha Arbutin 2%, une solution puissante pour un teint \u00e9clatant et uniforme. Ce s\u00e9rum combine deux des agents \u00e9claircissants les plus efficaces dans les soins de la peau : la vitamine C pure (acide ascorbique) et l&rsquo;alpha arbutine biosynth\u00e9tique hautement purifi\u00e9e. Ensemble, ils apportent des bienfaits antioxydants, r\u00e9duisent les signes du vieillissement et minimisent l&rsquo;apparence des taches brunes et irr\u00e9gularit\u00e9s du teint.<\/p>\n<p>L&rsquo;acide ascorbique, une forme stable de vitamine C, travaille \u00e0 \u00e9claircir et raviver la peau, r\u00e9duisant l\u2019apparence des taches pigmentaires et am\u00e9liorant la luminosit\u00e9 g\u00e9n\u00e9rale. L&rsquo;alpha arbutine, quant \u00e0 elle, est un actif \u00e9claircissant qui aide \u00e0 uniformiser le teint et r\u00e9duire les signes de photovieillissement, offrant ainsi un teint plus homog\u00e8ne et \u00e9clatant. Ce s\u00e9rum sans eau, sans alcool, sans huile, ni silicones est con\u00e7u pour \u00eatre efficace tout en restant doux pour la peau. Il est id\u00e9al pour les peaux sujettes aux irr\u00e9gularit\u00e9s et aux signes de l&rsquo;\u00e2ge.<\/p>\n<p>Conseils d\u2019utilisation :<\/p>\n<p>Appliquez quelques gouttes sur une peau propre et s\u00e8che, matin et\/ou soir.<br \/>\nMassez doucement pour faire p\u00e9n\u00e9trer le s\u00e9rum.<br \/>\nSuivez avec une cr\u00e8me hydratante pour maximiser l\u2019efficacit\u00e9 du soin.<br \/>\nUtilisez un \u00e9cran solaire pendant la journ\u00e9e pour prot\u00e9ger votre peau.<\/p>\n<p>Avec sa formule sans allerg\u00e8nes et sans composants agressifs, le s\u00e9rum The Ordinary Ascorbic Acid 8% + Alpha Arbutin 2% est parfait pour une peau plus saine, \u00e9clatante et d&rsquo;apparence plus jeune.<\/p>","protected":false},"excerpt":{"rendered":"<p>D\u00e9couvrez le s\u00e9rum The Ordinary Ascorbic Acid 8% + Alpha Arbutin 2%, une solution puissante pour un teint \u00e9clatant et uniforme. Ce&hellip;<\/p>","protected":false},"featured_media":20072,"comment_status":"open","ping_status":"closed","template":"","meta":[],"product_cat":[90],"product_tag":[],"yith_product_brand":[219],"class_list":{"0":"post-20073","1":"product","2":"type-product","3":"status-publish","4":"has-post-thumbnail","6":"product_cat-americains","7":"yith_product_brand-the-ordinary","9":"first","10":"instock","11":"shipping-taxable","12":"purchasable","13":"product-type-simple"},"_links":{"self":[{"href":"https:\/\/parapharmacieenligne.ma\/en\/wp-json\/wp\/v2\/product\/20073","targetHints":{"allow":["GET"]}}],"collection":[{"href":"https:\/\/parapharmacieenligne.ma\/en\/wp-json\/wp\/v2\/product"}],"about":[{"href":"https:\/\/parapharmacieenligne.ma\/en\/wp-json\/wp\/v2\/types\/product"}],"replies":[{"embeddable":true,"href":"https:\/\/parapharmacieenligne.ma\/en\/wp-json\/wp\/v2\/comments?post=20073"}],"version-history":[{"count":1,"href":"https:\/\/parapharmacieenligne.ma\/en\/wp-json\/wp\/v2\/product\/20073\/revisions"}],"predecessor-version":[{"id":20074,"href":"https:\/\/parapharmacieenligne.ma\/en\/wp-json\/wp\/v2\/product\/20073\/revisions\/20074"}],"wp:featuredmedia":[{"embeddable":true,"href":"https:\/\/parapharmacieenligne.ma\/en\/wp-json\/wp\/v2\/media\/20072"}],"wp:attachment":[{"href":"https:\/\/parapharmacieenligne.ma\/en\/wp-json\/wp\/v2\/media?parent=20073"}],"wp:term":[{"taxonomy":"product_cat","embeddable":true,"href":"https:\/\/parapharmacieenligne.ma\/en\/wp-json\/wp\/v2\/product_cat?post=20073"},{"taxonomy":"product_tag","embeddable":true,"href":"https:\/\/parapharmacieenligne.ma\/en\/wp-json\/wp\/v2\/product_tag?post=20073"},{"taxonomy":"yith_product_brand","embeddable":true,"href":"https:\/\/parapharmacieenligne.ma\/en\/wp-json\/wp\/v2\/yith_product_brand?post=20073"}],"curies":[{"name":"wp","href":"https:\/\/api.w.org\/{rel}","templated":true}]}}