{"id":20076,"date":"2026-04-18T18:03:14","date_gmt":"2026-04-18T16:03:14","guid":{"rendered":"https:\/\/parapharmacieenligne.ma\/?post_type=product&#038;p=20076"},"modified":"2026-04-18T18:03:20","modified_gmt":"2026-04-18T16:03:20","slug":"the-ordinary-baume-a-levres-au-squalaneacide-amines-15ml","status":"publish","type":"product","link":"https:\/\/parapharmacieenligne.ma\/en\/product\/the-ordinary-baume-a-levres-au-squalaneacide-amines-15ml\/","title":{"rendered":"THE ORDINARY BAUME A LEVRES AU SQUALANE+ACIDE AMINES 15ML"},"content":{"rendered":"<p>Le Baume \u00e0 L\u00e8vres THE ORDINARY au Squalane et Acides Amin\u00e9s est la solution parfaite pour des l\u00e8vres hydrat\u00e9es et nourries en profondeur. Formul\u00e9 avec du squalane d&rsquo;origine v\u00e9g\u00e9tale et des acides amin\u00e9s, ce baume agit pour renforcer la barri\u00e8re d&rsquo;hydratation naturelle de vos l\u00e8vres, tout en les r\u00e9parant et les prot\u00e9geant contre la d\u00e9shydratation. Sa texture douce et agr\u00e9able offre un confort imm\u00e9diat, laissant vos l\u00e8vres souples, lisses et parfaitement nourries.<\/p>\n<p>Le squalane, un ingr\u00e9dient cl\u00e9, est reconnu pour ses propri\u00e9t\u00e9s hydratantes exceptionnelles. Il p\u00e9n\u00e8tre rapidement et aide \u00e0 restaurer l&rsquo;hydratation tout en maintenant la douceur de vos l\u00e8vres. Les acides amin\u00e9s, pr\u00e9sents naturellement dans la peau, renforcent cette action en aidant \u00e0 r\u00e9parer et prot\u00e9ger la barri\u00e8re cutan\u00e9e. Ensemble, ces ingr\u00e9dients travaillent en synergie pour offrir des l\u00e8vres plus douces et souples tout au long de la journ\u00e9e.<\/p>\n<p>Ce baume est id\u00e9al pour les l\u00e8vres s\u00e8ches, gerc\u00e9es ou ab\u00eem\u00e9es, et peut \u00eatre utilis\u00e9 \u00e0 tout moment de la journ\u00e9e pour une hydratation longue dur\u00e9e. Que vous l&rsquo;appliquiez le matin avant de sortir ou en cours de journ\u00e9e pour raviver vos l\u00e8vres, il vous offrira une protection continue contre les agressions ext\u00e9rieures.<\/p>\n<p>Conseils d&rsquo;utilisation :<\/p>\n<p>Appliquez une petite quantit\u00e9 de baume sur vos l\u00e8vres propres et s\u00e8ches.<br \/>\nUtilisez-le plusieurs fois par jour pour maintenir une hydratation optimale, notamment le matin et avant le coucher.<br \/>\nPeut \u00e9galement \u00eatre utilis\u00e9 comme base pour vos produits de maquillage pour les l\u00e8vres, garantissant ainsi un fini lisse et hydrat\u00e9.<\/p>","protected":false},"excerpt":{"rendered":"<p>Le Baume \u00e0 L\u00e8vres THE ORDINARY au Squalane et Acides Amin\u00e9s est la solution parfaite pour des l\u00e8vres hydrat\u00e9es et nourries en&hellip;<\/p>","protected":false},"featured_media":20075,"comment_status":"open","ping_status":"closed","template":"","meta":[],"product_cat":[90],"product_tag":[],"yith_product_brand":[219],"class_list":{"0":"post-20076","1":"product","2":"type-product","3":"status-publish","4":"has-post-thumbnail","6":"product_cat-americains","7":"yith_product_brand-the-ordinary","9":"first","10":"instock","11":"shipping-taxable","12":"purchasable","13":"product-type-simple"},"_links":{"self":[{"href":"https:\/\/parapharmacieenligne.ma\/en\/wp-json\/wp\/v2\/product\/20076","targetHints":{"allow":["GET"]}}],"collection":[{"href":"https:\/\/parapharmacieenligne.ma\/en\/wp-json\/wp\/v2\/product"}],"about":[{"href":"https:\/\/parapharmacieenligne.ma\/en\/wp-json\/wp\/v2\/types\/product"}],"replies":[{"embeddable":true,"href":"https:\/\/parapharmacieenligne.ma\/en\/wp-json\/wp\/v2\/comments?post=20076"}],"version-history":[{"count":1,"href":"https:\/\/parapharmacieenligne.ma\/en\/wp-json\/wp\/v2\/product\/20076\/revisions"}],"predecessor-version":[{"id":20077,"href":"https:\/\/parapharmacieenligne.ma\/en\/wp-json\/wp\/v2\/product\/20076\/revisions\/20077"}],"wp:featuredmedia":[{"embeddable":true,"href":"https:\/\/parapharmacieenligne.ma\/en\/wp-json\/wp\/v2\/media\/20075"}],"wp:attachment":[{"href":"https:\/\/parapharmacieenligne.ma\/en\/wp-json\/wp\/v2\/media?parent=20076"}],"wp:term":[{"taxonomy":"product_cat","embeddable":true,"href":"https:\/\/parapharmacieenligne.ma\/en\/wp-json\/wp\/v2\/product_cat?post=20076"},{"taxonomy":"product_tag","embeddable":true,"href":"https:\/\/parapharmacieenligne.ma\/en\/wp-json\/wp\/v2\/product_tag?post=20076"},{"taxonomy":"yith_product_brand","embeddable":true,"href":"https:\/\/parapharmacieenligne.ma\/en\/wp-json\/wp\/v2\/yith_product_brand?post=20076"}],"curies":[{"name":"wp","href":"https:\/\/api.w.org\/{rel}","templated":true}]}}