{"id":20079,"date":"2026-04-18T18:03:28","date_gmt":"2026-04-18T16:03:28","guid":{"rendered":"https:\/\/parapharmacieenligne.ma\/?post_type=product&#038;p=20079"},"modified":"2026-04-18T18:03:39","modified_gmt":"2026-04-18T16:03:39","slug":"the-ordinary-body-care-niacinamide-face-and-body-emulsion-100-ml","status":"publish","type":"product","link":"https:\/\/parapharmacieenligne.ma\/en\/product\/the-ordinary-body-care-niacinamide-face-and-body-emulsion-100-ml\/","title":{"rendered":"THE ORDINARY BODY CARE NIACINAMIDE FACE AND BODY EMULSION 100 ML"},"content":{"rendered":"<p>Pourquoi choisir cette \u00e9mulsion ?<br \/>\nCible les taches brunes : Att\u00e9nue visiblement les taches pigmentaires sur le visage, le cou, le d\u00e9collet\u00e9 et les bras.<\/p>\n<p>Unifie le teint : Favorise un teint homog\u00e8ne, test\u00e9 sur toutes les carnations.<\/p>\n<p>Am\u00e9liore la texture de la peau : Rend la peau plus lisse d\u00e8s la premi\u00e8re semaine d&rsquo;utilisation.<\/p>\n<p>Hydrate en profondeur : Offre une hydratation instantan\u00e9e, renfor\u00e7ant la barri\u00e8re cutan\u00e9e d\u00e8s la premi\u00e8re application.<\/p>\n<p>Formule respectueuse : Sans eau, alcool, huile, silicone, gluten, et non test\u00e9e sur les animaux.<\/p>\n<p>Conseils d&rsquo;utilisation<br \/>\nApplication : Appliquez matin et soir sur une peau propre du visage et du corps.<\/p>\n<p>Pr\u00e9cautions : Effectuez un test cutan\u00e9 avant la premi\u00e8re utilisation. En cas d&rsquo;irritation, cessez l&rsquo;utilisation et consultez un professionnel de sant\u00e9.<\/p>\n<p>Composition<br \/>\nAqua (Water), Ethyl Macadamiate, Niacinamide, Propanediol, Glycerin, Sphingomonas Ferment Extract, Pentylene Glycol, Ethylhexyl Olivate, Polyglyceryl-4 Oleate, Sodium Acrylates Copolymer, Isoceteth-20, Sodium Citrate, Citric Acid, Malic Acid, Trisodium Ethylenediamine Disuccinate, Tocopherol, Ethylhexylglycerin, Phenoxyethanol, Chlorphenesin.<\/p>","protected":false},"excerpt":{"rendered":"<p>Pourquoi choisir cette \u00e9mulsion ? Cible les taches brunes : Att\u00e9nue visiblement les taches pigmentaires sur le visage, le cou, le d\u00e9collet\u00e9&hellip;<\/p>","protected":false},"featured_media":20078,"comment_status":"open","ping_status":"closed","template":"","meta":[],"product_cat":[90],"product_tag":[],"yith_product_brand":[219],"class_list":{"0":"post-20079","1":"product","2":"type-product","3":"status-publish","4":"has-post-thumbnail","6":"product_cat-americains","7":"yith_product_brand-the-ordinary","9":"first","10":"instock","11":"shipping-taxable","12":"purchasable","13":"product-type-simple"},"_links":{"self":[{"href":"https:\/\/parapharmacieenligne.ma\/en\/wp-json\/wp\/v2\/product\/20079","targetHints":{"allow":["GET"]}}],"collection":[{"href":"https:\/\/parapharmacieenligne.ma\/en\/wp-json\/wp\/v2\/product"}],"about":[{"href":"https:\/\/parapharmacieenligne.ma\/en\/wp-json\/wp\/v2\/types\/product"}],"replies":[{"embeddable":true,"href":"https:\/\/parapharmacieenligne.ma\/en\/wp-json\/wp\/v2\/comments?post=20079"}],"version-history":[{"count":1,"href":"https:\/\/parapharmacieenligne.ma\/en\/wp-json\/wp\/v2\/product\/20079\/revisions"}],"predecessor-version":[{"id":20080,"href":"https:\/\/parapharmacieenligne.ma\/en\/wp-json\/wp\/v2\/product\/20079\/revisions\/20080"}],"wp:featuredmedia":[{"embeddable":true,"href":"https:\/\/parapharmacieenligne.ma\/en\/wp-json\/wp\/v2\/media\/20078"}],"wp:attachment":[{"href":"https:\/\/parapharmacieenligne.ma\/en\/wp-json\/wp\/v2\/media?parent=20079"}],"wp:term":[{"taxonomy":"product_cat","embeddable":true,"href":"https:\/\/parapharmacieenligne.ma\/en\/wp-json\/wp\/v2\/product_cat?post=20079"},{"taxonomy":"product_tag","embeddable":true,"href":"https:\/\/parapharmacieenligne.ma\/en\/wp-json\/wp\/v2\/product_tag?post=20079"},{"taxonomy":"yith_product_brand","embeddable":true,"href":"https:\/\/parapharmacieenligne.ma\/en\/wp-json\/wp\/v2\/yith_product_brand?post=20079"}],"curies":[{"name":"wp","href":"https:\/\/api.w.org\/{rel}","templated":true}]}}