{"id":20085,"date":"2026-04-18T18:04:02","date_gmt":"2026-04-18T16:04:02","guid":{"rendered":"https:\/\/parapharmacieenligne.ma\/?post_type=product&#038;p=20085"},"modified":"2026-04-18T18:04:11","modified_gmt":"2026-04-18T16:04:11","slug":"the-ordinary-plant-derived-squalane-30-ml","status":"publish","type":"product","link":"https:\/\/parapharmacieenligne.ma\/en\/product\/the-ordinary-plant-derived-squalane-30-ml\/","title":{"rendered":"THE ORDINARY PLANT DERIVED SQUALANE 30 ML"},"content":{"rendered":"<p>Le squalane est une mol\u00e9cule naturellement pr\u00e9sente dans le s\u00e9bum humain. Toutefois, sa production diminue avec l&rsquo;\u00e2ge, entra\u00eenant s\u00e9cheresse, tiraillements et perte d\u2019\u00e9lasticit\u00e9. Cette formule \u00e9molliente restaure l\u2019hydratation cutan\u00e9e en profondeur tout en emp\u00eachant la perte insensible en eau. R\u00e9sultat : une peau souple, douce et visiblement repulp\u00e9e.<\/p>\n<p>Polyvalent, THE ORDINARY PLANT-DERIVED SQUALANE s\u2019utilise \u00e9galement sur les cheveux pour en augmenter la brillance, renforcer la fibre capillaire et offrir une protection contre la chaleur lors du coiffage. Sa texture fluide p\u00e9n\u00e8tre rapidement sans laisser de fini gras.<\/p>\n<p>Respectueux de la peau et de l\u2019environnement, ce squalane pur est certifi\u00e9 ECOCERT et biosourc\u00e9 USDA, garantissant une origine durable et \u00e9thique.<\/p>\n<p>Conseils d&rsquo;utilisation<br \/>\nAppliquer quelques gouttes sur le visage, de pr\u00e9f\u00e9rence apr\u00e8s vos soins aqueux, matin et\/ou soir.<\/p>\n<p>Peut \u00eatre utilis\u00e9 seul ou m\u00e9lang\u00e9 \u00e0 votre cr\u00e8me hydratante.<\/p>\n<p>Sur cheveux : appliquer une petite quantit\u00e9 sur les longueurs pour lisser, prot\u00e9ger et faire briller.<\/p>\n<p>En cas d&rsquo;irritation, cesser l&rsquo;utilisation. Ne pas appliquer sur peau l\u00e9s\u00e9e.<\/p>\n<p>Test cutan\u00e9 recommand\u00e9 avant premi\u00e8re utilisation <\/p>\n<p>Appliquer une goutte sur l\u2019avant-bras.<\/p>\n<p>Ne pas mouiller la zone durant 24 h.<\/p>\n<p>En cas de rougeur, d\u00e9mangeaison ou irritation, ne pas utiliser sur le visage.<\/p>\n<p>Composition<br \/>\n Squalane<\/p>","protected":false},"excerpt":{"rendered":"<p>Le squalane est une mol\u00e9cule naturellement pr\u00e9sente dans le s\u00e9bum humain. Toutefois, sa production diminue avec l&rsquo;\u00e2ge, entra\u00eenant s\u00e9cheresse, tiraillements et perte&hellip;<\/p>","protected":false},"featured_media":20084,"comment_status":"open","ping_status":"closed","template":"","meta":[],"product_cat":[90],"product_tag":[],"yith_product_brand":[219],"class_list":{"0":"post-20085","1":"product","2":"type-product","3":"status-publish","4":"has-post-thumbnail","6":"product_cat-americains","7":"yith_product_brand-the-ordinary","9":"first","10":"instock","11":"shipping-taxable","12":"purchasable","13":"product-type-simple"},"_links":{"self":[{"href":"https:\/\/parapharmacieenligne.ma\/en\/wp-json\/wp\/v2\/product\/20085","targetHints":{"allow":["GET"]}}],"collection":[{"href":"https:\/\/parapharmacieenligne.ma\/en\/wp-json\/wp\/v2\/product"}],"about":[{"href":"https:\/\/parapharmacieenligne.ma\/en\/wp-json\/wp\/v2\/types\/product"}],"replies":[{"embeddable":true,"href":"https:\/\/parapharmacieenligne.ma\/en\/wp-json\/wp\/v2\/comments?post=20085"}],"version-history":[{"count":1,"href":"https:\/\/parapharmacieenligne.ma\/en\/wp-json\/wp\/v2\/product\/20085\/revisions"}],"predecessor-version":[{"id":20086,"href":"https:\/\/parapharmacieenligne.ma\/en\/wp-json\/wp\/v2\/product\/20085\/revisions\/20086"}],"wp:featuredmedia":[{"embeddable":true,"href":"https:\/\/parapharmacieenligne.ma\/en\/wp-json\/wp\/v2\/media\/20084"}],"wp:attachment":[{"href":"https:\/\/parapharmacieenligne.ma\/en\/wp-json\/wp\/v2\/media?parent=20085"}],"wp:term":[{"taxonomy":"product_cat","embeddable":true,"href":"https:\/\/parapharmacieenligne.ma\/en\/wp-json\/wp\/v2\/product_cat?post=20085"},{"taxonomy":"product_tag","embeddable":true,"href":"https:\/\/parapharmacieenligne.ma\/en\/wp-json\/wp\/v2\/product_tag?post=20085"},{"taxonomy":"yith_product_brand","embeddable":true,"href":"https:\/\/parapharmacieenligne.ma\/en\/wp-json\/wp\/v2\/yith_product_brand?post=20085"}],"curies":[{"name":"wp","href":"https:\/\/api.w.org\/{rel}","templated":true}]}}