{"id":20088,"date":"2026-04-18T18:04:18","date_gmt":"2026-04-18T16:04:18","guid":{"rendered":"https:\/\/parapharmacieenligne.ma\/?post_type=product&#038;p=20088"},"modified":"2026-04-18T18:04:27","modified_gmt":"2026-04-18T16:04:27","slug":"the-ordinary-retinal-0-2-emulsion-15-ml","status":"publish","type":"product","link":"https:\/\/parapharmacieenligne.ma\/en\/product\/the-ordinary-retinal-0-2-emulsion-15-ml\/","title":{"rendered":"THE ORDINARY RETINAL 0.2 EMULSION 15 ML"},"content":{"rendered":"<p>Gr\u00e2ce \u00e0 sa technologie unique, l\u2019\u00e9mulsion contient des analogues d\u2019avoine synth\u00e9tiques, essentiels pour r\u00e9duire l\u2019inconfort et la s\u00e9cheresse que certains r\u00e9tinols peuvent provoquer. R\u00e9sultat ? Les ridules, rides du lion, pattes d\u2019oie et rides du front sont visiblement liss\u00e9es, tandis que le grain de peau est affin\u00e9 et le teint uniformis\u00e9. Apr\u00e8s quelques semaines d\u2019utilisation r\u00e9guli\u00e8re, vous remarquerez un \u00e9clat naturel et un visage plus lumineux, comme si la peau retrouvait toute sa vitalit\u00e9.<\/p>\n<p>V\u00e9g\u00e9talien et sans cruaut\u00e9, le The Ordinary Retinal 0,2 % est parfait pour ceux qui veulent int\u00e9grer le r\u00e9tinol dans leur routine sans compromis sur la qualit\u00e9 ou l\u2019\u00e9thique. Son format pratique de 15 ml est id\u00e9al pour tester la puissance du r\u00e9tinol avant de passer \u00e0 des concentrations plus \u00e9lev\u00e9es. Offrez \u00e0 votre peau un traitement cibl\u00e9 et efficace, tout en respectant sa sensibilit\u00e9 et sa beaut\u00e9 naturelle.<\/p>\n<p>Conseils d&rsquo;utilisation<br \/>\nEffectuez un test cutan\u00e9 avant la premi\u00e8re utilisation pour \u00e9viter toute r\u00e9action ind\u00e9sirable.<\/p>\n<p>Appliquez le s\u00e9rum le soir, sur une peau propre et s\u00e8che, en \u00e9vitant le contact avec les yeux et les l\u00e8vres.<\/p>\n<p>Laissez le produit \u00eatre compl\u00e8tement absorb\u00e9 avant de toucher des tissus de couleur claire, afin d\u2019\u00e9viter toute d\u00e9coloration.<\/p>\n<p>En cas de r\u00e9sidus sur la peau ou sur les tissus, nettoyez avec de l\u2019eau et lavez vos v\u00eatements selon les instructions habituelles.<\/p>\n<p>Commencez par une application 2 \u00e0 3 fois par semaine, puis augmentez progressivement selon la tol\u00e9rance de votre peau.<\/p>\n<p>Compl\u00e9tez votre routine avec une cr\u00e8me hydratante adapt\u00e9e et un \u00e9cran solaire le matin, car le r\u00e9tinol peut augmenter la sensibilit\u00e9 au soleil.<\/p>\n<p>Composition<br \/>\nAqua, Caprylic\/Capric Triglyceride, Retinal, Glycerin, Squalane, Avena Sativa Kernel Extract, Polysorbate 20, Cetearyl Alcohol, Sodium Hyaluronate, Tocopherol, Phenoxyethanol, Ethylhexylglycerin.<\/p>","protected":false},"excerpt":{"rendered":"<p>Gr\u00e2ce \u00e0 sa technologie unique, l\u2019\u00e9mulsion contient des analogues d\u2019avoine synth\u00e9tiques, essentiels pour r\u00e9duire l\u2019inconfort et la s\u00e9cheresse que certains r\u00e9tinols peuvent&hellip;<\/p>","protected":false},"featured_media":20087,"comment_status":"open","ping_status":"closed","template":"","meta":[],"product_cat":[90],"product_tag":[],"yith_product_brand":[219],"class_list":{"0":"post-20088","1":"product","2":"type-product","3":"status-publish","4":"has-post-thumbnail","6":"product_cat-americains","7":"yith_product_brand-the-ordinary","9":"first","10":"instock","11":"shipping-taxable","12":"purchasable","13":"product-type-simple"},"_links":{"self":[{"href":"https:\/\/parapharmacieenligne.ma\/en\/wp-json\/wp\/v2\/product\/20088","targetHints":{"allow":["GET"]}}],"collection":[{"href":"https:\/\/parapharmacieenligne.ma\/en\/wp-json\/wp\/v2\/product"}],"about":[{"href":"https:\/\/parapharmacieenligne.ma\/en\/wp-json\/wp\/v2\/types\/product"}],"replies":[{"embeddable":true,"href":"https:\/\/parapharmacieenligne.ma\/en\/wp-json\/wp\/v2\/comments?post=20088"}],"version-history":[{"count":1,"href":"https:\/\/parapharmacieenligne.ma\/en\/wp-json\/wp\/v2\/product\/20088\/revisions"}],"predecessor-version":[{"id":20089,"href":"https:\/\/parapharmacieenligne.ma\/en\/wp-json\/wp\/v2\/product\/20088\/revisions\/20089"}],"wp:featuredmedia":[{"embeddable":true,"href":"https:\/\/parapharmacieenligne.ma\/en\/wp-json\/wp\/v2\/media\/20087"}],"wp:attachment":[{"href":"https:\/\/parapharmacieenligne.ma\/en\/wp-json\/wp\/v2\/media?parent=20088"}],"wp:term":[{"taxonomy":"product_cat","embeddable":true,"href":"https:\/\/parapharmacieenligne.ma\/en\/wp-json\/wp\/v2\/product_cat?post=20088"},{"taxonomy":"product_tag","embeddable":true,"href":"https:\/\/parapharmacieenligne.ma\/en\/wp-json\/wp\/v2\/product_tag?post=20088"},{"taxonomy":"yith_product_brand","embeddable":true,"href":"https:\/\/parapharmacieenligne.ma\/en\/wp-json\/wp\/v2\/yith_product_brand?post=20088"}],"curies":[{"name":"wp","href":"https:\/\/api.w.org\/{rel}","templated":true}]}}