{"id":20091,"date":"2026-04-18T18:04:34","date_gmt":"2026-04-18T16:04:34","guid":{"rendered":"https:\/\/parapharmacieenligne.ma\/?post_type=product&#038;p=20091"},"modified":"2026-04-18T18:04:43","modified_gmt":"2026-04-18T16:04:43","slug":"the-ordinary-niacinamide-10-zinc-1-60ml","status":"publish","type":"product","link":"https:\/\/parapharmacieenligne.ma\/en\/product\/the-ordinary-niacinamide-10-zinc-1-60ml\/","title":{"rendered":"THE ORDINARY NIACINAMIDE 10% ZINC 1% 60ML"},"content":{"rendered":"<p>Formul\u00e9 avec une concentration optimale de Niacinamide (vitamine B3 \u00e0 10%) et de Zinc \u00e0 1%, ce soin agit en profondeur pour purifier, apaiser et r\u00e9\u00e9quilibrer votre \u00e9piderme.<\/p>\n<p>Gr\u00e2ce \u00e0 sa texture l\u00e9g\u00e8re et non grasse, il p\u00e9n\u00e8tre rapidement dans la peau pour r\u00e9duire les rougeurs, resserrer les pores et contr\u00f4ler l\u2019exc\u00e8s de s\u00e9bum, tout en apportant une sensation de fra\u00eecheur imm\u00e9diate. Le Niacinamide est reconnu pour ses propri\u00e9t\u00e9s anti-inflammatoires et illuminatrices, tandis que le Zinc aide \u00e0 pr\u00e9venir les \u00e9ruptions cutan\u00e9es et \u00e0 favoriser une peau nette. Ensemble, ils offrent une solution puissante pour retrouver une peau lisse, \u00e9quilibr\u00e9e et \u00e9clatante de sant\u00e9.<\/p>\n<p>Adapt\u00e9 aux peaux mixtes, grasses ou \u00e0 tendance acn\u00e9ique, ce s\u00e9rum convient aussi aux peaux ternes ou sujettes aux imperfections ponctuelles. En quelques semaines d\u2019utilisation, la peau appara\u00eet plus uniforme, les brillances sont ma\u00eetris\u00e9es, et le teint retrouve son \u00e9clat naturel.<\/p>\n<p>La simplicit\u00e9 et l\u2019efficacit\u00e9 de la formule sign\u00e9e The Ordinary en font un alli\u00e9 essentiel de toutes les routines de soin minimalistes. Sans parfum, sans parab\u00e8nes, ni silicones, il respecte la peau tout en lui offrant une action visible jour apr\u00e8s jour.<\/p>\n<p>Conseils d&rsquo;utilisation :<\/p>\n<p>Pour de meilleurs r\u00e9sultats, appliquez sur le visage nettoy\u00e9 matin et soir avant d&rsquo;utiliser vos cr\u00e8mes habituelles. En cas d&rsquo;irritation, suspendez l&rsquo;utilisation et consultez un professionnel de sant\u00e9.<\/p>","protected":false},"excerpt":{"rendered":"<p>Formul\u00e9 avec une concentration optimale de Niacinamide (vitamine B3 \u00e0 10%) et de Zinc \u00e0 1%, ce soin agit en profondeur pour&hellip;<\/p>","protected":false},"featured_media":20090,"comment_status":"open","ping_status":"closed","template":"","meta":[],"product_cat":[90],"product_tag":[],"yith_product_brand":[219],"class_list":{"0":"post-20091","1":"product","2":"type-product","3":"status-publish","4":"has-post-thumbnail","6":"product_cat-americains","7":"yith_product_brand-the-ordinary","9":"first","10":"instock","11":"shipping-taxable","12":"purchasable","13":"product-type-simple"},"_links":{"self":[{"href":"https:\/\/parapharmacieenligne.ma\/en\/wp-json\/wp\/v2\/product\/20091","targetHints":{"allow":["GET"]}}],"collection":[{"href":"https:\/\/parapharmacieenligne.ma\/en\/wp-json\/wp\/v2\/product"}],"about":[{"href":"https:\/\/parapharmacieenligne.ma\/en\/wp-json\/wp\/v2\/types\/product"}],"replies":[{"embeddable":true,"href":"https:\/\/parapharmacieenligne.ma\/en\/wp-json\/wp\/v2\/comments?post=20091"}],"version-history":[{"count":1,"href":"https:\/\/parapharmacieenligne.ma\/en\/wp-json\/wp\/v2\/product\/20091\/revisions"}],"predecessor-version":[{"id":20092,"href":"https:\/\/parapharmacieenligne.ma\/en\/wp-json\/wp\/v2\/product\/20091\/revisions\/20092"}],"wp:featuredmedia":[{"embeddable":true,"href":"https:\/\/parapharmacieenligne.ma\/en\/wp-json\/wp\/v2\/media\/20090"}],"wp:attachment":[{"href":"https:\/\/parapharmacieenligne.ma\/en\/wp-json\/wp\/v2\/media?parent=20091"}],"wp:term":[{"taxonomy":"product_cat","embeddable":true,"href":"https:\/\/parapharmacieenligne.ma\/en\/wp-json\/wp\/v2\/product_cat?post=20091"},{"taxonomy":"product_tag","embeddable":true,"href":"https:\/\/parapharmacieenligne.ma\/en\/wp-json\/wp\/v2\/product_tag?post=20091"},{"taxonomy":"yith_product_brand","embeddable":true,"href":"https:\/\/parapharmacieenligne.ma\/en\/wp-json\/wp\/v2\/yith_product_brand?post=20091"}],"curies":[{"name":"wp","href":"https:\/\/api.w.org\/{rel}","templated":true}]}}