{"id":20094,"date":"2026-04-18T18:04:50","date_gmt":"2026-04-18T16:04:50","guid":{"rendered":"https:\/\/parapharmacieenligne.ma\/?post_type=product&#038;p=20094"},"modified":"2026-04-18T18:04:59","modified_gmt":"2026-04-18T16:04:59","slug":"the-ordinary-body-care-salicylic-acid-0-5-body-serum-240-ml","status":"publish","type":"product","link":"https:\/\/parapharmacieenligne.ma\/en\/product\/the-ordinary-body-care-salicylic-acid-0-5-body-serum-240-ml\/","title":{"rendered":"THE ORDINARY BODY CARE SALICYLIC ACID 0.5% BODY SERUM 240 ML"},"content":{"rendered":"<p>Sa formule experte contient 0,5 % d\u2019acide salicylique, un actif exfoliant reconnu pour sa capacit\u00e9 \u00e0 p\u00e9n\u00e9trer les pores gr\u00e2ce \u00e0 sa nature lipophile. R\u00e9sultat ? Il aide \u00e0 \u00e9liminer les cellules mortes, les impuret\u00e9s et l\u2019exc\u00e8s de s\u00e9bum responsables des imperfections, tout en affinant visiblement le grain de peau. Jour apr\u00e8s jour, la peau para\u00eet plus nette, plus lisse et plus uniforme.<\/p>\n<p>Sp\u00e9cialement test\u00e9 pour une utilisation sur le corps, THE ORDINARY BODY CARE SALICYLIC ACID 0.5% BODY SERUM 240 ML se distingue par sa texture ultra-l\u00e9g\u00e8re, non grasse et rapidement absorb\u00e9e. Son applicateur pratique permet une application cibl\u00e9e sur les zones \u00e0 probl\u00e8mes, pour un soin pr\u00e9cis et efficace sans gaspillage de produit.<\/p>\n<p>Les r\u00e9sultats parlent d\u2019eux-m\u00eames : en seulement 4 semaines, la peau du corps para\u00eet plus propre, les imperfections de texture sont visiblement r\u00e9duites et le teint est plus homog\u00e8ne. Ce s\u00e9rum exfoliant corps convient \u00e0 un usage quotidien et peut \u00e9galement \u00eatre utilis\u00e9 comme traitement pr\u00e9coce sur des zones localis\u00e9es sujettes aux boutons.<\/p>\n<p>Fid\u00e8le \u00e0 l\u2019ADN de la marque, ce soin est vegan, cruelty-free, sans compromis sur l\u2019efficacit\u00e9. Il s\u2019int\u00e8gre facilement dans une routine de body care minimaliste et performante, pour retrouver une peau claire, douce et visiblement plus saine.<\/p>\n<p>Conseils d\u2019utilisation :<br \/>\nAppliquez THE ORDINARY BODY CARE SALICYLIC ACID 0.5% BODY SERUM 240 ML une fois par jour sur une peau propre et s\u00e8che.<br \/>\nR\u00e9partissez le produit \u00e0 l\u2019aide de l\u2019applicateur sur les zones concern\u00e9es (dos, bras, poitrine, fesses).<br \/>\nMassez d\u00e9licatement jusqu\u2019\u00e0 absorption compl\u00e8te.<br \/>\n\u00c9vitez d\u2019appliquer sur une peau irrit\u00e9e ou l\u00e9s\u00e9e et pensez \u00e0 utiliser une protection solaire sur les zones expos\u00e9es pendant la journ\u00e9e.<\/p>\n<p>Composition :<br \/>\nIngr\u00e9dients actifs : acide salicylique (0,5 %)<\/p>\n<p>Ingr\u00e9dients inactifs : chlorph\u00e9n\u00e9sine, acide citrique, cocamidopropyl dim\u00e9thylamine, glyc\u00e9rine, ph\u00e9noxy\u00e9thanol, propanediol, sarcosine, eau<\/p>","protected":false},"excerpt":{"rendered":"<p>Sa formule experte contient 0,5 % d\u2019acide salicylique, un actif exfoliant reconnu pour sa capacit\u00e9 \u00e0 p\u00e9n\u00e9trer les pores gr\u00e2ce \u00e0 sa&hellip;<\/p>","protected":false},"featured_media":20093,"comment_status":"open","ping_status":"closed","template":"","meta":[],"product_cat":[90],"product_tag":[],"yith_product_brand":[219],"class_list":{"0":"post-20094","1":"product","2":"type-product","3":"status-publish","4":"has-post-thumbnail","6":"product_cat-americains","7":"yith_product_brand-the-ordinary","9":"first","10":"instock","11":"shipping-taxable","12":"purchasable","13":"product-type-simple"},"_links":{"self":[{"href":"https:\/\/parapharmacieenligne.ma\/en\/wp-json\/wp\/v2\/product\/20094","targetHints":{"allow":["GET"]}}],"collection":[{"href":"https:\/\/parapharmacieenligne.ma\/en\/wp-json\/wp\/v2\/product"}],"about":[{"href":"https:\/\/parapharmacieenligne.ma\/en\/wp-json\/wp\/v2\/types\/product"}],"replies":[{"embeddable":true,"href":"https:\/\/parapharmacieenligne.ma\/en\/wp-json\/wp\/v2\/comments?post=20094"}],"version-history":[{"count":1,"href":"https:\/\/parapharmacieenligne.ma\/en\/wp-json\/wp\/v2\/product\/20094\/revisions"}],"predecessor-version":[{"id":20095,"href":"https:\/\/parapharmacieenligne.ma\/en\/wp-json\/wp\/v2\/product\/20094\/revisions\/20095"}],"wp:featuredmedia":[{"embeddable":true,"href":"https:\/\/parapharmacieenligne.ma\/en\/wp-json\/wp\/v2\/media\/20093"}],"wp:attachment":[{"href":"https:\/\/parapharmacieenligne.ma\/en\/wp-json\/wp\/v2\/media?parent=20094"}],"wp:term":[{"taxonomy":"product_cat","embeddable":true,"href":"https:\/\/parapharmacieenligne.ma\/en\/wp-json\/wp\/v2\/product_cat?post=20094"},{"taxonomy":"product_tag","embeddable":true,"href":"https:\/\/parapharmacieenligne.ma\/en\/wp-json\/wp\/v2\/product_tag?post=20094"},{"taxonomy":"yith_product_brand","embeddable":true,"href":"https:\/\/parapharmacieenligne.ma\/en\/wp-json\/wp\/v2\/yith_product_brand?post=20094"}],"curies":[{"name":"wp","href":"https:\/\/api.w.org\/{rel}","templated":true}]}}