{"id":3811,"date":"2026-01-25T15:00:28","date_gmt":"2026-01-25T14:00:28","guid":{"rendered":"https:\/\/parapharmacieenligne.ma\/?post_type=product&#038;p=3811"},"modified":"2026-02-16T15:08:24","modified_gmt":"2026-02-16T14:08:24","slug":"dietaroma-capligne-brule-graisse-elimination-30-ampoules","status":"publish","type":"product","link":"https:\/\/parapharmacieenligne.ma\/en\/product\/dietaroma-capligne-brule-graisse-elimination-30-ampoules\/","title":{"rendered":"DIETAROMA Capligne br\u00fble graisse + \u00e9limination 30 ampoules"},"content":{"rendered":"<div id=\"description\" class=\"tab-pane fade in active description\" role=\"tabpanel\">\n<div class=\"product-description\">\n<p><strong>Besoin d&rsquo;un coup de pouce pour br\u00fbler les graisses et \u00e9liminer ? <\/strong><\/p>\n<p>Notre formule compos\u00e9e de 4 plantes est le partenaire minceur id\u00e9al.<\/p>\n<ul>\n<li><strong>Le guarana<\/strong>, plante d\u2019Am\u00e9rique du Sud, contribue au m\u00e9tabolisme des graisses et au contr\u00f4le du poids.<\/li>\n<li><strong>Le th\u00e9 vert<\/strong> participe \u00e0 l\u2019\u00e9limination.<\/li>\n<\/ul>\n<p>L&rsquo;astuce pour encore plus d&rsquo;efficacit\u00e9 ? Diluer l&rsquo;ampoule dans votre gourde et buvez-la tout au long de la journ\u00e9e, vous favoriserez ainsi l&rsquo;\u00e9limination.<\/p>\n<p>1 ampoule par jour pendant 30 jours<\/p>\n<p>Contient 30 ampoules de 10 ml<\/p>\n<\/div>\n<\/div>\n<div id=\"extra-0\" class=\"tab-pane fade in extra conseils-d-utilisation\" role=\"tabpanel\">\n<p>MODE D&rsquo;EMPLOI:<\/p>\n<p>&#8211; 1 ampoule par jour \u00e0 diluer dans un verre d\u2019eau, \u00e0 prendre de pr\u00e9f\u00e9rence dans la matin\u00e9e ou d\u00e9but d&rsquo;apr\u00e8s-midi.<\/p>\n<p>&#8211; Ne pas le consommer \u00e0 jeun et le soir pour \u00e9viter de perturber le sommeil.<\/p>\n<p>&#8211; Agiter l&rsquo;ampoule avant son ouverture.<\/p>\n<p>&#8211; Compte tenu du cot\u00e9 enti\u00e8rement naturel du produit, un d\u00e9p\u00f4t est possible. Il ne nuit en rien \u00e0 la qualit\u00e9 du produit.<\/p>\n<p>PRECAUTIONS D&rsquo;EMPLOI :<\/p>\n<p>&#8211; Ne pas d\u00e9passer la dose journali\u00e8re recommand\u00e9e<\/p>\n<p>&#8211; Ne se substitue pas \u00e0 un r\u00e9gime alimentaire \u00e9quilibr\u00e9 et vari\u00e9 et \u00e0 un mode de vie sain<\/p>\n<p>&#8211; Tenir hors de port\u00e9e des enfants<\/p>\n<p>&#8211; Prise d\u00e9conseill\u00e9e en dehors des repas. Ne doit pas \u00eatre consomm\u00e9 \u00e0 jeun.<\/p>\n<p>&#8211; R\u00e9serv\u00e9 \u00e0 l&rsquo;adulte.<\/p>\n<p>&#8211; D\u00e9conseill\u00e9 aux femmes enceintes ou allaitantes.<\/p>\n<p>&#8211; Ne doit pas \u00eatre consomm\u00e9 si vous prenez le m\u00eame jour d&rsquo;autres produits contenant du th\u00e9 vert.<\/p>\n<p>&#8211; D\u00e9conseill\u00e9 aux personnes souffrant d&rsquo;allergie aux d\u00e9riv\u00e9s salycyl\u00e9s et d&rsquo;intol\u00e9rance aux anti-inflammatoires non-st\u00e9ro\u00efdiens.<\/p>\n<p>&#8211; L&#8217;emploi chez les personnes sous traitement anti-coagulant est d\u00e9conseill\u00e9.<\/p>\n<p>&#8211; Contient du 3-gallate d&rsquo;\u00e9pigallocat\u00e9chine (EGCG) (2.2 mg pour 1 ampoule), une consommation de 800 mg ou plus par jour est d\u00e9conseill\u00e9.<\/p>\n<p>-D\u00e9conseill\u00e9 en cas d&rsquo;ulc\u00e8re gastro-dudo\u00e9nal, de troubles cardiaques ou d&rsquo;insuffisance cardiaque ou r\u00e9nale oed\u00e9mateurses, d&rsquo;hyperthyro\u00efdie, ou d&rsquo;hypertension art\u00e9rielle. En cas de traitements m\u00e9diacamenteux, demander conseil \u00e0 un professionnel de sant\u00e9.<\/p>\n<\/div>","protected":false},"excerpt":{"rendered":"<p><strong>Besoin d&rsquo;un coup de pouce pour br\u00fbler les graisses et \u00e9liminer ? <\/strong><\/p>\n<p>Notre formule compos\u00e9e de 4 plantes est le partenaire minceur id\u00e9al.<\/p>\n<ul>\n<li><strong>Le guarana<\/strong>, plante d\u2019Am\u00e9rique du Sud, contribue au m\u00e9tabolisme des graisses et au contr\u00f4le du poids.<\/li>\n<li><strong>Le th\u00e9 vert<\/strong> participe \u00e0 l\u2019\u00e9limination.<\/li>\n<\/ul>","protected":false},"featured_media":14558,"comment_status":"open","ping_status":"closed","template":"","meta":[],"product_cat":[92],"product_tag":[],"yith_product_brand":[93],"class_list":{"0":"post-3811","1":"product","2":"type-product","3":"status-publish","4":"has-post-thumbnail","6":"product_cat-complements-alimentaires","7":"yith_product_brand-dietaroma","9":"first","10":"instock","11":"sale","12":"shipping-taxable","13":"purchasable","14":"product-type-simple"},"_links":{"self":[{"href":"https:\/\/parapharmacieenligne.ma\/en\/wp-json\/wp\/v2\/product\/3811","targetHints":{"allow":["GET"]}}],"collection":[{"href":"https:\/\/parapharmacieenligne.ma\/en\/wp-json\/wp\/v2\/product"}],"about":[{"href":"https:\/\/parapharmacieenligne.ma\/en\/wp-json\/wp\/v2\/types\/product"}],"replies":[{"embeddable":true,"href":"https:\/\/parapharmacieenligne.ma\/en\/wp-json\/wp\/v2\/comments?post=3811"}],"version-history":[{"count":3,"href":"https:\/\/parapharmacieenligne.ma\/en\/wp-json\/wp\/v2\/product\/3811\/revisions"}],"predecessor-version":[{"id":14560,"href":"https:\/\/parapharmacieenligne.ma\/en\/wp-json\/wp\/v2\/product\/3811\/revisions\/14560"}],"wp:featuredmedia":[{"embeddable":true,"href":"https:\/\/parapharmacieenligne.ma\/en\/wp-json\/wp\/v2\/media\/14558"}],"wp:attachment":[{"href":"https:\/\/parapharmacieenligne.ma\/en\/wp-json\/wp\/v2\/media?parent=3811"}],"wp:term":[{"taxonomy":"product_cat","embeddable":true,"href":"https:\/\/parapharmacieenligne.ma\/en\/wp-json\/wp\/v2\/product_cat?post=3811"},{"taxonomy":"product_tag","embeddable":true,"href":"https:\/\/parapharmacieenligne.ma\/en\/wp-json\/wp\/v2\/product_tag?post=3811"},{"taxonomy":"yith_product_brand","embeddable":true,"href":"https:\/\/parapharmacieenligne.ma\/en\/wp-json\/wp\/v2\/yith_product_brand?post=3811"}],"curies":[{"name":"wp","href":"https:\/\/api.w.org\/{rel}","templated":true}]}}