{"id":3812,"date":"2026-01-25T15:00:30","date_gmt":"2026-01-25T14:00:30","guid":{"rendered":"https:\/\/parapharmacieenligne.ma\/?post_type=product&#038;p=3812"},"modified":"2026-01-29T21:10:49","modified_gmt":"2026-01-29T20:10:49","slug":"dietaroma-capilea-forti-cheveux-ongles-60-capsules","status":"publish","type":"product","link":"https:\/\/parapharmacieenligne.ma\/en\/product\/dietaroma-capilea-forti-cheveux-ongles-60-capsules\/","title":{"rendered":"DIETAROMA Capil\u00e9a Forti cheveux &#038; ongles 60 capsules"},"content":{"rendered":"<div id=\"description\" class=\"tab-pane fade in active description\" role=\"tabpanel\">\n<div class=\"product-description\">\n<p><strong>Les colorations, la pollution, le d\u00e9ficit d&rsquo;apport en vitamines &amp; min\u00e9raux<\/strong> \u2026 sont des \u00e9v\u00e8nements qui peuvent fragiliser les cheveux et les ongles.<\/p>\n<p>Capil\u00e9a participe au<strong> maintien des fibres capillaires de la racine aux pointes<\/strong> <strong>(zinc, vitamine B8<\/strong> (<strong>biotine))<\/strong> et \u00e0 <strong>maintenir des cheveux<\/strong> et des <strong>ongles<\/strong> en b<strong>onne sant\u00e9 (zinc)<\/strong>.<\/p>\n<ul>\n<li><strong>Le zinc <\/strong>contribue au maintien des cheveux et ongles normaux<\/li>\n<li><strong>La vitamine B8<\/strong> contribue au maintien des cheveux normaux<\/li>\n<li><strong>Le L-m\u00e9thionine<\/strong> un acide anim\u00e9 essentiel \u00e0 l\u2019organisme<\/li>\n<li><strong>La k\u00e9ratine<\/strong> une prot\u00e9ine constituante essentielle du cheveu<\/li>\n<li><strong>Le L-cystine<\/strong> un acide amin\u00e9, naturellement pr\u00e9sent dans les cheveux, la peau et les ongles<\/li>\n<li><strong>L\u2019huile d\u2019Argan<\/strong> produite \u00e0 partir de l&rsquo;arganier<\/li>\n<li><strong>L&rsquo;ortie<\/strong> compl\u00e8tent cette formule<\/li>\n<\/ul>\n<div>\n<p>60 capsules &#8211; 2 capsules par jour pendant 30 jours.<\/p>\n<p>Poids net : 25 g<\/p>\n<\/div>\n<\/div>\n<\/div>\n<div id=\"extra-0\" class=\"tab-pane fade in extra conseils-d-utilisation\" role=\"tabpanel\">\n<p><strong>MODE D&rsquo;EMPLOI<\/strong> :<\/p>\n<ul>\n<li>2 capsules par jour pendant 1 mois \u00e0 prendre avec un grand verre d&rsquo;eau.<\/li>\n<li>Renouveler r\u00e9guli\u00e8rement si n\u00e9cessaire.<\/li>\n<\/ul>\n<p>A cause de l\u2019origine naturelle des ingr\u00e9dients, une variation de couleur est possible entre diff\u00e9rents lots de produits.<\/p>\n<p>A tenir \u00e0 l&rsquo;abri de la chaleur, de la lumi\u00e8re et de l&rsquo;humidit\u00e9.<\/p>\n<p><strong>PRECAUTIONS D&rsquo;EMPLOI : <\/strong><\/p>\n<ul>\n<li>Ne pas d\u00e9passer la dose journali\u00e8re recommand\u00e9e.<\/li>\n<li>Ne se substitue pas \u00e0 un r\u00e9gime alimentaire \u00e9quilibr\u00e9 et vari\u00e9 et \u00e0 un mode de vie sain.<\/li>\n<li>Tenir hors de port\u00e9e des enfants.<\/li>\n<\/ul>\n<\/div>","protected":false},"excerpt":{"rendered":"<p><strong>argan &#8211; ortie &#8211; k\u00e9ratine &#8211; L-m\u00e9thionine &#8211; L-cystine &#8211; zinc &#8211; vitamines b<\/strong><\/p>\n<p><strong>Les colorations, la pollution, le d\u00e9ficit d&rsquo;apport en vitamines &amp; min\u00e9raux<\/strong> \u2026 sont des \u00e9v\u00e8nements qui peuvent fragiliser les cheveux et les ongles.<\/p>","protected":false},"featured_media":3846,"comment_status":"open","ping_status":"closed","template":"","meta":[],"product_cat":[92],"product_tag":[],"yith_product_brand":[93],"class_list":{"0":"post-3812","1":"product","2":"type-product","3":"status-publish","4":"has-post-thumbnail","6":"product_cat-complements-alimentaires","7":"yith_product_brand-dietaroma","9":"first","10":"instock","11":"sale","12":"featured","13":"shipping-taxable","14":"purchasable","15":"product-type-simple"},"_links":{"self":[{"href":"https:\/\/parapharmacieenligne.ma\/en\/wp-json\/wp\/v2\/product\/3812","targetHints":{"allow":["GET"]}}],"collection":[{"href":"https:\/\/parapharmacieenligne.ma\/en\/wp-json\/wp\/v2\/product"}],"about":[{"href":"https:\/\/parapharmacieenligne.ma\/en\/wp-json\/wp\/v2\/types\/product"}],"replies":[{"embeddable":true,"href":"https:\/\/parapharmacieenligne.ma\/en\/wp-json\/wp\/v2\/comments?post=3812"}],"version-history":[{"count":1,"href":"https:\/\/parapharmacieenligne.ma\/en\/wp-json\/wp\/v2\/product\/3812\/revisions"}],"predecessor-version":[{"id":3847,"href":"https:\/\/parapharmacieenligne.ma\/en\/wp-json\/wp\/v2\/product\/3812\/revisions\/3847"}],"wp:featuredmedia":[{"embeddable":true,"href":"https:\/\/parapharmacieenligne.ma\/en\/wp-json\/wp\/v2\/media\/3846"}],"wp:attachment":[{"href":"https:\/\/parapharmacieenligne.ma\/en\/wp-json\/wp\/v2\/media?parent=3812"}],"wp:term":[{"taxonomy":"product_cat","embeddable":true,"href":"https:\/\/parapharmacieenligne.ma\/en\/wp-json\/wp\/v2\/product_cat?post=3812"},{"taxonomy":"product_tag","embeddable":true,"href":"https:\/\/parapharmacieenligne.ma\/en\/wp-json\/wp\/v2\/product_tag?post=3812"},{"taxonomy":"yith_product_brand","embeddable":true,"href":"https:\/\/parapharmacieenligne.ma\/en\/wp-json\/wp\/v2\/yith_product_brand?post=3812"}],"curies":[{"name":"wp","href":"https:\/\/api.w.org\/{rel}","templated":true}]}}