{"id":3813,"date":"2026-01-25T15:00:30","date_gmt":"2026-01-25T14:00:30","guid":{"rendered":"https:\/\/parapharmacieenligne.ma\/?post_type=product&#038;p=3813"},"modified":"2026-03-24T15:20:57","modified_gmt":"2026-03-24T14:20:57","slug":"dietaroma-capital-homme-prostate-60-capsules","status":"publish","type":"product","link":"https:\/\/parapharmacieenligne.ma\/en\/product\/dietaroma-capital-homme-prostate-60-capsules\/","title":{"rendered":"DIETAROMA Capital homme prostate 60 capsules"},"content":{"rendered":"<div id=\"description\" class=\"tab-pane fade in active description\" role=\"tabpanel\">\n<div class=\"product-description\">\n<p>Pour le bien \u00eatre des hommes \u00e0 partir de 45 ans : <strong>protection de la prostate<\/strong> et <strong>confort urinaire<\/strong> gr\u00e2ce \u00e0 notre formule concentr\u00e9e et 100% v\u00e9g\u00e9tale.<\/p>\n<ul>\n<li><strong>L&rsquo;huile de p\u00e9pins de courge<\/strong>, participe au confort urinaire chez l&rsquo;homme et au bon fonctionnement de la prostate.<\/li>\n<li><strong>Le lycop\u00e8ne<\/strong>, contenu naturellement dans la tomate.<\/li>\n<li><strong>Le zinc<\/strong>, contribue au maintien d&rsquo;un taux normal de testost\u00e9rone dans le sang.<\/li>\n<li><strong>Le s\u00e9l\u00e9nium<\/strong>, contribue \u00e0 une spermatog\u00e9n\u00e8se normale.<\/li>\n<li><strong>Le saw palmetto<\/strong> soutient le d\u00e9bit urinaire et les huiles essentielles de basilic compl\u00e8tent cette formule.<\/li>\n<\/ul>\n<p>60 capsules<\/p>\n<p>2 capsules par jour pendant 30 jours<\/p>\n<p>Poids net : 41,8 g<\/p>\n<\/div>\n<\/div>\n<div id=\"extra-0\" class=\"tab-pane fade in extra conseils-d-utilisation\" role=\"tabpanel\">\n<p><strong>MODE D&rsquo;EMPLOI : <\/strong><\/p>\n<ul>\n<li>2 capsules par jour \u00e0 prendre avec un verre d&rsquo;eau au moment des repas.<\/li>\n<\/ul>\n<p><strong>PRECAUTIONS D&rsquo;EMPLOI : <\/strong><\/p>\n<ul>\n<li>Ne pas d\u00e9passer la dose journali\u00e8re recommand\u00e9e.<\/li>\n<li>Ne se substitue pas \u00e0 un r\u00e9gime alimentaire \u00e9quilibr\u00e9 et vari\u00e9 et \u00e0 un mode de vie sain.<\/li>\n<li>Tenir hors de port\u00e9e des enfants.<\/li>\n<li>Un contr\u00f4le m\u00e9dical est conseill\u00e9.<\/li>\n<li>Demander l&rsquo;avis de votre m\u00e9decin ou pharmacien.<\/li>\n<li>Ce produit ne convient pas aux enfants et aux jeunes adultes en dessous de 18 ans.<\/li>\n<li>Un usage prolong\u00e9 est d\u00e9conseill\u00e9. Prenez avis aupr\u00e8s d&rsquo;un sp\u00e9cialiste.<\/li>\n<li>Consultez votre m\u00e9decin en cas de prise simultan\u00e9e de traitement de longue dur\u00e9e ou de maladie chronique.<\/li>\n<\/ul>\n<p>\u00c0 conserver \u00e0 l&rsquo;abri de la lumi\u00e8re et de l&rsquo;humidit\u00e9, et \u00e0 une temp\u00e9rature inf\u00e9rieure \u00e0 25\u00b0C.<\/p>\n<p>\u00c0 consommer de pr\u00e9f\u00e9rence avant et N\u00b0 de lot : voir sous la bo\u00eete.<\/p>\n<\/div>","protected":false},"excerpt":{"rendered":"<p><strong>Huile de p\u00e9pins de courge Saw Palmetto &#8211; Huiles essentielles de basilic &#8211; vitamine E &#8211; Zinc &#8211; Lycop\u00e8ne &#8211; s\u00e9l\u00e9nium<\/strong><\/p>\n<p>Pour le bien \u00eatre des hommes \u00e0 partir de 45 ans : <strong>protection de la prostate<\/strong> et <strong>confort urinaire<\/strong> gr\u00e2ce \u00e0 notre formule concentr\u00e9e et <strong>100% v\u00e9g\u00e9tale<\/strong>.<\/p>","protected":false},"featured_media":3852,"comment_status":"open","ping_status":"closed","template":"","meta":[],"product_cat":[92],"product_tag":[],"yith_product_brand":[93],"class_list":{"0":"post-3813","1":"product","2":"type-product","3":"status-publish","4":"has-post-thumbnail","6":"product_cat-complements-alimentaires","7":"yith_product_brand-dietaroma","9":"first","10":"instock","11":"sale","12":"shipping-taxable","13":"purchasable","14":"product-type-simple"},"_links":{"self":[{"href":"https:\/\/parapharmacieenligne.ma\/en\/wp-json\/wp\/v2\/product\/3813","targetHints":{"allow":["GET"]}}],"collection":[{"href":"https:\/\/parapharmacieenligne.ma\/en\/wp-json\/wp\/v2\/product"}],"about":[{"href":"https:\/\/parapharmacieenligne.ma\/en\/wp-json\/wp\/v2\/types\/product"}],"replies":[{"embeddable":true,"href":"https:\/\/parapharmacieenligne.ma\/en\/wp-json\/wp\/v2\/comments?post=3813"}],"version-history":[{"count":1,"href":"https:\/\/parapharmacieenligne.ma\/en\/wp-json\/wp\/v2\/product\/3813\/revisions"}],"predecessor-version":[{"id":3853,"href":"https:\/\/parapharmacieenligne.ma\/en\/wp-json\/wp\/v2\/product\/3813\/revisions\/3853"}],"wp:featuredmedia":[{"embeddable":true,"href":"https:\/\/parapharmacieenligne.ma\/en\/wp-json\/wp\/v2\/media\/3852"}],"wp:attachment":[{"href":"https:\/\/parapharmacieenligne.ma\/en\/wp-json\/wp\/v2\/media?parent=3813"}],"wp:term":[{"taxonomy":"product_cat","embeddable":true,"href":"https:\/\/parapharmacieenligne.ma\/en\/wp-json\/wp\/v2\/product_cat?post=3813"},{"taxonomy":"product_tag","embeddable":true,"href":"https:\/\/parapharmacieenligne.ma\/en\/wp-json\/wp\/v2\/product_tag?post=3813"},{"taxonomy":"yith_product_brand","embeddable":true,"href":"https:\/\/parapharmacieenligne.ma\/en\/wp-json\/wp\/v2\/yith_product_brand?post=3813"}],"curies":[{"name":"wp","href":"https:\/\/api.w.org\/{rel}","templated":true}]}}