{"id":3814,"date":"2026-01-25T15:00:30","date_gmt":"2026-01-25T14:00:30","guid":{"rendered":"https:\/\/parapharmacieenligne.ma\/?post_type=product&#038;p=3814"},"modified":"2026-03-24T15:20:26","modified_gmt":"2026-03-24T14:20:26","slug":"dietaroma-capligne-controle-du-poids-brule-graisse","status":"publish","type":"product","link":"https:\/\/parapharmacieenligne.ma\/en\/product\/dietaroma-capligne-controle-du-poids-brule-graisse\/","title":{"rendered":"DIETAROMA CAPLIGNE CONTR\u00d4LE DU POIDS (Brule graisse) 30 g\u00e9lules"},"content":{"rendered":"<div id=\"description\" class=\"tab-pane fade in active description\" role=\"tabpanel\">\n<div class=\"product-description\">\n<p>Besoin d\u2019un coup de pouce pour capter et br\u00fbler les graisses ? Ayez le r\u00e9flexe Di\u00e9taroma avec Capligne Contr\u00f4le du Poids !<\/p>\n<p>Notre formule compos\u00e9e de 4 ingr\u00e9dients est le <strong>partenaire minceur id\u00e9al :<\/strong><\/p>\n<ul>\n<li>Le <strong>Guarana<\/strong>, plante d&rsquo;Am\u00e9rique du sud dont les graines contiennent de la caf\u00e9ine, contribue au m\u00e9tabolisme des graisses.<\/li>\n<li>Compl\u00e9t\u00e9e par le th\u00e9 vert et le caf\u00e9 vert, notre formule vous apporte au total 30.1mg de caf\u00e9ine par dose journali\u00e8re. Le th\u00e9 vert participe \u00e9galement \u00e0 l&rsquo;\u00e9limination.<\/li>\n<li>N\u00e9opuntia, extrait brevet\u00e9 de Nopal.<\/li>\n<\/ul>\n<\/div>\n<\/div>\n<div id=\"extra-0\" class=\"tab-pane fade in extra conseils-d-utilisation\" role=\"tabpanel\">\n<p><strong>MODE D&rsquo;EMPLOI:<\/strong><\/p>\n<p>1 comprim\u00e9 par jour \u00e0 prendre avec un grand verre d&rsquo;eau pendant 30 jours de pr\u00e9f\u00e9rence le matin avant le repas. A renouveler si besoin.<\/p>\n<p><strong>PRECAUTIONS D&rsquo;EMPLOI :<\/strong><\/p>\n<ul>\n<li> Ne pas d\u00e9passer la dose journali\u00e8re recommand\u00e9e<\/li>\n<li> Ne se substitue pas \u00e0 un r\u00e9gime \u00e9quilibr\u00e9 et vari\u00e9 et \u00e0 un mode de vie sain<\/li>\n<li>Tenir hors de port\u00e9e des enfants<\/li>\n<li>D\u00e9conseill\u00e9 aux enfants, adolescents, femmes enceintes ou allaitantes<\/li>\n<li>D\u00e9conseill\u00e9 entre les repas et le soir chez les personnes sensibles \u00e0 la caf\u00e9ine<\/li>\n<li>L&rsquo;usage excessif ou \u00e0 long terme est d\u00e9conseill\u00e9<\/li>\n<li>D\u00e9conseill\u00e9 en cas d&rsquo;ulc\u00e8re gastro-duod\u00e9nal, de troubles cardiaques, de glaucome ou d&rsquo;hyperthyro\u00efdie.<\/li>\n<li>Ne doit pas \u00eatre consomm\u00e9 si vous prenez le m\u00eame jour d&rsquo;autres produits contenant du th\u00e9 vert.<\/li>\n<li>Contient du 3-gallate d&rsquo;\u00e9pigallocat\u00e9chine (EGCG), une consommation de 800mg ou plus par jour est d\u00e9conseill\u00e9e.<\/li>\n<li>En cas de traitements m\u00e9dicamenteux, demander conseil \u00e0 un professionnel de sant\u00e9.<\/li>\n<\/ul>\n<\/div>","protected":false},"excerpt":{"rendered":"<p>Formule compos\u00e9e de 4 ingr\u00e9dients est le <strong>partenaire minceur id\u00e9al :<\/strong><\/p>\n<ul>\n<li>Le Guarana<\/li>\n<li>Le th\u00e9 vert<\/li>\n<li>Le caf\u00e9 vert<\/li>\n<li>Le nopal, ingr\u00e9dient brevet\u00e9<\/li>\n<\/ul>","protected":false},"featured_media":3855,"comment_status":"open","ping_status":"closed","template":"","meta":[],"product_cat":[92],"product_tag":[],"yith_product_brand":[93],"class_list":{"0":"post-3814","1":"product","2":"type-product","3":"status-publish","4":"has-post-thumbnail","6":"product_cat-complements-alimentaires","7":"yith_product_brand-dietaroma","9":"first","10":"instock","11":"sale","12":"shipping-taxable","13":"purchasable","14":"product-type-simple"},"_links":{"self":[{"href":"https:\/\/parapharmacieenligne.ma\/en\/wp-json\/wp\/v2\/product\/3814","targetHints":{"allow":["GET"]}}],"collection":[{"href":"https:\/\/parapharmacieenligne.ma\/en\/wp-json\/wp\/v2\/product"}],"about":[{"href":"https:\/\/parapharmacieenligne.ma\/en\/wp-json\/wp\/v2\/types\/product"}],"replies":[{"embeddable":true,"href":"https:\/\/parapharmacieenligne.ma\/en\/wp-json\/wp\/v2\/comments?post=3814"}],"version-history":[{"count":2,"href":"https:\/\/parapharmacieenligne.ma\/en\/wp-json\/wp\/v2\/product\/3814\/revisions"}],"predecessor-version":[{"id":18992,"href":"https:\/\/parapharmacieenligne.ma\/en\/wp-json\/wp\/v2\/product\/3814\/revisions\/18992"}],"wp:featuredmedia":[{"embeddable":true,"href":"https:\/\/parapharmacieenligne.ma\/en\/wp-json\/wp\/v2\/media\/3855"}],"wp:attachment":[{"href":"https:\/\/parapharmacieenligne.ma\/en\/wp-json\/wp\/v2\/media?parent=3814"}],"wp:term":[{"taxonomy":"product_cat","embeddable":true,"href":"https:\/\/parapharmacieenligne.ma\/en\/wp-json\/wp\/v2\/product_cat?post=3814"},{"taxonomy":"product_tag","embeddable":true,"href":"https:\/\/parapharmacieenligne.ma\/en\/wp-json\/wp\/v2\/product_tag?post=3814"},{"taxonomy":"yith_product_brand","embeddable":true,"href":"https:\/\/parapharmacieenligne.ma\/en\/wp-json\/wp\/v2\/yith_product_brand?post=3814"}],"curies":[{"name":"wp","href":"https:\/\/api.w.org\/{rel}","templated":true}]}}