{"id":3815,"date":"2026-01-25T15:00:31","date_gmt":"2026-01-25T14:00:31","guid":{"rendered":"https:\/\/parapharmacieenligne.ma\/?post_type=product&#038;p=3815"},"modified":"2026-03-24T15:19:36","modified_gmt":"2026-03-24T14:19:36","slug":"dietaroma-c-i-p-chardon-marie-60-comprimes","status":"publish","type":"product","link":"https:\/\/parapharmacieenligne.ma\/en\/product\/dietaroma-c-i-p-chardon-marie-60-comprimes\/","title":{"rendered":"DIETAROMA C.I.P. Chardon Marie 60 comprim\u00e9s"},"content":{"rendered":"<p><b>Restauration rapide, repas de f\u00eates, rythmes du quotidien, alimentation inadapt\u00e9e peuvent solliciter notre foie. <\/b><\/p>\n<ul>\n<li>Le <strong>Chardon-Marie<\/strong>, plante \u00e0 fleurs roses \u00e9pineuses proche de l&rsquo;<a class=\"pstg-item-link pstg-theme- tooltipstered\" href=\"https:\/\/www.dietaroma.fr\/plantes-herbier\/artichaut\" target=\"_blank\" rel=\"noopener\">artichaut<\/a>, utilis\u00e9e d\u00e8s l&rsquo;antiquit\u00e9 par les Grecs, contribue au fonctionnement h\u00e9patique en prot\u00e9geant le foie face aux exc\u00e8s.<\/li>\n<\/ul>\n<p>60 comprim\u00e9s &#8211; 2 comprim\u00e9s par jour<\/p>\n<p>Poids net : 31,35 g<\/p>\n<p><strong>MODE D\u2019EMPLOI<\/strong> : Prendre 1 ou 2 comprim\u00e9s par jour avec un verre d\u2019eau.<\/p>\n<p>\u00c0 conserver \u00e0 l&rsquo;abri de la chaleur, de la lumi\u00e8re et de l&rsquo;humidit\u00e9.<\/p>","protected":false},"excerpt":{"rendered":"<p><strong>Protection du foie\u00b2.<\/strong><\/p>\n<p><strong>Restauration rapide, repas de f\u00eates, rythme du quotidien, alimentation inadapt\u00e9e peuvent solliciter notre foie.<\/strong><\/p>","protected":false},"featured_media":3858,"comment_status":"open","ping_status":"closed","template":"","meta":[],"product_cat":[92],"product_tag":[],"yith_product_brand":[93],"class_list":{"0":"post-3815","1":"product","2":"type-product","3":"status-publish","4":"has-post-thumbnail","6":"product_cat-complements-alimentaires","7":"yith_product_brand-dietaroma","9":"first","10":"instock","11":"sale","12":"shipping-taxable","13":"purchasable","14":"product-type-simple"},"_links":{"self":[{"href":"https:\/\/parapharmacieenligne.ma\/en\/wp-json\/wp\/v2\/product\/3815","targetHints":{"allow":["GET"]}}],"collection":[{"href":"https:\/\/parapharmacieenligne.ma\/en\/wp-json\/wp\/v2\/product"}],"about":[{"href":"https:\/\/parapharmacieenligne.ma\/en\/wp-json\/wp\/v2\/types\/product"}],"replies":[{"embeddable":true,"href":"https:\/\/parapharmacieenligne.ma\/en\/wp-json\/wp\/v2\/comments?post=3815"}],"version-history":[{"count":1,"href":"https:\/\/parapharmacieenligne.ma\/en\/wp-json\/wp\/v2\/product\/3815\/revisions"}],"predecessor-version":[{"id":3859,"href":"https:\/\/parapharmacieenligne.ma\/en\/wp-json\/wp\/v2\/product\/3815\/revisions\/3859"}],"wp:featuredmedia":[{"embeddable":true,"href":"https:\/\/parapharmacieenligne.ma\/en\/wp-json\/wp\/v2\/media\/3858"}],"wp:attachment":[{"href":"https:\/\/parapharmacieenligne.ma\/en\/wp-json\/wp\/v2\/media?parent=3815"}],"wp:term":[{"taxonomy":"product_cat","embeddable":true,"href":"https:\/\/parapharmacieenligne.ma\/en\/wp-json\/wp\/v2\/product_cat?post=3815"},{"taxonomy":"product_tag","embeddable":true,"href":"https:\/\/parapharmacieenligne.ma\/en\/wp-json\/wp\/v2\/product_tag?post=3815"},{"taxonomy":"yith_product_brand","embeddable":true,"href":"https:\/\/parapharmacieenligne.ma\/en\/wp-json\/wp\/v2\/yith_product_brand?post=3815"}],"curies":[{"name":"wp","href":"https:\/\/api.w.org\/{rel}","templated":true}]}}