{"id":3816,"date":"2026-01-25T15:00:31","date_gmt":"2026-01-25T14:00:31","guid":{"rendered":"https:\/\/parapharmacieenligne.ma\/?post_type=product&#038;p=3816"},"modified":"2026-03-24T15:17:06","modified_gmt":"2026-03-24T14:17:06","slug":"dietaroma-c-i-p-circulation-vigne-rouge-marronnier-dinde-fragon-bio-20-ampoules","status":"publish","type":"product","link":"https:\/\/parapharmacieenligne.ma\/en\/product\/dietaroma-c-i-p-circulation-vigne-rouge-marronnier-dinde-fragon-bio-20-ampoules\/","title":{"rendered":"DIETAROMA C.I.P. CIRCULATION Vigne rouge, marronnier d&rsquo;Inde, fragon bio 20 ampoules"},"content":{"rendered":"<p>Des<strong> g\u00eanes circulatoires<\/strong> tr\u00e8s ponctuelles, <strong>saisonni\u00e8res<\/strong> (chaleur) ou li\u00e9es \u00e0 un contexte mettant les jambes \u00e0 rude \u00e9preuve (station debout ou assise prolong\u00e9e, pi\u00e9tinement\u2026) peuvent se traduire par l&rsquo;impression <strong>d\u00e9sagr\u00e9able<\/strong> que les <strong>jambes sont gonfl\u00e9s<\/strong>.<\/p>\n<ul>\n<li><strong>La vigne rouge<\/strong> aide \u00e0 la fonction circulatoire des jambes.<\/li>\n<li><strong>Le marron d&rsquo;Inde<\/strong>, traditionnellement utilis\u00e9 pour la bonne circulation du sang, contribue \u00e0 diminuer les sensations de jambes lourdes.<\/li>\n<li><strong>Le fragon<\/strong> apporte un soulagement et une sensation de l\u00e9g\u00e8ret\u00e9 \u00e0 vos jambes.<\/li>\n<\/ul>\n<p>20 ampoules de 10 ml &#8211; Volume net : 200 ml<\/p>\n<p>1 ampoule par jour pendant 20 jours.<\/p>\n<p><strong>MODE D&rsquo;EMPLOI:<\/strong><\/p>\n<ul>\n<li>1 ampoule par jour \u00e0 diluer dans un verre d&rsquo;eau, de pr\u00e9f\u00e9rence le matin.<\/li>\n<li>Bien agiter l&rsquo;ampoule avant son ouverture.<\/li>\n<li>Compte tenu du c\u00f4t\u00e9 enti\u00e8rement naturel du produit et de sa concentration tr\u00e8s importante en plantes, un d\u00e9p\u00f4t est possible. Il ne nuit en rien \u00e0 la qualit\u00e9 du produit.<\/li>\n<li>Cette forte concentration en actif peut donner lieu \u00e0 la formation de cristaux qui peuvent \u00eatre consomm\u00e9s sans risque.<\/li>\n<\/ul>\n<p>A conserver \u00e0 l&rsquo;abri de la chaleur et de la lumi\u00e8re.<\/p>\n<p><strong>PRECAUTIONS D&rsquo;EMPLOI :<\/strong><\/p>\n<ul>\n<li>Ne pas d\u00e9passer la dose journali\u00e8re recommand\u00e9e.<\/li>\n<li>Ne se substitue pas \u00e0 un r\u00e9gime alimentaire \u00e9quilibr\u00e9 et vari\u00e9 et \u00e0 un mode de vie sain.<\/li>\n<li>Tenir hors de port\u00e9e des enfants.<\/li>\n<li>Ne pas utiliser chez les femmes enceintes et allaitantes.<\/li>\n<li>L&#8217;emploi chez les personnes sous anticoagulant est d\u00e9conseill\u00e9.<\/li>\n<li>R\u00e9serv\u00e9 aux adultes.<\/li>\n<li>Consultez votre m\u00e9decin en cas de prise simultan\u00e9e de traitement de longue dur\u00e9e ou de maladie chronique.<\/li>\n<\/ul>","protected":false},"excerpt":{"rendered":"<p>Des<strong> g\u00eanes circulatoires<\/strong> tr\u00e8s ponctuelles, <strong>saisonni\u00e8res<\/strong> (chaleur) ou li\u00e9es \u00e0 un contexte mettant les jambes \u00e0 rude \u00e9preuve (station debout ou assise prolong\u00e9e, pi\u00e9tinement\u2026) peuvent se traduire par l&rsquo;impression <strong>d\u00e9sagr\u00e9able<\/strong> que les <strong>jambes sont gonfl\u00e9s<\/strong>.<\/p>","protected":false},"featured_media":3864,"comment_status":"open","ping_status":"closed","template":"","meta":[],"product_cat":[92],"product_tag":[],"yith_product_brand":[93],"class_list":{"0":"post-3816","1":"product","2":"type-product","3":"status-publish","4":"has-post-thumbnail","6":"product_cat-complements-alimentaires","7":"yith_product_brand-dietaroma","9":"first","10":"instock","11":"sale","12":"shipping-taxable","13":"purchasable","14":"product-type-simple"},"_links":{"self":[{"href":"https:\/\/parapharmacieenligne.ma\/en\/wp-json\/wp\/v2\/product\/3816","targetHints":{"allow":["GET"]}}],"collection":[{"href":"https:\/\/parapharmacieenligne.ma\/en\/wp-json\/wp\/v2\/product"}],"about":[{"href":"https:\/\/parapharmacieenligne.ma\/en\/wp-json\/wp\/v2\/types\/product"}],"replies":[{"embeddable":true,"href":"https:\/\/parapharmacieenligne.ma\/en\/wp-json\/wp\/v2\/comments?post=3816"}],"version-history":[{"count":1,"href":"https:\/\/parapharmacieenligne.ma\/en\/wp-json\/wp\/v2\/product\/3816\/revisions"}],"predecessor-version":[{"id":3865,"href":"https:\/\/parapharmacieenligne.ma\/en\/wp-json\/wp\/v2\/product\/3816\/revisions\/3865"}],"wp:featuredmedia":[{"embeddable":true,"href":"https:\/\/parapharmacieenligne.ma\/en\/wp-json\/wp\/v2\/media\/3864"}],"wp:attachment":[{"href":"https:\/\/parapharmacieenligne.ma\/en\/wp-json\/wp\/v2\/media?parent=3816"}],"wp:term":[{"taxonomy":"product_cat","embeddable":true,"href":"https:\/\/parapharmacieenligne.ma\/en\/wp-json\/wp\/v2\/product_cat?post=3816"},{"taxonomy":"product_tag","embeddable":true,"href":"https:\/\/parapharmacieenligne.ma\/en\/wp-json\/wp\/v2\/product_tag?post=3816"},{"taxonomy":"yith_product_brand","embeddable":true,"href":"https:\/\/parapharmacieenligne.ma\/en\/wp-json\/wp\/v2\/yith_product_brand?post=3816"}],"curies":[{"name":"wp","href":"https:\/\/api.w.org\/{rel}","templated":true}]}}