{"id":3817,"date":"2026-01-25T15:00:31","date_gmt":"2026-01-25T14:00:31","guid":{"rendered":"https:\/\/parapharmacieenligne.ma\/?post_type=product&#038;p=3817"},"modified":"2026-03-24T15:18:20","modified_gmt":"2026-03-24T14:18:20","slug":"dietaroma-c-i-p-digestion-20-ampoules","status":"publish","type":"product","link":"https:\/\/parapharmacieenligne.ma\/en\/product\/dietaroma-c-i-p-digestion-20-ampoules\/","title":{"rendered":"DIETAROMA C.I.P. DIGESTION 20 ampoules"},"content":{"rendered":"<p>Digestion difficile, ballonnements, lourdeurs d\u2019estomac&#8230; Ayez le r\u00e9flexe Di\u00e9taroma avec le Concentr\u00e9 Int\u00e9gral de Plantes\u00ae digestion, un compl\u00e9ment alimentaire contenant Artichaut, Fenouil, Basilic et Chardon-marie.<\/p>\n<ul>\n<li><strong>L&rsquo;artichaut<\/strong> et le <strong>basilic<\/strong> contribuent au confort digestif.<\/li>\n<li>Le <strong>chardon-Marie<\/strong> participe au drainage h\u00e9patique.<\/li>\n<li>Le <strong>fenouil<\/strong> contribue aux fonctions d&rsquo;\u00e9limination.<\/li>\n<\/ul>\n<p>20 ampoules de 10 ml &#8211; Volume net : 200 ml<\/p>\n<p>1 ampoule par jour pendant 20 jours.<\/p>\n<p><strong>MODE D&rsquo;EMPLOI:<\/strong><\/p>\n<ul>\n<li>1 ampoule par jour \u00e0 diluer dans un verre d&rsquo;eau, de pr\u00e9f\u00e9rence apr\u00e8s le d\u00e9jeuner ou le d\u00eener<\/li>\n<li>Bien agiter l&rsquo;ampoule avant son ouverture<\/li>\n<li>Compte tenu du c\u00f4t\u00e9 enti\u00e8rement naturel du produit et de sa concentration tr\u00e8s importante en plantes, un d\u00e9p\u00f4t est possible. Il ne nuit en rien \u00e0 la qualit\u00e9 du produit. Cette forte concentration en actifs peut donner lieu \u00e0 la formation de cristaux qui peuvent \u00eatre consomm\u00e9s sans risque<\/li>\n<\/ul>\n<p>A conserver \u00e0 l&rsquo;abri de la chaleur et de la lumi\u00e8re.<\/p>\n<p><strong>PRECAUTIONS D&rsquo;EMPLOI<\/strong> :<\/p>\n<ul>\n<li>Ne pas d\u00e9passer la dose journali\u00e8re recommand\u00e9e<\/li>\n<li>Ne se substitue pas \u00e0 un r\u00e9gime alimentaire \u00e9quilibr\u00e9 et vari\u00e9 et \u00e0 un mode de vie sain<\/li>\n<li>Tenir hors de port\u00e9e des enfants<\/li>\n<li>Les personnes prenant des m\u00e9dicaments ou avec une pathologie de longue dur\u00e9e doivent demander conseil aupr\u00e8s d&rsquo;un m\u00e9decin avant la prise<\/li>\n<li>Ne pas consommer en cas d&rsquo;allergie aux plantes de la famille des ast\u00e9rac\u00e9es<\/li>\n<li>D\u00e9conseill\u00e9 en cas d&rsquo;obstruction des voies biliaires<\/li>\n<li>Ne doit pas \u00eatre utilis\u00e9 chez les femmes enceintes ou allaitantes<\/li>\n<li>Pas d&rsquo;usage prolong\u00e9 sans avis d&rsquo;un sp\u00e9cialiste<\/li>\n<li>D\u00e9conseill\u00e9 chez les enfants de moins de 12 ans<\/li>\n<\/ul>","protected":false},"excerpt":{"rendered":"<p><strong>Digestion difficile ? Ballonnements ? Lourdeurs d&rsquo;estomac ?<\/strong> Ces d\u00e9sagr\u00e9ments peuvent perturber notre quotidien.<\/p>","protected":false},"featured_media":3867,"comment_status":"open","ping_status":"closed","template":"","meta":[],"product_cat":[92],"product_tag":[],"yith_product_brand":[93],"class_list":{"0":"post-3817","1":"product","2":"type-product","3":"status-publish","4":"has-post-thumbnail","6":"product_cat-complements-alimentaires","7":"yith_product_brand-dietaroma","9":"first","10":"instock","11":"sale","12":"shipping-taxable","13":"purchasable","14":"product-type-simple"},"_links":{"self":[{"href":"https:\/\/parapharmacieenligne.ma\/en\/wp-json\/wp\/v2\/product\/3817","targetHints":{"allow":["GET"]}}],"collection":[{"href":"https:\/\/parapharmacieenligne.ma\/en\/wp-json\/wp\/v2\/product"}],"about":[{"href":"https:\/\/parapharmacieenligne.ma\/en\/wp-json\/wp\/v2\/types\/product"}],"replies":[{"embeddable":true,"href":"https:\/\/parapharmacieenligne.ma\/en\/wp-json\/wp\/v2\/comments?post=3817"}],"version-history":[{"count":1,"href":"https:\/\/parapharmacieenligne.ma\/en\/wp-json\/wp\/v2\/product\/3817\/revisions"}],"predecessor-version":[{"id":3868,"href":"https:\/\/parapharmacieenligne.ma\/en\/wp-json\/wp\/v2\/product\/3817\/revisions\/3868"}],"wp:featuredmedia":[{"embeddable":true,"href":"https:\/\/parapharmacieenligne.ma\/en\/wp-json\/wp\/v2\/media\/3867"}],"wp:attachment":[{"href":"https:\/\/parapharmacieenligne.ma\/en\/wp-json\/wp\/v2\/media?parent=3817"}],"wp:term":[{"taxonomy":"product_cat","embeddable":true,"href":"https:\/\/parapharmacieenligne.ma\/en\/wp-json\/wp\/v2\/product_cat?post=3817"},{"taxonomy":"product_tag","embeddable":true,"href":"https:\/\/parapharmacieenligne.ma\/en\/wp-json\/wp\/v2\/product_tag?post=3817"},{"taxonomy":"yith_product_brand","embeddable":true,"href":"https:\/\/parapharmacieenligne.ma\/en\/wp-json\/wp\/v2\/yith_product_brand?post=3817"}],"curies":[{"name":"wp","href":"https:\/\/api.w.org\/{rel}","templated":true}]}}