{"id":3818,"date":"2026-01-25T15:00:31","date_gmt":"2026-01-25T14:00:31","guid":{"rendered":"https:\/\/parapharmacieenligne.ma\/?post_type=product&#038;p=3818"},"modified":"2026-03-24T15:17:52","modified_gmt":"2026-03-24T14:17:52","slug":"dietaroma-c-i-p-harpagophytum-bio-equitable-20-ampoules","status":"publish","type":"product","link":"https:\/\/parapharmacieenligne.ma\/en\/product\/dietaroma-c-i-p-harpagophytum-bio-equitable-20-ampoules\/","title":{"rendered":"DIETAROMA C.I.P. Harpagophytum Bio Equitable 20 ampoules"},"content":{"rendered":"<p><strong>Sport, activit\u00e9 physique, changements de saison sollicitent la souplesse des articulations. <\/strong><\/p>\n<p>L&rsquo;<strong>harpagophytum<\/strong>, traditionnellement utilis\u00e9e depuis des si\u00e8cles pour soulager les douleurs articulaires, contribue \u00e0 la<strong> souplesse des articulations<\/strong>.<\/p>\n<p>20 ampoules de 10 ml &#8211; 1 ampoule par jour pendant 20 Jours.<\/p>\n<p>Volume net : 200 ml<\/p>\n<p><strong>MODE D\u2019EMPLOI :<\/strong><\/p>\n<ul>\n<li>1 ampoule par jour \u00e0 diluer dans un verre d&rsquo;eau, de pr\u00e9f\u00e9rence le matin.<\/li>\n<li>Bien agiter l\u2019ampoule avant son ouverture.<\/li>\n<li>Compte tenu du c\u00f4t\u00e9 enti\u00e8rement naturel du produit et de sa concentration tr\u00e8s importante en plantes, un d\u00e9p\u00f4t est possible. Il ne nuit en rien \u00e0 la qualit\u00e9 du produit.<\/li>\n<li>La forte concentration en actif peut donner lieu \u00e0 la formation d&rsquo;un d\u00e9p\u00f4t ou de cristaux qui peuvent \u00eatre consomm\u00e9s sans risque.<\/li>\n<\/ul>\n<p>A conserver de pr\u00e9f\u00e9rence \u00e0 une temp\u00e9rature comprise entre 15\u00b0C et 25\u00b0C \u00e0 l&rsquo;abri de la lumi\u00e8re et de l&rsquo;humidit\u00e9.<\/p>\n<p><strong>PR\u00c9CAUTIONS D\u2019EMPLOI :<\/strong><\/p>\n<ul>\n<li>Ne pas d\u00e9passer la dose journali\u00e8re recommand\u00e9e.<\/li>\n<li>Ne se substitue pas \u00e0 un r\u00e9gime alimentaire \u00e9quilibr\u00e9 et vari\u00e9 et \u00e0 un mode de vie sain.<\/li>\n<li>Tenir hors de port\u00e9e des enfants.<\/li>\n<li>R\u00e9serv\u00e9 \u00e0 l&rsquo;adulte.<\/li>\n<li>Ne pas utiliser chez les femmes enceintes et allaitantes.<\/li>\n<li>Demander conseil \u00e0 un professionnel de sant\u00e9 en cas de maladie chronique ou de traitement au long cours.<\/li>\n<li>Consulter un m\u00e9decin en cas de prise simultan\u00e9e d&rsquo;anticoagulants.<\/li>\n<li>D\u00e9conseill\u00e9 en cas d&rsquo;ulc\u00e8re gastroduod\u00e9nal ou de calculs biliaires.<\/li>\n<\/ul>","protected":false},"excerpt":{"rendered":"<p><strong>Articulations &amp; tendons.<\/strong><\/p>\n<p><strong>Sport, activit\u00e9 physique, changements de saison sollicitent la souplesse des articulations.<\/strong><\/p>","protected":false},"featured_media":3870,"comment_status":"open","ping_status":"closed","template":"","meta":[],"product_cat":[92],"product_tag":[],"yith_product_brand":[93],"class_list":{"0":"post-3818","1":"product","2":"type-product","3":"status-publish","4":"has-post-thumbnail","6":"product_cat-complements-alimentaires","7":"yith_product_brand-dietaroma","9":"first","10":"instock","11":"sale","12":"shipping-taxable","13":"purchasable","14":"product-type-simple"},"_links":{"self":[{"href":"https:\/\/parapharmacieenligne.ma\/en\/wp-json\/wp\/v2\/product\/3818","targetHints":{"allow":["GET"]}}],"collection":[{"href":"https:\/\/parapharmacieenligne.ma\/en\/wp-json\/wp\/v2\/product"}],"about":[{"href":"https:\/\/parapharmacieenligne.ma\/en\/wp-json\/wp\/v2\/types\/product"}],"replies":[{"embeddable":true,"href":"https:\/\/parapharmacieenligne.ma\/en\/wp-json\/wp\/v2\/comments?post=3818"}],"version-history":[{"count":1,"href":"https:\/\/parapharmacieenligne.ma\/en\/wp-json\/wp\/v2\/product\/3818\/revisions"}],"predecessor-version":[{"id":3871,"href":"https:\/\/parapharmacieenligne.ma\/en\/wp-json\/wp\/v2\/product\/3818\/revisions\/3871"}],"wp:featuredmedia":[{"embeddable":true,"href":"https:\/\/parapharmacieenligne.ma\/en\/wp-json\/wp\/v2\/media\/3870"}],"wp:attachment":[{"href":"https:\/\/parapharmacieenligne.ma\/en\/wp-json\/wp\/v2\/media?parent=3818"}],"wp:term":[{"taxonomy":"product_cat","embeddable":true,"href":"https:\/\/parapharmacieenligne.ma\/en\/wp-json\/wp\/v2\/product_cat?post=3818"},{"taxonomy":"product_tag","embeddable":true,"href":"https:\/\/parapharmacieenligne.ma\/en\/wp-json\/wp\/v2\/product_tag?post=3818"},{"taxonomy":"yith_product_brand","embeddable":true,"href":"https:\/\/parapharmacieenligne.ma\/en\/wp-json\/wp\/v2\/yith_product_brand?post=3818"}],"curies":[{"name":"wp","href":"https:\/\/api.w.org\/{rel}","templated":true}]}}