{"id":3819,"date":"2026-01-25T15:00:32","date_gmt":"2026-01-25T14:00:32","guid":{"rendered":"https:\/\/parapharmacieenligne.ma\/?post_type=product&#038;p=3819"},"modified":"2026-03-24T15:15:13","modified_gmt":"2026-03-24T14:15:13","slug":"dietaroma-c-i-p-maca-60-comprimes","status":"publish","type":"product","link":"https:\/\/parapharmacieenligne.ma\/en\/product\/dietaroma-c-i-p-maca-60-comprimes\/","title":{"rendered":"DIETAROMA C.I.P. Maca 60 comprim\u00e9s"},"content":{"rendered":"<p><strong>La maca contribue aux performances physiques et mentales.<\/strong><\/p>\n<p>60 comprim\u00e9s &#8211; 1 \u00e0 2 comprim\u00e9s par jour \/ 30 \u00e0 60 jours.<\/p>\n<p>Poids net : 33 g<\/p>\n<p><strong>MODE D\u2019EMPLOI<\/strong> : prendre 1 ou 2 comprim\u00e9s par jour avec un grand verre d&rsquo;eau, de pr\u00e9f\u00e9rence en d\u00e9but de journ\u00e9e.<\/p>\n<p>A conserver \u00e0 l&rsquo;abri de la chaleur, de la lumi\u00e8re et de l&rsquo;humidit\u00e9.<\/p>\n<p><strong>PR\u00c9CAUTIONS D\u2019EMPLOI<\/strong> :<\/p>\n<ul>\n<li>Ne pas d\u00e9passer la dose journali\u00e8re recommand\u00e9e.<\/li>\n<li>Ne se substitue pas \u00e0 un r\u00e9gime alimentaire \u00e9quilibr\u00e9 et vari\u00e9 et \u00e0 un mode de vie sain.<\/li>\n<li>Tenir hors de port\u00e9e des enfants.<\/li>\n<li>Consultez votre m\u00e9decin ou votre pharmacien en cas de maladie chronique ou de prise de traitement de longue dur\u00e9e.<\/li>\n<li>Prendre l\u2019avis d\u2019un professionnel de sant\u00e9 chez la femme enceinte et allaitante.<\/li>\n<\/ul>","protected":false},"excerpt":{"rendered":"<p>La maca contribue aux <b>performances physiques et mentales.<\/b><\/p>","protected":false},"featured_media":3873,"comment_status":"open","ping_status":"closed","template":"","meta":[],"product_cat":[92],"product_tag":[],"yith_product_brand":[93],"class_list":{"0":"post-3819","1":"product","2":"type-product","3":"status-publish","4":"has-post-thumbnail","6":"product_cat-complements-alimentaires","7":"yith_product_brand-dietaroma","9":"first","10":"instock","11":"sale","12":"shipping-taxable","13":"purchasable","14":"product-type-simple"},"_links":{"self":[{"href":"https:\/\/parapharmacieenligne.ma\/en\/wp-json\/wp\/v2\/product\/3819","targetHints":{"allow":["GET"]}}],"collection":[{"href":"https:\/\/parapharmacieenligne.ma\/en\/wp-json\/wp\/v2\/product"}],"about":[{"href":"https:\/\/parapharmacieenligne.ma\/en\/wp-json\/wp\/v2\/types\/product"}],"replies":[{"embeddable":true,"href":"https:\/\/parapharmacieenligne.ma\/en\/wp-json\/wp\/v2\/comments?post=3819"}],"version-history":[{"count":1,"href":"https:\/\/parapharmacieenligne.ma\/en\/wp-json\/wp\/v2\/product\/3819\/revisions"}],"predecessor-version":[{"id":3874,"href":"https:\/\/parapharmacieenligne.ma\/en\/wp-json\/wp\/v2\/product\/3819\/revisions\/3874"}],"wp:featuredmedia":[{"embeddable":true,"href":"https:\/\/parapharmacieenligne.ma\/en\/wp-json\/wp\/v2\/media\/3873"}],"wp:attachment":[{"href":"https:\/\/parapharmacieenligne.ma\/en\/wp-json\/wp\/v2\/media?parent=3819"}],"wp:term":[{"taxonomy":"product_cat","embeddable":true,"href":"https:\/\/parapharmacieenligne.ma\/en\/wp-json\/wp\/v2\/product_cat?post=3819"},{"taxonomy":"product_tag","embeddable":true,"href":"https:\/\/parapharmacieenligne.ma\/en\/wp-json\/wp\/v2\/product_tag?post=3819"},{"taxonomy":"yith_product_brand","embeddable":true,"href":"https:\/\/parapharmacieenligne.ma\/en\/wp-json\/wp\/v2\/yith_product_brand?post=3819"}],"curies":[{"name":"wp","href":"https:\/\/api.w.org\/{rel}","templated":true}]}}