{"id":3820,"date":"2026-01-25T15:00:32","date_gmt":"2026-01-25T14:00:32","guid":{"rendered":"https:\/\/parapharmacieenligne.ma\/?post_type=product&#038;p=3820"},"modified":"2026-03-24T15:15:39","modified_gmt":"2026-03-24T14:15:39","slug":"dietaroma-c-i-p-sommeil-20-ampoules","status":"publish","type":"product","link":"https:\/\/parapharmacieenligne.ma\/en\/product\/dietaroma-c-i-p-sommeil-20-ampoules\/","title":{"rendered":"DIETAROMA C.I.P. SOMMEIL 20 ampoules"},"content":{"rendered":"<p><strong>Pression professionnelle, stress au quotidien peuvent \u00eatre \u00e0 l&rsquo;origine d&rsquo;une mauvaise qualit\u00e9 de sommeil.<\/strong><\/p>\n<p>Le temps d&rsquo;endormissement peut alors \u00eatre plus long et le sommeil non r\u00e9parateur.<\/p>\n<ul>\n<li><strong>La val\u00e9riane<\/strong> contribue \u00e0 un sommeil naturel.<\/li>\n<li><strong>La passiflore<\/strong>, plante grimpante originaire des r\u00e9gions tropicales des Am\u00e9riques, adopt\u00e9e tr\u00e8s t\u00f4t par les Am\u00e9rindiens, est traditionnellement utilis\u00e9e pour favoriser la relaxation.<\/li>\n<li><strong>L&rsquo;escholzia<\/strong> contribue \u00e0 la relaxation et au bien-\u00eatre physique et mental.<\/li>\n<\/ul>\n<p>20 ampoules de 10 ml &#8211; volume net : 200 ml<\/p>\n<p>1 ampoule par jour pendant 20 jours.<\/p>\n<p><strong>MODE D&rsquo;EMPLOI:<\/strong><\/p>\n<ul>\n<li>1 ampoule par jour \u00e0 diluer dans un verre d&rsquo;eau, de pr\u00e9f\u00e9rence le soir.<\/li>\n<li>Bien agiter l&rsquo;ampoule avant son ouverture.<\/li>\n<li>Compte tenu du c\u00f4t\u00e9 enti\u00e8rement naturel du produit et de sa concentration tr\u00e8s importante en plantes, un d\u00e9p\u00f4t est possible. Il ne nuit en rien \u00e0 la qualit\u00e9 du produit.<\/li>\n<li>La forte concentration en actifs peut donner lieu \u00e0 la formation d&rsquo;un d\u00e9p\u00f4t ou de cristaux qui peuvent \u00eatre consomm\u00e9s sans risque.<\/li>\n<\/ul>\n<p>A conserver de pr\u00e9f\u00e9rence entre 15\u00b0C et 25\u00b0C, \u00e0 l&rsquo;abri de la lumi\u00e8re.<\/p>\n<p><strong>PRECAUTIONS D&rsquo;EMPLOI:<\/strong><\/p>\n<ul>\n<li>Ne pas d\u00e9passer la dose journali\u00e8re recommand\u00e9e.<\/li>\n<li>Ne se substitute pas \u00e0 un r\u00e9gime alimentaire \u00e9quilibr\u00e9 et vari\u00e9 et \u00e0 un mode de vie sain.<\/li>\n<li>Tenir hors de port\u00e9e des enfants.<\/li>\n<li>Consultez votre m\u00e9decin en cas de prise simultan\u00e9e de traitement de longue dur\u00e9e ou de maladie chronique.<\/li>\n<li>D\u00e9conseill\u00e9 aux enfants de moins de 18 ans.<\/li>\n<li>R\u00e9serv\u00e9 \u00e0 l&rsquo;adulte.<\/li>\n<li>Ne doit pas \u00eatre utilis\u00e9 chez les femmes enceintes ou allaitantes.<\/li>\n<\/ul>","protected":false},"excerpt":{"rendered":"<p><strong>Pression professionnelle ? Stress au quotidien ?<\/strong> Ces facteurs peuvent entra\u00eener des perturbations du sommeil et affecter sa qualit\u00e9.<\/p>\n<p>Le temps d&rsquo;endormissement peut alors \u00eatre plus long et le sommeil non r\u00e9parateur.<\/p>\n<p><strong><a href=\"https:\/\/www.dietaroma.fr\/cms\/26\/cip-sommeil-etude-conso\" target=\"_blank\" rel=\"noopener\">Efficacit\u00e9 prouv\u00e9e scientifiquement<\/a><\/strong> : 91% des consommateurs ont ressenti une r\u00e9duction du temps d&rsquo;endormissement.<\/p>","protected":false},"featured_media":3880,"comment_status":"open","ping_status":"closed","template":"","meta":[],"product_cat":[92],"product_tag":[],"yith_product_brand":[93],"class_list":{"0":"post-3820","1":"product","2":"type-product","3":"status-publish","4":"has-post-thumbnail","6":"product_cat-complements-alimentaires","7":"yith_product_brand-dietaroma","9":"first","10":"instock","11":"sale","12":"shipping-taxable","13":"purchasable","14":"product-type-simple"},"_links":{"self":[{"href":"https:\/\/parapharmacieenligne.ma\/en\/wp-json\/wp\/v2\/product\/3820","targetHints":{"allow":["GET"]}}],"collection":[{"href":"https:\/\/parapharmacieenligne.ma\/en\/wp-json\/wp\/v2\/product"}],"about":[{"href":"https:\/\/parapharmacieenligne.ma\/en\/wp-json\/wp\/v2\/types\/product"}],"replies":[{"embeddable":true,"href":"https:\/\/parapharmacieenligne.ma\/en\/wp-json\/wp\/v2\/comments?post=3820"}],"version-history":[{"count":1,"href":"https:\/\/parapharmacieenligne.ma\/en\/wp-json\/wp\/v2\/product\/3820\/revisions"}],"predecessor-version":[{"id":3881,"href":"https:\/\/parapharmacieenligne.ma\/en\/wp-json\/wp\/v2\/product\/3820\/revisions\/3881"}],"wp:featuredmedia":[{"embeddable":true,"href":"https:\/\/parapharmacieenligne.ma\/en\/wp-json\/wp\/v2\/media\/3880"}],"wp:attachment":[{"href":"https:\/\/parapharmacieenligne.ma\/en\/wp-json\/wp\/v2\/media?parent=3820"}],"wp:term":[{"taxonomy":"product_cat","embeddable":true,"href":"https:\/\/parapharmacieenligne.ma\/en\/wp-json\/wp\/v2\/product_cat?post=3820"},{"taxonomy":"product_tag","embeddable":true,"href":"https:\/\/parapharmacieenligne.ma\/en\/wp-json\/wp\/v2\/product_tag?post=3820"},{"taxonomy":"yith_product_brand","embeddable":true,"href":"https:\/\/parapharmacieenligne.ma\/en\/wp-json\/wp\/v2\/yith_product_brand?post=3820"}],"curies":[{"name":"wp","href":"https:\/\/api.w.org\/{rel}","templated":true}]}}