{"id":3821,"date":"2026-01-25T15:00:32","date_gmt":"2026-01-25T14:00:32","guid":{"rendered":"https:\/\/parapharmacieenligne.ma\/?post_type=product&#038;p=3821"},"modified":"2026-03-24T15:16:08","modified_gmt":"2026-03-24T14:16:08","slug":"dietaroma-complexe-magnesium-marin-b6-b5-60-capsules","status":"publish","type":"product","link":"https:\/\/parapharmacieenligne.ma\/en\/product\/dietaroma-complexe-magnesium-marin-b6-b5-60-capsules\/","title":{"rendered":"DIETAROMA Complexe Magn\u00e9sium marin + B6 &#038; B5 60 capsules"},"content":{"rendered":"<p>Manque d&rsquo;entretien, baisse de la concentration, sensation de fatigue g\u00e9n\u00e9rale : la<strong> synergie du magn\u00e9sium marin<\/strong> et des <strong>vitamines<\/strong> pour une efficacit\u00e9 renforc\u00e9e.<\/p>\n<p>Notre<strong> formule unique et compl\u00e8te associe tous les nutriments<\/strong> qui vous sont n\u00e9cessaires pour garantir son efficacit\u00e9 :<\/p>\n<ul>\n<li><strong>Le magn\u00e9sium<\/strong>, <strong>les vitamines B5<\/strong>, <strong>B6<\/strong> et <strong>B9<\/strong> contribuent \u00e0 la r\u00e9duction de la fatigue.<\/li>\n<li><strong>Le magn\u00e9sium<\/strong>, <strong>les vitamines<\/strong> <strong>B6<\/strong> et <strong>B1<\/strong> aident au fonctionnement normal du syst\u00e8me nerveux.<\/li>\n<li><strong>La vitamine B5<\/strong> contribue \u00e0 des performances intellectuelles normales.<\/li>\n<li><strong>L\u2019huile de noix<\/strong> contient naturellement des om\u00e9gas 3 et 6.<\/li>\n<\/ul>\n<p>60 capsules &#8211; 2 capsules par jour pendant 30 Jours.<\/p>\n<p>Poids net : 34,5 g<\/p>\n<p><strong>MODE D&rsquo;EMPLOI:<\/strong><\/p>\n<ul>\n<li>2 capsules par jour pendant 1 mois \u00e0 prendre avec un grand verre d&rsquo;eau<\/li>\n<\/ul>\n<p>A tenir \u00e0 l&rsquo;abri de la chaleur, de la lumi\u00e8re et de l&rsquo;humidit\u00e9.<\/p>\n<p><strong>PRECAUTIONS D&rsquo;EMPLOI:<\/strong><\/p>\n<ul>\n<li>Ne pas d\u00e9passer la dose journali\u00e8re recommand\u00e9e.<\/li>\n<li>Ce compl\u00e9ment alimentaire doit \u00eatre utilis\u00e9 dans le cadre d&rsquo;une alimentation \u00e9quilibr\u00e9e et vari\u00e9e et d&rsquo;un mode de vie sain.<\/li>\n<li>Consultez votre m\u00e9decin en cas de prise simultan\u00e9e de traitement de longue dur\u00e9e ou de maladie chronique.<\/li>\n<li>Tenir hors de prot\u00e9e des enfants.<\/li>\n<\/ul>","protected":false},"excerpt":{"rendered":"<p><strong>R\u00e9duction de la fatigue.<\/strong><\/p>\n<p>Manque d&rsquo;entretien, baisse de la concentration, sensation de fatigue g\u00e9n\u00e9rale : la<strong> synergie du magn\u00e9sium marin<\/strong> et des <strong>vitamines<\/strong> pour une efficacit\u00e9 renforc\u00e9e.<\/p>","protected":false},"featured_media":3883,"comment_status":"open","ping_status":"closed","template":"","meta":[],"product_cat":[92],"product_tag":[],"yith_product_brand":[93],"class_list":{"0":"post-3821","1":"product","2":"type-product","3":"status-publish","4":"has-post-thumbnail","6":"product_cat-complements-alimentaires","7":"yith_product_brand-dietaroma","9":"first","10":"instock","11":"sale","12":"shipping-taxable","13":"purchasable","14":"product-type-simple"},"_links":{"self":[{"href":"https:\/\/parapharmacieenligne.ma\/en\/wp-json\/wp\/v2\/product\/3821","targetHints":{"allow":["GET"]}}],"collection":[{"href":"https:\/\/parapharmacieenligne.ma\/en\/wp-json\/wp\/v2\/product"}],"about":[{"href":"https:\/\/parapharmacieenligne.ma\/en\/wp-json\/wp\/v2\/types\/product"}],"replies":[{"embeddable":true,"href":"https:\/\/parapharmacieenligne.ma\/en\/wp-json\/wp\/v2\/comments?post=3821"}],"version-history":[{"count":1,"href":"https:\/\/parapharmacieenligne.ma\/en\/wp-json\/wp\/v2\/product\/3821\/revisions"}],"predecessor-version":[{"id":3884,"href":"https:\/\/parapharmacieenligne.ma\/en\/wp-json\/wp\/v2\/product\/3821\/revisions\/3884"}],"wp:featuredmedia":[{"embeddable":true,"href":"https:\/\/parapharmacieenligne.ma\/en\/wp-json\/wp\/v2\/media\/3883"}],"wp:attachment":[{"href":"https:\/\/parapharmacieenligne.ma\/en\/wp-json\/wp\/v2\/media?parent=3821"}],"wp:term":[{"taxonomy":"product_cat","embeddable":true,"href":"https:\/\/parapharmacieenligne.ma\/en\/wp-json\/wp\/v2\/product_cat?post=3821"},{"taxonomy":"product_tag","embeddable":true,"href":"https:\/\/parapharmacieenligne.ma\/en\/wp-json\/wp\/v2\/product_tag?post=3821"},{"taxonomy":"yith_product_brand","embeddable":true,"href":"https:\/\/parapharmacieenligne.ma\/en\/wp-json\/wp\/v2\/yith_product_brand?post=3821"}],"curies":[{"name":"wp","href":"https:\/\/api.w.org\/{rel}","templated":true}]}}