{"id":3822,"date":"2026-01-25T15:00:32","date_gmt":"2026-01-25T14:00:32","guid":{"rendered":"https:\/\/parapharmacieenligne.ma\/?post_type=product&#038;p=3822"},"modified":"2026-03-24T15:14:30","modified_gmt":"2026-03-24T14:14:30","slug":"dietaroma-curcuma-9000-poivre-noir-bio-60-capsules","status":"publish","type":"product","link":"https:\/\/parapharmacieenligne.ma\/en\/product\/dietaroma-curcuma-9000-poivre-noir-bio-60-capsules\/","title":{"rendered":"DIETAROMA Curcuma 9000 + Poivre noir bio 60 capsules"},"content":{"rendered":"<p>Pratique sportive intensive, manque de souplesse ou de flexibilit\u00e9 au niveau des articulations. La curcumine principe actif naturel du curcuma exerce une forte activit\u00e9 sur les <strong>sensibilit\u00e9s<\/strong>. Il est tr\u00e8s connu et efficace sur les <strong>articulations<\/strong>.<\/p>\n<ul>\n<li><strong>Le curcuma<\/strong> contribue au confort des articulations et des muscles, au maintien de la souplesse des articulations et des tendons et \u00e0 la conservation d&rsquo;une bonne mobilit\u00e9.<\/li>\n<li><strong>Le poivre noir<\/strong> compl\u00e8te cette formule.<\/li>\n<\/ul>\n<p>&nbsp;<\/p>\n<p>60 comprim\u00e9s &#8211; 2 comprim\u00e9s par jour pendant 30 jours.<\/p>\n<p>Poids net : 21 g<\/p>\n<p><strong>MODE D&rsquo;EMPLOI<\/strong> :<\/p>\n<ul>\n<li>Prendre 2 comprim\u00e9s par jour avec un grand verre d\u2019eau, de pr\u00e9f\u00e9rence au cours d&rsquo;un repas.<\/li>\n<\/ul>\n<p><strong>PRECAUTION D&rsquo;EMPLOI :<\/strong><\/p>\n<ul>\n<li>Ne pas d\u00e9passer la dose journali\u00e8re recommand\u00e9e.<\/li>\n<li>Ne se substitue pas \u00e0 un r\u00e9gime alimentaire \u00e9quilibr\u00e9 et vari\u00e9 et \u00e0 un mode de vie sain.<\/li>\n<li>Tenir hors de port\u00e9e des enfants.<\/li>\n<li>Contre-indiqu\u00e9 en cas d&rsquo;obstruction des voies biliaires, ou d&rsquo;autres troubles de la fonction biliaire, d&rsquo;ulc\u00e8re gastrique ou d&rsquo;hyperacidit\u00e9.<\/li>\n<li>N&rsquo;utiliser qu&rsquo;apr\u00e8s avis m\u00e9dical en cas de calculs biliaires.<\/li>\n<li>Consultez votre m\u00e9decin ou pharmacien en cas d&rsquo;usage concomitant d&rsquo;anticoagulants ou d&rsquo;antiagr\u00e9gants plaquettaires.<\/li>\n<li>R\u00e9serv\u00e9 \u00e0 l&rsquo;adulte.<\/li>\n<li>D\u00e9conseill\u00e9 chez les femmes enceintes et allaitantes.<\/li>\n<\/ul>\n<p>\u00c0 conserver \u00e0 une temp\u00e9rature comprise entre 15 et 25\u00b0C, \u00e0 l\u2019abri de la lumi\u00e8re et de l&rsquo;humidit\u00e9.<\/p>\n<p>\u00c0 consommer de pr\u00e9f\u00e9rence avant et N\u00b0 de lot : voir sur la bo\u00eete.<\/p>","protected":false},"excerpt":{"rendered":"<p><strong>95% de curcumino\u00efdes <\/strong><\/p>\n<p>Pratique sportive intensive, manque de souplesse ou de flexibilit\u00e9 au niveau des articulations.<\/p>","protected":false},"featured_media":3886,"comment_status":"open","ping_status":"closed","template":"","meta":[],"product_cat":[92],"product_tag":[],"yith_product_brand":[93],"class_list":{"0":"post-3822","1":"product","2":"type-product","3":"status-publish","4":"has-post-thumbnail","6":"product_cat-complements-alimentaires","7":"yith_product_brand-dietaroma","9":"first","10":"instock","11":"sale","12":"shipping-taxable","13":"purchasable","14":"product-type-simple"},"_links":{"self":[{"href":"https:\/\/parapharmacieenligne.ma\/en\/wp-json\/wp\/v2\/product\/3822","targetHints":{"allow":["GET"]}}],"collection":[{"href":"https:\/\/parapharmacieenligne.ma\/en\/wp-json\/wp\/v2\/product"}],"about":[{"href":"https:\/\/parapharmacieenligne.ma\/en\/wp-json\/wp\/v2\/types\/product"}],"replies":[{"embeddable":true,"href":"https:\/\/parapharmacieenligne.ma\/en\/wp-json\/wp\/v2\/comments?post=3822"}],"version-history":[{"count":1,"href":"https:\/\/parapharmacieenligne.ma\/en\/wp-json\/wp\/v2\/product\/3822\/revisions"}],"predecessor-version":[{"id":3887,"href":"https:\/\/parapharmacieenligne.ma\/en\/wp-json\/wp\/v2\/product\/3822\/revisions\/3887"}],"wp:featuredmedia":[{"embeddable":true,"href":"https:\/\/parapharmacieenligne.ma\/en\/wp-json\/wp\/v2\/media\/3886"}],"wp:attachment":[{"href":"https:\/\/parapharmacieenligne.ma\/en\/wp-json\/wp\/v2\/media?parent=3822"}],"wp:term":[{"taxonomy":"product_cat","embeddable":true,"href":"https:\/\/parapharmacieenligne.ma\/en\/wp-json\/wp\/v2\/product_cat?post=3822"},{"taxonomy":"product_tag","embeddable":true,"href":"https:\/\/parapharmacieenligne.ma\/en\/wp-json\/wp\/v2\/product_tag?post=3822"},{"taxonomy":"yith_product_brand","embeddable":true,"href":"https:\/\/parapharmacieenligne.ma\/en\/wp-json\/wp\/v2\/yith_product_brand?post=3822"}],"curies":[{"name":"wp","href":"https:\/\/api.w.org\/{rel}","templated":true}]}}