{"id":3823,"date":"2026-01-25T15:00:33","date_gmt":"2026-01-25T14:00:33","guid":{"rendered":"https:\/\/parapharmacieenligne.ma\/?post_type=product&#038;p=3823"},"modified":"2026-03-24T15:12:29","modified_gmt":"2026-03-24T14:12:29","slug":"dietaroma-dermideal-collagene-coq10-acide-hyaluronique-anti-age-60-comprimes","status":"publish","type":"product","link":"https:\/\/parapharmacieenligne.ma\/en\/product\/dietaroma-dermideal-collagene-coq10-acide-hyaluronique-anti-age-60-comprimes\/","title":{"rendered":"DIETAROMA DermId\u00e9al (COLLAG\u00c8NE &#8211; COQ10 &#8211; ACIDE HYALURONIQUE) anti-\u00e2ge 60 comprim\u00e9s"},"content":{"rendered":"<p>Retrouvez une <strong>peau jeune<\/strong>, <strong>raffermie<\/strong> et <strong>repulp\u00e9e<\/strong> gr\u00e2ce \u00e0 la synergie de 4 actifs reconnus.<\/p>\n<ul>\n<li><strong>La vitamine C<\/strong> apport\u00e9e par l&rsquo;ac\u00e9rola, contribue \u00e0 la formation du collag\u00e8ne pour assurer la fonction normale de la peau.<\/li>\n<li>Le <strong>collag\u00e8ne marin, l&rsquo;acide hyaluronique et le coenzyme Q10<\/strong> sont les ingr\u00e9dients incontournables pour la beaut\u00e9 de votre peau.<\/li>\n<\/ul>\n<p>60 comprim\u00e9s &#8211; 2 comprim\u00e9s par jour pendant 30 jours.<\/p>\n<p>Poids net : 42g<\/p>\n<p><strong>MODE D&rsquo;EMPLOI :<\/strong><\/p>\n<ul>\n<li>2 comprim\u00e9s par jour \u00e0 prendre avec un grand verre d\u2019eau pendant 1 mois, de pr\u00e9f\u00e9rence avant les repas.<\/li>\n<li>Renouveler r\u00e9guli\u00e8rement si n\u00e9cessaire.<\/li>\n<\/ul>\n<p><strong>PRECAUTIONS D&rsquo;EMPLOI :<\/strong><\/p>\n<ul>\n<li>Ne pas d\u00e9passer la dose journali\u00e8re recommand\u00e9e.<\/li>\n<li>Ne se substitut pas \u00e0 un r\u00e9gime alimentaire \u00e9quilibr\u00e9 et vari\u00e9 et \u00e0 un mode de vie sain.<\/li>\n<li>Tenir hors de port\u00e9e des enfants.<\/li>\n<li>Consultez votre m\u00e9decin en cas de prise simultan\u00e9e de traitement de longue dur\u00e9e ou de maladie chronique.<\/li>\n<li>Il est recommand\u00e9 aux femmes enceintes et allaitantes de consulter un professionnel de sant\u00e9 avant toute compl\u00e9mentation.<\/li>\n<\/ul>","protected":false},"excerpt":{"rendered":"<p><strong>Jeunesse de la peau.<\/strong><\/p>\n<p>Retrouvez une <strong>peau jeune<\/strong>, <strong>raffermie<\/strong> et <strong>repulp\u00e9e<\/strong> gr\u00e2ce \u00e0 la synergie de 4 actifs reconnus :<\/p>\n<ul>\n<li>Vitamine C<\/li>\n<li>Collag\u00e8ne marin<\/li>\n<li>Acide Hyaluronique<\/li>\n<li>Coenzyme Q10<\/li>\n<\/ul>","protected":false},"featured_media":3892,"comment_status":"open","ping_status":"closed","template":"","meta":[],"product_cat":[92],"product_tag":[],"yith_product_brand":[93],"class_list":{"0":"post-3823","1":"product","2":"type-product","3":"status-publish","4":"has-post-thumbnail","6":"product_cat-complements-alimentaires","7":"yith_product_brand-dietaroma","9":"first","10":"instock","11":"sale","12":"shipping-taxable","13":"purchasable","14":"product-type-simple"},"_links":{"self":[{"href":"https:\/\/parapharmacieenligne.ma\/en\/wp-json\/wp\/v2\/product\/3823","targetHints":{"allow":["GET"]}}],"collection":[{"href":"https:\/\/parapharmacieenligne.ma\/en\/wp-json\/wp\/v2\/product"}],"about":[{"href":"https:\/\/parapharmacieenligne.ma\/en\/wp-json\/wp\/v2\/types\/product"}],"replies":[{"embeddable":true,"href":"https:\/\/parapharmacieenligne.ma\/en\/wp-json\/wp\/v2\/comments?post=3823"}],"version-history":[{"count":1,"href":"https:\/\/parapharmacieenligne.ma\/en\/wp-json\/wp\/v2\/product\/3823\/revisions"}],"predecessor-version":[{"id":3893,"href":"https:\/\/parapharmacieenligne.ma\/en\/wp-json\/wp\/v2\/product\/3823\/revisions\/3893"}],"wp:featuredmedia":[{"embeddable":true,"href":"https:\/\/parapharmacieenligne.ma\/en\/wp-json\/wp\/v2\/media\/3892"}],"wp:attachment":[{"href":"https:\/\/parapharmacieenligne.ma\/en\/wp-json\/wp\/v2\/media?parent=3823"}],"wp:term":[{"taxonomy":"product_cat","embeddable":true,"href":"https:\/\/parapharmacieenligne.ma\/en\/wp-json\/wp\/v2\/product_cat?post=3823"},{"taxonomy":"product_tag","embeddable":true,"href":"https:\/\/parapharmacieenligne.ma\/en\/wp-json\/wp\/v2\/product_tag?post=3823"},{"taxonomy":"yith_product_brand","embeddable":true,"href":"https:\/\/parapharmacieenligne.ma\/en\/wp-json\/wp\/v2\/yith_product_brand?post=3823"}],"curies":[{"name":"wp","href":"https:\/\/api.w.org\/{rel}","templated":true}]}}