{"id":3825,"date":"2026-01-25T15:00:33","date_gmt":"2026-01-25T14:00:33","guid":{"rendered":"https:\/\/parapharmacieenligne.ma\/?post_type=product&#038;p=3825"},"modified":"2026-03-24T15:13:28","modified_gmt":"2026-03-24T14:13:28","slug":"dietaroma-drainideal-bio-20-ampoules","status":"publish","type":"product","link":"https:\/\/parapharmacieenligne.ma\/en\/product\/dietaroma-drainideal-bio-20-ampoules\/","title":{"rendered":"DIETAROMA DrainIdeal bio 20 ampoules"},"content":{"rendered":"<p>En cas de teint terne, de changement de saison, de lourdeurs digestives li\u00e9es \u00e0 des exc\u00e8s alimentaires ou \u00e0 de la consommation d\u2019alcool.<\/p>\n<p><b>Nous avons s\u00e9lectionn\u00e9 7 plantes compl\u00e9mentaires :<\/b><\/p>\n<ul>\n<li><b>Cinq plantes cibl\u00e9es <\/b><\/li>\n<\/ul>\n<p>-Le <strong>bouleau<\/strong> participe \u00e0 la d\u00e9toxification de l\u2019organisme.<\/p>\n<p>-La <strong>bardane<\/strong> a une action naturelle sut le bon fonctionnement de la peau et contribue au drainage de l\u2019organisme.<\/p>\n<p>-La <strong>chicor\u00e9e<\/strong> contribue aux fonctions d\u2019\u00e9liminations r\u00e9nales de l\u2019eau.<\/p>\n<p>-La <strong>mauve<\/strong>, contribue au maintien des fonctions intestinales.<\/p>\n<p>-Le<strong> radis noir<\/strong> compl\u00e8te ce cocktail.<\/p>\n<ul>\n<li>La <strong>vigne rouge<\/strong> contribue \u00e0 une fonction <strong>circulatoire normale.<\/strong><\/li>\n<li><strong>L\u2019ortie<\/strong> contribue aux <strong>fonctions d\u2019\u00e9limination de l\u2019organisme.<\/strong><\/li>\n<\/ul>\n<p>20 ampoules de15ml<\/p>\n<p>1 ampoule par jour pendant 20 Jours<\/p>\n<p><strong>MODE D&rsquo;EMPLOI : <\/strong><\/p>\n<p>-1 ampoule par jour \u00e0 diluer dans un verre d\u2019eau, de pr\u00e9f\u00e9rence le matin.<\/p>\n<p>-Astuce : vous pouvez \u00e9galement diluer l\u2019ampoule dans une bouteille d\u2019eau et la boire tout au long de la journ\u00e9e.<\/p>\n<p>-A renouveler \u00e0 chaque changement de saison ou quand le besoin s\u2019en fait ressentir.<\/p>\n<p>-Bien agiter l\u2019ampoule avant son ouverture.<\/p>\n<p>-Compte tenu du c\u00f4t\u00e9 enti\u00e8rement naturel du produit et de sa concentration tr\u00e8s importante en plantes, un d\u00e9p\u00f4t est possible. Il ne nuit en rien \u00e0 la qualit\u00e9 du produit. Cette concentration en actif peut donner lieu \u00e0 la formation de cristaux qui peuvent \u00eatre consomm\u00e9s sans risque.<\/p>\n<p><strong>PRECAUTIONS D&rsquo;EMPLOI : <\/strong><\/p>\n<p>-Ne pas d\u00e9passer la dose journali\u00e8re recommand\u00e9e.<\/p>\n<p>-Ne se substitue pas \u00e0 un r\u00e9gime alimentaire \u00e9quilibr\u00e9 et vari\u00e9 et \u00e0 un mode de vie sain.<\/p>\n<p>-Tenir hors de port\u00e9e des enfants.<\/p>\n<p>-R\u00e9serv\u00e9 \u00e0 l\u2019adulte.<\/p>\n<p>-Demander l\u2019avis de votre m\u00e9decin et\/ou pharmacien.<\/p>\n<p>-D\u00e9conseill\u00e9 aux personnes souffrant d\u2019allergie aux d\u00e9riv\u00e9s salicyl\u00e9s et d\u2019intol\u00e9rance aux anti-inflammatoires non-st\u00e9ro\u00efdiens.<\/p>\n<p>-D\u00e9conseill\u00e9 en cas d\u2019allergie crois\u00e9e connue, en particulier aux plantes de la famille des Asteraceae.<\/p>\n<p>-L\u2019emploi chez les personnes sans anticoagulant ou antidiur\u00e9tique est d\u00e9conseill\u00e9.<\/p>\n<p>-Les personnes ayant une hypothyro\u00efdie ou un traitement de la thyro\u00efde doivent pr\u00e9alablement consulter un professionnel de sant\u00e9.<\/p>\n<p>-D\u00e9conseill\u00e9 en cas d\u2019insuffisance cardiaque ou r\u00e9nale \u0153d\u00e9mateuses.<\/p>\n<p>-L\u2019emploi chez les femmes enceintes ou allaitantes est d\u00e9conseill\u00e9.<\/p>\n<p>\u00c0 conserver de pr\u00e9f\u00e9rence entre 15 et 25\u00b0C, \u00e0 l\u2019abri de la lumi\u00e8re.<\/p>\n<p>\u00c0 consommer de pr\u00e9f\u00e9rence avant et N\u00b0 de lot : voir sous la bo\u00eete.<\/p>","protected":false},"excerpt":{"rendered":"<p style=\"font-weight: 300;\">Chicor\u00e9e &#8211; Bardane &#8211; Mauve &#8211; Bouleau\u00b2 &#8211; Vigne rouge \u2013 Ortie \u2013 Radis noir<\/p>\n<p style=\"font-weight: 300;\">En cas de teint terne, de changement de saison, de lourdeurs digestives li\u00e9es \u00e0 des exc\u00e8s alimentaires ou \u00e0 de la consommation d\u2019alcool.<\/p>","protected":false},"featured_media":3898,"comment_status":"open","ping_status":"closed","template":"","meta":[],"product_cat":[92],"product_tag":[],"yith_product_brand":[93],"class_list":{"0":"post-3825","1":"product","2":"type-product","3":"status-publish","4":"has-post-thumbnail","6":"product_cat-complements-alimentaires","7":"yith_product_brand-dietaroma","9":"first","10":"instock","11":"sale","12":"shipping-taxable","13":"purchasable","14":"product-type-simple"},"_links":{"self":[{"href":"https:\/\/parapharmacieenligne.ma\/en\/wp-json\/wp\/v2\/product\/3825","targetHints":{"allow":["GET"]}}],"collection":[{"href":"https:\/\/parapharmacieenligne.ma\/en\/wp-json\/wp\/v2\/product"}],"about":[{"href":"https:\/\/parapharmacieenligne.ma\/en\/wp-json\/wp\/v2\/types\/product"}],"replies":[{"embeddable":true,"href":"https:\/\/parapharmacieenligne.ma\/en\/wp-json\/wp\/v2\/comments?post=3825"}],"version-history":[{"count":1,"href":"https:\/\/parapharmacieenligne.ma\/en\/wp-json\/wp\/v2\/product\/3825\/revisions"}],"predecessor-version":[{"id":3899,"href":"https:\/\/parapharmacieenligne.ma\/en\/wp-json\/wp\/v2\/product\/3825\/revisions\/3899"}],"wp:featuredmedia":[{"embeddable":true,"href":"https:\/\/parapharmacieenligne.ma\/en\/wp-json\/wp\/v2\/media\/3898"}],"wp:attachment":[{"href":"https:\/\/parapharmacieenligne.ma\/en\/wp-json\/wp\/v2\/media?parent=3825"}],"wp:term":[{"taxonomy":"product_cat","embeddable":true,"href":"https:\/\/parapharmacieenligne.ma\/en\/wp-json\/wp\/v2\/product_cat?post=3825"},{"taxonomy":"product_tag","embeddable":true,"href":"https:\/\/parapharmacieenligne.ma\/en\/wp-json\/wp\/v2\/product_tag?post=3825"},{"taxonomy":"yith_product_brand","embeddable":true,"href":"https:\/\/parapharmacieenligne.ma\/en\/wp-json\/wp\/v2\/yith_product_brand?post=3825"}],"curies":[{"name":"wp","href":"https:\/\/api.w.org\/{rel}","templated":true}]}}