{"id":3828,"date":"2026-01-25T15:00:34","date_gmt":"2026-01-25T14:00:34","guid":{"rendered":"https:\/\/parapharmacieenligne.ma\/?post_type=product&#038;p=3828"},"modified":"2026-03-24T15:11:42","modified_gmt":"2026-03-24T14:11:42","slug":"dietaroma-gouttes-propolis-15ml","status":"publish","type":"product","link":"https:\/\/parapharmacieenligne.ma\/en\/product\/dietaroma-gouttes-propolis-15ml\/","title":{"rendered":"DIETAROMA Gouttes Propolis 15ml"},"content":{"rendered":"<p>\u00c0 chaque <strong>changement de saison<\/strong> ayez le r\u00e9flexe La Ruche par Di\u00e9taroma avec la propolis pure bio !<\/p>\n<p>La propolis est fabriqu\u00e9e par les abeilles \u00e0 partir de substances r\u00e9colt\u00e9es sur certains bourgeons. Elle a pour fonction de prot\u00e9ger la ruche comme un bouclier naturel.<\/p>\n<p>La propolis est <strong>naturellement riche en flavono\u00efdes<\/strong>. Nous avons s\u00e9lectionn\u00e9 une <strong>propolis pure.<\/strong><\/p>\n<p>30 jours &#8211; 15 gouttes par jour<\/p>\n<p>15 ml<\/p>\n<p><strong>MODE D\u2019EMPLOI :<\/strong><\/p>\n<ul>\n<li>Agiter avant emploi.<\/li>\n<li>5 gouttes 3 fois par jour \u00e0 prendre avec un verre d\u2019eau.<\/li>\n<\/ul>\n<p><strong>PRECAUTIONS D&rsquo;EMPLOI : <\/strong><\/p>\n<ul>\n<li>D\u00e9conseill\u00e9 aux personnes allergiques aux produits de la ruche.<\/li>\n<li>D\u00e9conseill\u00e9 aux femmes enceintes et allaitantes.<\/li>\n<li>D\u00e9conseill\u00e9 aux personnes allergiques aux pollens mais \u00e9galement aux personnes pr\u00e9dispos\u00e9es aux allergies ou \u00e0 l&rsquo;asthme.<\/li>\n<li>Ne pas d\u00e9passer la dose journali\u00e8re recommand\u00e9e.<\/li>\n<li>D\u00e9conseill\u00e9 aux enfants de moins de 12 ans, aux enfants en bas \u00e2ge et aux nourrissons.<\/li>\n<li>Ne pas d\u00e9passer la dose journali\u00e8re recommand\u00e9e.<\/li>\n<li>Ne se substitue pas \u00e0 un r\u00e9gime alimentaire \u00e9quilibr\u00e9 et vari\u00e9 et \u00e0 un mode de vie sain.<\/li>\n<li>Tenir hors de port\u00e9e des enfants.<\/li>\n<li>A conserver \u00e0 l\u2019abri de la chaleur, de l\u2019humidit\u00e9 et de la lumi\u00e8re.<\/li>\n<\/ul>","protected":false},"excerpt":{"rendered":"<p><strong>Propolis pure bio.<\/strong><\/p>\n<p>\u00c0 chaque <strong>changement de saison<\/strong> ayez le r\u00e9flexe La Ruche par Di\u00e9taroma avec la propolis pure bio !<\/p>","protected":false},"featured_media":3912,"comment_status":"open","ping_status":"closed","template":"","meta":[],"product_cat":[92],"product_tag":[],"yith_product_brand":[93],"class_list":{"0":"post-3828","1":"product","2":"type-product","3":"status-publish","4":"has-post-thumbnail","6":"product_cat-complements-alimentaires","7":"yith_product_brand-dietaroma","9":"first","10":"instock","11":"sale","12":"shipping-taxable","13":"purchasable","14":"product-type-simple"},"_links":{"self":[{"href":"https:\/\/parapharmacieenligne.ma\/en\/wp-json\/wp\/v2\/product\/3828","targetHints":{"allow":["GET"]}}],"collection":[{"href":"https:\/\/parapharmacieenligne.ma\/en\/wp-json\/wp\/v2\/product"}],"about":[{"href":"https:\/\/parapharmacieenligne.ma\/en\/wp-json\/wp\/v2\/types\/product"}],"replies":[{"embeddable":true,"href":"https:\/\/parapharmacieenligne.ma\/en\/wp-json\/wp\/v2\/comments?post=3828"}],"version-history":[{"count":1,"href":"https:\/\/parapharmacieenligne.ma\/en\/wp-json\/wp\/v2\/product\/3828\/revisions"}],"predecessor-version":[{"id":3913,"href":"https:\/\/parapharmacieenligne.ma\/en\/wp-json\/wp\/v2\/product\/3828\/revisions\/3913"}],"wp:featuredmedia":[{"embeddable":true,"href":"https:\/\/parapharmacieenligne.ma\/en\/wp-json\/wp\/v2\/media\/3912"}],"wp:attachment":[{"href":"https:\/\/parapharmacieenligne.ma\/en\/wp-json\/wp\/v2\/media?parent=3828"}],"wp:term":[{"taxonomy":"product_cat","embeddable":true,"href":"https:\/\/parapharmacieenligne.ma\/en\/wp-json\/wp\/v2\/product_cat?post=3828"},{"taxonomy":"product_tag","embeddable":true,"href":"https:\/\/parapharmacieenligne.ma\/en\/wp-json\/wp\/v2\/product_tag?post=3828"},{"taxonomy":"yith_product_brand","embeddable":true,"href":"https:\/\/parapharmacieenligne.ma\/en\/wp-json\/wp\/v2\/yith_product_brand?post=3828"}],"curies":[{"name":"wp","href":"https:\/\/api.w.org\/{rel}","templated":true}]}}