{"id":3829,"date":"2026-01-25T15:00:34","date_gmt":"2026-01-25T14:00:34","guid":{"rendered":"https:\/\/parapharmacieenligne.ma\/?post_type=product&#038;p=3829"},"modified":"2026-01-25T15:12:58","modified_gmt":"2026-01-25T14:12:58","slug":"dietaroma-6-magnesium-forte-30-comprimes","status":"publish","type":"product","link":"https:\/\/parapharmacieenligne.ma\/en\/product\/dietaroma-6-magnesium-forte-30-comprimes\/","title":{"rendered":"DIETAROMA 6 Magn\u00e9sium Fort\u00e9 30 comprim\u00e9s"},"content":{"rendered":"<p><b>Fatigue passag\u00e8re (physique ou nerveuse), manque d&rsquo;\u00e9nergie, recherche d&rsquo;une meilleure r\u00e9cup\u00e9ration, une synergie de 6 sels de magn\u00e9sium pour une solution efficace : magn\u00e9sium marin, glyc\u00e9rophosphate de magn\u00e9sium, bisglycinate de magn\u00e9sium, gluconate de magn\u00e9sium, citrate de magn\u00e9sium et hydroxyde de magn\u00e9sium. <\/b><\/p>\n<p><strong>Le magn\u00e9sium, la vitamine B6 et la vitamine B2<\/strong> contribuent au fonctionnement normal du syst\u00e8me nerveux et participent \u00e0 la r\u00e9duction de la fatigue.<\/p>\n<p>30 comprim\u00e9s &#8211; 1 comprim\u00e9 par jour pendant 30 jours.<\/p>\n<p>Poids net : 37,3 g<\/p>\n<p><strong>MODE D&rsquo;EMPLOI :<\/strong><\/p>\n<ul>\n<li>1 comprim\u00e9 par jour avec un verre d\u2019eau au moment qui vous convient le mieux. Au besoin, le comprim\u00e9 peut \u00eatre coup\u00e9 en deux pour faciliter la prise.<\/li>\n<\/ul>\n<p><strong>PRECAUTIONS D&rsquo;EMPLOI : <\/strong><\/p>\n<ul>\n<li>Ne pas d\u00e9passer la dose journali\u00e8re recommand\u00e9e.<\/li>\n<li>Ne se substitue pas \u00e0 un r\u00e9gime alimentaire \u00e9quilibr\u00e9 et vari\u00e9 et \u00e0 un mode de vie sain.<\/li>\n<li>Tenir hors de port\u00e9e des enfants.<\/li>\n<li>La consommation de magn\u00e9sium peut avoir des effets laxatifs chez certaines personnes.<\/li>\n<li>Prendre l&rsquo;avis d&rsquo;un professionnel de sant\u00e9 pour les femmes enceintes ou allaitantes.<\/li>\n<li>\u00c0 conserver entre 15 et 25\u00b0C, \u00e0 l&rsquo;abri de la lumi\u00e8re et de l&rsquo;humidit\u00e9.<\/li>\n<\/ul>\n<p>&nbsp;<\/p>","protected":false},"excerpt":{"rendered":"<p>Compl\u00e9ment alimentaire au magn\u00e9sium qui contribue au <strong>fonctionnement normal du syst\u00e8me nerveux.<\/strong><\/p>\n<p>6 sources de magn\u00e9sium\u00b9 + synergie de 3 vitamines<\/p>\n<p>&nbsp;<\/p>","protected":false},"featured_media":3915,"comment_status":"open","ping_status":"closed","template":"","meta":[],"product_cat":[92],"product_tag":[],"yith_product_brand":[93],"class_list":{"0":"post-3829","1":"product","2":"type-product","3":"status-publish","4":"has-post-thumbnail","6":"product_cat-complements-alimentaires","7":"yith_product_brand-dietaroma","9":"first","10":"instock","11":"sale","12":"shipping-taxable","13":"purchasable","14":"product-type-simple"},"_links":{"self":[{"href":"https:\/\/parapharmacieenligne.ma\/en\/wp-json\/wp\/v2\/product\/3829","targetHints":{"allow":["GET"]}}],"collection":[{"href":"https:\/\/parapharmacieenligne.ma\/en\/wp-json\/wp\/v2\/product"}],"about":[{"href":"https:\/\/parapharmacieenligne.ma\/en\/wp-json\/wp\/v2\/types\/product"}],"replies":[{"embeddable":true,"href":"https:\/\/parapharmacieenligne.ma\/en\/wp-json\/wp\/v2\/comments?post=3829"}],"version-history":[{"count":1,"href":"https:\/\/parapharmacieenligne.ma\/en\/wp-json\/wp\/v2\/product\/3829\/revisions"}],"predecessor-version":[{"id":3916,"href":"https:\/\/parapharmacieenligne.ma\/en\/wp-json\/wp\/v2\/product\/3829\/revisions\/3916"}],"wp:featuredmedia":[{"embeddable":true,"href":"https:\/\/parapharmacieenligne.ma\/en\/wp-json\/wp\/v2\/media\/3915"}],"wp:attachment":[{"href":"https:\/\/parapharmacieenligne.ma\/en\/wp-json\/wp\/v2\/media?parent=3829"}],"wp:term":[{"taxonomy":"product_cat","embeddable":true,"href":"https:\/\/parapharmacieenligne.ma\/en\/wp-json\/wp\/v2\/product_cat?post=3829"},{"taxonomy":"product_tag","embeddable":true,"href":"https:\/\/parapharmacieenligne.ma\/en\/wp-json\/wp\/v2\/product_tag?post=3829"},{"taxonomy":"yith_product_brand","embeddable":true,"href":"https:\/\/parapharmacieenligne.ma\/en\/wp-json\/wp\/v2\/yith_product_brand?post=3829"}],"curies":[{"name":"wp","href":"https:\/\/api.w.org\/{rel}","templated":true}]}}