{"id":3830,"date":"2026-01-25T15:00:34","date_gmt":"2026-01-25T14:00:34","guid":{"rendered":"https:\/\/parapharmacieenligne.ma\/?post_type=product&#038;p=3830"},"modified":"2026-03-24T15:10:59","modified_gmt":"2026-03-24T14:10:59","slug":"dietaroma-nocta-melatonine-flash-spray-30ml","status":"publish","type":"product","link":"https:\/\/parapharmacieenligne.ma\/en\/product\/dietaroma-nocta-melatonine-flash-spray-30ml\/","title":{"rendered":"DIETAROMA Nocta + m\u00e9latonine flash (spray) 30ml"},"content":{"rendered":"<p>Une formule efficace pour les difficult\u00e9s d&rsquo;endormissement, le d\u00e9calage horaire, les r\u00e9veils nocturnes et les nuits perturb\u00e9es.<\/p>\n<p>Formul\u00e9 en synergie, le spray Di\u00e9taroma associent une plante, un bourgeon et une huile essentielle pour passer une <strong>bonne nuit de sommeil<\/strong>.<\/p>\n<p>Ainsi on retrouve dans ce spray du bourgeon de tilleul, de l&rsquo;huile essentielle de mandarine, de l&rsquo;eschscholtzia et de la m\u00e9latonine qui contribue \u00e0 <strong>r\u00e9duire le temps d&rsquo;endormissement<\/strong> et \u00e0 <strong>am\u00e9liorer la qualit\u00e9 du sommeil<\/strong>.<\/p>\n<p>Volume net : 30 ml &#8211; 6 sprays par jour pendant 30 jours<\/p>\n<p>Alc. 15%vol<\/p>\n<p style=\"font-weight: 500;\"><b><strong>MODE D&rsquo;EMPLOI<\/strong><\/b> :<\/p>\n<p style=\"font-weight: 500;\">6 pulv\u00e9risations par jour dans la bouche \u00e0 r\u00e9aliser dans la soir\u00e9e en une seule prise.<\/p>\n<p style=\"font-weight: 500;\"><b><strong>M\u00e9latonine\u00b9<\/strong><\/b> : la m\u00e9latonine contribue \u00e0 r\u00e9duire le temps d&rsquo;endormissement. L&rsquo;effet b\u00e9n\u00e9fique est obtenu par la consommation de<b><strong> 1 mg<\/strong><\/b> de m\u00e9latonine avant le coucher. La m\u00e9latonine contribue \u00e0 att\u00e9nuer les effets du d\u00e9calage horaire. L&rsquo;effet b\u00e9n\u00e9fique est obtenu par la consommation d&rsquo;au moins <b><strong>0,5 mg<\/strong><\/b> juste avant le coucher le premier jour du voyage et les quelques jours suivant le jour d&rsquo;arriv\u00e9e \u00e0 destination.<\/p>\n<p style=\"font-weight: 500;\">\u00c0 conserver de pr\u00e9f\u00e9rence \u00e0 une temp\u00e9rature comprise entre 15\u00b0C et 25\u00b0C \u00e0 l&rsquo;abri de la lumi\u00e8re et de l&rsquo;humidit\u00e9.<\/p>\n<p style=\"font-weight: 500;\"><b><strong>PR\u00c9CAUTIONS D&rsquo;EMPLOI :<\/strong><\/b><\/p>\n<ul style=\"font-weight: 500;\">\n<li>Ne pas d\u00e9passer la dose journali\u00e8re recommand\u00e9e.<\/li>\n<li>Ne se substitue pas \u00e0 un r\u00e9gime alimentaire \u00e9quilibr\u00e9 et vari\u00e9 et \u00e0 un mode de vie sain.<\/li>\n<li>Tenir hors de port\u00e9e des enfants.<\/li>\n<li>D\u00e9conseill\u00e9 en cas de grossesse, allaitement.<\/li>\n<li>D\u00e9conseill\u00e9 chez les personnes sous antid\u00e9presseur.<\/li>\n<li>Prendre l&rsquo;attache d&rsquo;un professionnel de sant\u00e9 avant tout usage.<\/li>\n<li>Consultez votre m\u00e9decin en cas de prise simultan\u00e9e de traitement de longue dur\u00e9e ou de maladie chronique.<\/li>\n<li>Limiter \u00e0 un usage ponctuel.<\/li>\n<\/ul>","protected":false},"excerpt":{"rendered":"<p>Ce spray buccal est <strong>pour toute personne rencontrant des difficult\u00e9s \u00e0 l\u2019endormissement, un d\u00e9calage horaire, des r\u00e9veils nocturnes ou des nuits perturb\u00e9es<\/strong>.<\/p>","protected":false},"featured_media":3918,"comment_status":"open","ping_status":"closed","template":"","meta":[],"product_cat":[92],"product_tag":[],"yith_product_brand":[93],"class_list":{"0":"post-3830","1":"product","2":"type-product","3":"status-publish","4":"has-post-thumbnail","6":"product_cat-complements-alimentaires","7":"yith_product_brand-dietaroma","9":"first","10":"instock","11":"sale","12":"shipping-taxable","13":"purchasable","14":"product-type-simple"},"_links":{"self":[{"href":"https:\/\/parapharmacieenligne.ma\/en\/wp-json\/wp\/v2\/product\/3830","targetHints":{"allow":["GET"]}}],"collection":[{"href":"https:\/\/parapharmacieenligne.ma\/en\/wp-json\/wp\/v2\/product"}],"about":[{"href":"https:\/\/parapharmacieenligne.ma\/en\/wp-json\/wp\/v2\/types\/product"}],"replies":[{"embeddable":true,"href":"https:\/\/parapharmacieenligne.ma\/en\/wp-json\/wp\/v2\/comments?post=3830"}],"version-history":[{"count":1,"href":"https:\/\/parapharmacieenligne.ma\/en\/wp-json\/wp\/v2\/product\/3830\/revisions"}],"predecessor-version":[{"id":3919,"href":"https:\/\/parapharmacieenligne.ma\/en\/wp-json\/wp\/v2\/product\/3830\/revisions\/3919"}],"wp:featuredmedia":[{"embeddable":true,"href":"https:\/\/parapharmacieenligne.ma\/en\/wp-json\/wp\/v2\/media\/3918"}],"wp:attachment":[{"href":"https:\/\/parapharmacieenligne.ma\/en\/wp-json\/wp\/v2\/media?parent=3830"}],"wp:term":[{"taxonomy":"product_cat","embeddable":true,"href":"https:\/\/parapharmacieenligne.ma\/en\/wp-json\/wp\/v2\/product_cat?post=3830"},{"taxonomy":"product_tag","embeddable":true,"href":"https:\/\/parapharmacieenligne.ma\/en\/wp-json\/wp\/v2\/product_tag?post=3830"},{"taxonomy":"yith_product_brand","embeddable":true,"href":"https:\/\/parapharmacieenligne.ma\/en\/wp-json\/wp\/v2\/yith_product_brand?post=3830"}],"curies":[{"name":"wp","href":"https:\/\/api.w.org\/{rel}","templated":true}]}}