{"id":3831,"date":"2026-01-25T15:00:35","date_gmt":"2026-01-25T14:00:35","guid":{"rendered":"https:\/\/parapharmacieenligne.ma\/?post_type=product&#038;p=3831"},"modified":"2026-03-24T15:09:33","modified_gmt":"2026-03-24T14:09:33","slug":"dietaroma-memo-viv-capital-memoire-et-concentration-60-comprimes","status":"publish","type":"product","link":"https:\/\/parapharmacieenligne.ma\/en\/product\/dietaroma-memo-viv-capital-memoire-et-concentration-60-comprimes\/","title":{"rendered":"DIETAROMA M\u00c9MO VIV capital m\u00e9moire et concentration 60 comprim\u00e9s"},"content":{"rendered":"<p><strong>Rendez-vous, mots de passe, examens, surcharge de travail\u2026 notre m\u00e9moire est sollicit\u00e9e en permanence.<\/strong><\/p>\n<p>Nous avons s\u00e9lectionn\u00e9 et associ\u00e9 <strong>les vertus de plusieurs plantes aux actifs titr\u00e9s et des vitamines &amp; min\u00e9raux essentiels :<\/strong><\/p>\n<ul>\n<li><strong>Le Bacopa, Gingko et le Guarana<\/strong> contribuent au <strong>maintien des performances intellectuelles de la m\u00e9moire<\/strong>.<\/li>\n<li><strong>Le th\u00e9 vert, <\/strong>choisi pour son <strong>action anti-oxydante<\/strong>.<\/li>\n<li><strong>La vitamine B5<\/strong> contribue \u00e0 des <strong>performances intellectuelles<\/strong> normales.<\/li>\n<li><strong>L<\/strong><strong>e s\u00e9l\u00e9nium<\/strong> compl\u00e8te cette formule.<\/li>\n<\/ul>\n<p>60 comprim\u00e9s &#8211; 2 comprim\u00e9s par jour pendant 30 jours<\/p>\n<p>Poids net : 45 g<\/p>\n<p><strong>MODE D\u2019EMPLOI :<\/strong><\/p>\n<ul>\n<li>2 comprim\u00e9s \u00e0 prendre le matin, avec un grand verre d\u2019eau, pendant 1 mois.<\/li>\n<li>La prise est d\u00e9conseill\u00e9e en dehors des repas.<\/li>\n<\/ul>\n<p><strong>Compl\u00e9ments alimentaires<\/strong> &#8211; contient de la caf\u00e9ine (15 mg par portion journali\u00e8re), ne pas consommer chez la femme enceinte et allaitante.<\/p>\n<p><strong>PR\u00c9CAUTIONS D\u2019EMPLOI :<\/strong><\/p>\n<ul>\n<li>Ne pas d\u00e9passer la dose journali\u00e8re recommand\u00e9e.<\/li>\n<li>Ne se substitue pas \u00e0 un r\u00e9gime alimentaire \u00e9quilibr\u00e9, vari\u00e9 et diversifi\u00e9 et \u00e0 un mode de vie sain.<\/li>\n<li>Tenir hors de port\u00e9e des enfants.<\/li>\n<li>Consulter votre m\u00e9decin en cas de prise simultan\u00e9e d\u2019anticoagulants.<\/li>\n<li>Contre-indiqu\u00e9 dans le cas d\u2019hypertension.<\/li>\n<li>Consulter votre m\u00e9decin ou votre pharmacien en cas d&rsquo;usage concomitant de traitement contre le diab\u00e8te.<\/li>\n<li>Ne pas utiliser pendant la grossesse et l&rsquo;allaitement.<\/li>\n<li>Une consommation journali\u00e8re \u00e9gale ou sup\u00e9rieure \u00e0 800 mg d&rsquo;EGCG est d\u00e9conseill\u00e9e. Le produit en apporte 4 mg par dose journali\u00e8re.<\/li>\n<li>Ne doit pas \u00eatre consomm\u00e9 si vous prenez le m\u00eame jour d&rsquo;autres produits contenant du th\u00e9 vert.<\/li>\n<li>Ne doit pas \u00eatre consomm\u00e9 par les personnes de moins de 18 ans.<\/li>\n<li>Ne doit pas \u00eatre consomm\u00e9 \u00e0 jeun.<\/li>\n<\/ul>","protected":false},"excerpt":{"rendered":"<p>Compl\u00e9ment alimentaire au bacopa et au ginkgo.<\/p>\n<p><strong>Rendez-vous, mots de passe, examens, surcharge de travail\u2026 notre m\u00e9moire est sollicit\u00e9e en permanence.<\/strong><\/p>","protected":false},"featured_media":3921,"comment_status":"open","ping_status":"closed","template":"","meta":[],"product_cat":[92],"product_tag":[],"yith_product_brand":[93],"class_list":{"0":"post-3831","1":"product","2":"type-product","3":"status-publish","4":"has-post-thumbnail","6":"product_cat-complements-alimentaires","7":"yith_product_brand-dietaroma","9":"first","10":"instock","11":"sale","12":"shipping-taxable","13":"purchasable","14":"product-type-simple"},"_links":{"self":[{"href":"https:\/\/parapharmacieenligne.ma\/en\/wp-json\/wp\/v2\/product\/3831","targetHints":{"allow":["GET"]}}],"collection":[{"href":"https:\/\/parapharmacieenligne.ma\/en\/wp-json\/wp\/v2\/product"}],"about":[{"href":"https:\/\/parapharmacieenligne.ma\/en\/wp-json\/wp\/v2\/types\/product"}],"replies":[{"embeddable":true,"href":"https:\/\/parapharmacieenligne.ma\/en\/wp-json\/wp\/v2\/comments?post=3831"}],"version-history":[{"count":1,"href":"https:\/\/parapharmacieenligne.ma\/en\/wp-json\/wp\/v2\/product\/3831\/revisions"}],"predecessor-version":[{"id":3922,"href":"https:\/\/parapharmacieenligne.ma\/en\/wp-json\/wp\/v2\/product\/3831\/revisions\/3922"}],"wp:featuredmedia":[{"embeddable":true,"href":"https:\/\/parapharmacieenligne.ma\/en\/wp-json\/wp\/v2\/media\/3921"}],"wp:attachment":[{"href":"https:\/\/parapharmacieenligne.ma\/en\/wp-json\/wp\/v2\/media?parent=3831"}],"wp:term":[{"taxonomy":"product_cat","embeddable":true,"href":"https:\/\/parapharmacieenligne.ma\/en\/wp-json\/wp\/v2\/product_cat?post=3831"},{"taxonomy":"product_tag","embeddable":true,"href":"https:\/\/parapharmacieenligne.ma\/en\/wp-json\/wp\/v2\/product_tag?post=3831"},{"taxonomy":"yith_product_brand","embeddable":true,"href":"https:\/\/parapharmacieenligne.ma\/en\/wp-json\/wp\/v2\/yith_product_brand?post=3831"}],"curies":[{"name":"wp","href":"https:\/\/api.w.org\/{rel}","templated":true}]}}