{"id":3832,"date":"2026-01-25T15:00:35","date_gmt":"2026-01-25T14:00:35","guid":{"rendered":"https:\/\/parapharmacieenligne.ma\/?post_type=product&#038;p=3832"},"modified":"2026-03-24T15:09:56","modified_gmt":"2026-03-24T14:09:56","slug":"dietaroma-merveilles-de-la-ruche-bio-20ml","status":"publish","type":"product","link":"https:\/\/parapharmacieenligne.ma\/en\/product\/dietaroma-merveilles-de-la-ruche-bio-20ml\/","title":{"rendered":"DIETAROMA Merveilles de la ruche BIO 20ml"},"content":{"rendered":"<p>Nous avons rigoureusement s\u00e9lectionn\u00e9 pour vous des ingr\u00e9dients nobles de la ruche :<\/p>\n<ul>\n<li><strong>La gel\u00e9e royale bio<\/strong>, v\u00e9ritable tr\u00e9sor de la ruche. Sa richesse lui donne la sp\u00e9cificit\u00e9 d&rsquo;\u00eatre r\u00e9serv\u00e9e uniquement \u00e0 la Reine ce qui lui conf\u00e8re une long\u00e9vit\u00e9 et une<\/li>\n<li>f\u00e9condit\u00e9 exceptionnelles.<\/li>\n<li><strong>La propolis bio<\/strong>, complexe unique fabriqu\u00e9 par les abeilles.<\/li>\n<li><strong>Le pollen bio, <\/strong>r\u00e9colt\u00e9 sur les \u00e9tamines des fleurs par les abeilles butineuses contribue \u00e0 une bonne vitalit\u00e9 et \u00e0 tonifier l\u2019organisme.<\/li>\n<li><strong>Le miel bio,<\/strong> fabriqu\u00e9 par les abeilles \u00e0 partir du nectar des fleurs.<\/li>\n<\/ul>\n<p><strong>Tra\u00e7abilit\u00e9 fili\u00e8re<\/strong> : Notre gel\u00e9e royale est issue d&rsquo;une fili\u00e8re ma\u00eetris\u00e9e dans un lieu de r\u00e9colte pr\u00e9serv\u00e9 et prot\u00e9g\u00e9, de qualit\u00e9 de type 1.<\/p>\n<p>20 ampoules de 15 ml &#8211; Volume net : 300 ml<\/p>\n<p>20 ampoules pendant 20 jours. 1 ampoule par jour.<\/p>\n<p><strong>MODE D\u2019EMPLOI :<\/strong><\/p>\n<ul>\n<li>Agiter l\u2019ampoule avant son ouverture.<\/li>\n<li>1 ampoule par jour : \u00e0 prendre le matin dilu\u00e9e dans un grand verre d\u2019eau.<\/li>\n<li>1 ampoule par jour pendant 20 jours, renouvelable.<\/li>\n<li>A renouveler \u00e0 chaque changement de saison ou quand le besoin s\u2019en fait sentir.<\/li>\n<li>Compte tenu du c\u00f4t\u00e9 enti\u00e8rement naturel du produit, un d\u00e9p\u00f4t est possible. Il ne nuit en rien \u00e0 la qualit\u00e9 du produit.<\/li>\n<\/ul>\n<p><strong>PR\u00c9CAUTIONS D&rsquo;EMPLOI :<\/strong><\/p>\n<ul>\n<li>D\u00e9conseill\u00e9 aux personnes allergiques aux produits de la ruche, et aux personnes allergiques aux gramin\u00e9es.<\/li>\n<li>Ne pas d\u00e9passer la dose journali\u00e8re recommand\u00e9e.<\/li>\n<li>Ce compl\u00e9ment alimentaire doit \u00eatre utilis\u00e9 dans le cadre d\u2019une alimentation vari\u00e9e, \u00e9quilibr\u00e9e et d\u2019un mode de vie sain.<\/li>\n<li>Tenir hors de port\u00e9e des enfants.<\/li>\n<li>\u00c0 conserver \u00e0 l\u2019abri de la lumi\u00e8re et de la chaleur.<\/li>\n<\/ul>\n<p>&nbsp;<\/p>","protected":false},"excerpt":{"rendered":"<p>La gel\u00e9e royale et le pollen aident au maintien des <strong>d\u00e9fenses immunitaires<\/strong>.<\/p>\n<p>Le pollen contribue \u00e0 une bonne <strong>vitalit\u00e9<\/strong> et \u00e0 <strong>tonifier l&rsquo;organism<\/strong>e.<\/p>","protected":false},"featured_media":3928,"comment_status":"open","ping_status":"closed","template":"","meta":[],"product_cat":[92],"product_tag":[],"yith_product_brand":[93],"class_list":{"0":"post-3832","1":"product","2":"type-product","3":"status-publish","4":"has-post-thumbnail","6":"product_cat-complements-alimentaires","7":"yith_product_brand-dietaroma","9":"first","10":"instock","11":"sale","12":"shipping-taxable","13":"purchasable","14":"product-type-simple"},"_links":{"self":[{"href":"https:\/\/parapharmacieenligne.ma\/en\/wp-json\/wp\/v2\/product\/3832","targetHints":{"allow":["GET"]}}],"collection":[{"href":"https:\/\/parapharmacieenligne.ma\/en\/wp-json\/wp\/v2\/product"}],"about":[{"href":"https:\/\/parapharmacieenligne.ma\/en\/wp-json\/wp\/v2\/types\/product"}],"replies":[{"embeddable":true,"href":"https:\/\/parapharmacieenligne.ma\/en\/wp-json\/wp\/v2\/comments?post=3832"}],"version-history":[{"count":1,"href":"https:\/\/parapharmacieenligne.ma\/en\/wp-json\/wp\/v2\/product\/3832\/revisions"}],"predecessor-version":[{"id":3929,"href":"https:\/\/parapharmacieenligne.ma\/en\/wp-json\/wp\/v2\/product\/3832\/revisions\/3929"}],"wp:featuredmedia":[{"embeddable":true,"href":"https:\/\/parapharmacieenligne.ma\/en\/wp-json\/wp\/v2\/media\/3928"}],"wp:attachment":[{"href":"https:\/\/parapharmacieenligne.ma\/en\/wp-json\/wp\/v2\/media?parent=3832"}],"wp:term":[{"taxonomy":"product_cat","embeddable":true,"href":"https:\/\/parapharmacieenligne.ma\/en\/wp-json\/wp\/v2\/product_cat?post=3832"},{"taxonomy":"product_tag","embeddable":true,"href":"https:\/\/parapharmacieenligne.ma\/en\/wp-json\/wp\/v2\/product_tag?post=3832"},{"taxonomy":"yith_product_brand","embeddable":true,"href":"https:\/\/parapharmacieenligne.ma\/en\/wp-json\/wp\/v2\/yith_product_brand?post=3832"}],"curies":[{"name":"wp","href":"https:\/\/api.w.org\/{rel}","templated":true}]}}