{"id":3833,"date":"2026-01-25T15:00:36","date_gmt":"2026-01-25T14:00:36","guid":{"rendered":"https:\/\/parapharmacieenligne.ma\/?post_type=product&#038;p=3833"},"modified":"2026-03-24T15:09:15","modified_gmt":"2026-03-24T14:09:15","slug":"dietaroma-mix-b12-vegan-60-comprimes","status":"publish","type":"product","link":"https:\/\/parapharmacieenligne.ma\/en\/product\/dietaroma-mix-b12-vegan-60-comprimes\/","title":{"rendered":"DIETAROMA MIX B12 VEGAN 60 comprim\u00e9s"},"content":{"rendered":"<p><strong>Vous suivez un r\u00e9gime v\u00e9g\u00e9tarien ou v\u00e9g\u00e9talien<\/strong> ? N&rsquo;oubliez pas de vous suppl\u00e9menter en <strong>vitamines<\/strong> (<strong>B12 + D3 + C<\/strong>) et <strong>min\u00e9raux<\/strong> <strong>(Fer + Calcium<\/strong>).<\/p>\n<p>G\u00e9n\u00e9ralement, ces vitamines et min\u00e9raux sont pr\u00e9sents dans les produits d&rsquo;origine animal (hormis pour la vitamine C), ils sont n\u00e9cessaires au fonctionnement de l&rsquo;organisme.<\/p>\n<p>Ces apports sont \u00e9galement adapt\u00e9s pour toute la population adulte.<\/p>\n<ul>\n<li><strong>La vitamine B12<\/strong> contribue \u00e0 des<strong> fonctions psychologiques normales<\/strong>, \u00e0 un <strong>fonctionnement normal du syst\u00e8me immunitaire, du syst\u00e8me nerveux, \u00e0 r\u00e9duire la fatigue.<\/strong><\/li>\n<li><strong>La vitamine D<\/strong> contribue au fonctionnement <strong>normal du syst\u00e8me immunitaire<\/strong>.<\/li>\n<li><strong>La vitamine C<\/strong> contribue \u00e0 <strong>r\u00e9duire la fatigue<\/strong> et <strong>augmente l\u2019absorption de fer<\/strong>.<\/li>\n<li><strong>Le fer<\/strong> aide \u00e0 <strong>r\u00e9duire la fatigue<\/strong> et contribue <strong>au fonctionnement normal du syst\u00e8me immunitaire<\/strong> et contribue \u00e0 <strong>une fonction cognitive normale<\/strong>.<\/li>\n<li><strong>Le calcium<\/strong> est n\u00e9cessaire au <strong>maintien d\u2019une ossature normale<\/strong>.<\/li>\n<\/ul>\n<p>60 comprim\u00e9s &#8211; 2 comprim\u00e9s par jour pendant 30 jours.<\/p>\n<p>Poids net 43.5g<\/p>\n<p><strong>MODE D\u2019EMPLOI :<\/strong> Prendre 2 comprim\u00e9s par jour avec un grand verre d\u2019eau, de pr\u00e9f\u00e9rence au moment des repas.<\/p>\n<p><strong>PR\u00c9CAUTIONS D&rsquo;EMPLOI :<\/strong><\/p>\n<ul>\n<li>Ne pas d\u00e9passer la dose journali\u00e8re recommand\u00e9e.<\/li>\n<li>Ne se substitue pas \u00e0 un r\u00e9gime alimentaire vari\u00e9, diversifi\u00e9 et \u00e9quilibr\u00e9, et \u00e0 un mode de vie sain.<\/li>\n<li>R\u00e9serv\u00e9 \u00e0 l&rsquo;adulte.<\/li>\n<li>Tenir hors de port\u00e9e des enfants.<\/li>\n<li>Les femmes enceintes ou allaitantes sont invit\u00e9es \u00e0 prendre l&rsquo;attache d&rsquo;un professionnel de sant\u00e9 avant toute compl\u00e9mentation.<\/li>\n<\/ul>\n<p>&nbsp;<\/p>\n<p>\u00c0 conserver \u00e0 une temp\u00e9rature comprise entre 15\u00b0C et 25\u00b0C, \u00e0 l&rsquo;abri de la lumi\u00e8re et l&rsquo;humidit\u00e9.<\/p>\n<p>\u00c0 consommer de pr\u00e9f\u00e9rence avant et N\u00b0 de lot : voir sur la bo\u00eete.<\/p>","protected":false},"excerpt":{"rendered":"<p><strong>Vous suivez un r\u00e9gime v\u00e9g\u00e9tarien ou v\u00e9g\u00e9talien<\/strong> ?<\/p>\n<p>N&rsquo;oubliez pas de vous suppl\u00e9menter en <strong>vitamines<\/strong> (<strong>B12 + D3 + C<\/strong>) et <strong>min\u00e9raux<\/strong> <strong>(Fer + Calcium<\/strong>).<\/p>","protected":false},"featured_media":3931,"comment_status":"open","ping_status":"closed","template":"","meta":[],"product_cat":[92],"product_tag":[],"yith_product_brand":[93],"class_list":{"0":"post-3833","1":"product","2":"type-product","3":"status-publish","4":"has-post-thumbnail","6":"product_cat-complements-alimentaires","7":"yith_product_brand-dietaroma","9":"first","10":"instock","11":"sale","12":"shipping-taxable","13":"purchasable","14":"product-type-simple"},"_links":{"self":[{"href":"https:\/\/parapharmacieenligne.ma\/en\/wp-json\/wp\/v2\/product\/3833","targetHints":{"allow":["GET"]}}],"collection":[{"href":"https:\/\/parapharmacieenligne.ma\/en\/wp-json\/wp\/v2\/product"}],"about":[{"href":"https:\/\/parapharmacieenligne.ma\/en\/wp-json\/wp\/v2\/types\/product"}],"replies":[{"embeddable":true,"href":"https:\/\/parapharmacieenligne.ma\/en\/wp-json\/wp\/v2\/comments?post=3833"}],"version-history":[{"count":1,"href":"https:\/\/parapharmacieenligne.ma\/en\/wp-json\/wp\/v2\/product\/3833\/revisions"}],"predecessor-version":[{"id":3932,"href":"https:\/\/parapharmacieenligne.ma\/en\/wp-json\/wp\/v2\/product\/3833\/revisions\/3932"}],"wp:featuredmedia":[{"embeddable":true,"href":"https:\/\/parapharmacieenligne.ma\/en\/wp-json\/wp\/v2\/media\/3931"}],"wp:attachment":[{"href":"https:\/\/parapharmacieenligne.ma\/en\/wp-json\/wp\/v2\/media?parent=3833"}],"wp:term":[{"taxonomy":"product_cat","embeddable":true,"href":"https:\/\/parapharmacieenligne.ma\/en\/wp-json\/wp\/v2\/product_cat?post=3833"},{"taxonomy":"product_tag","embeddable":true,"href":"https:\/\/parapharmacieenligne.ma\/en\/wp-json\/wp\/v2\/product_tag?post=3833"},{"taxonomy":"yith_product_brand","embeddable":true,"href":"https:\/\/parapharmacieenligne.ma\/en\/wp-json\/wp\/v2\/yith_product_brand?post=3833"}],"curies":[{"name":"wp","href":"https:\/\/api.w.org\/{rel}","templated":true}]}}